{"id":1163,"date":"2016-08-29T13:50:33","date_gmt":"2016-08-29T11:50:33","guid":{"rendered":"http:\/\/wordpress.cc-stiftung.de\/?page_id=1163"},"modified":"2016-10-19T10:46:25","modified_gmt":"2016-10-19T08:46:25","slug":"bildnachweise","status":"publish","type":"page","link":"https:\/\/www.cc-stiftung.de\/index.php\/bildnachweise\/","title":{"rendered":"Bildnachweise"},"content":{"rendered":"<p>Abgesehen von den unten aufgelisteten Bildern, sind alle Bilder auf dieser Webseite das Eigentum der Checkpoint Charlie Stiftung und\/oder der abgebildeten Person. Sie d\u00fcrfen ohne die schriftliche Zustimmung der Checkpoint Charlie Stiftung nicht verbreitet, vervielf\u00e4ltigt oder verarbeitet werden. Wir stehen Ihnen f\u00fcr Fragen zur N\u00fctzung der Bilder <a href=\"http:\/\/wordpress.cc-stiftung.de\/index.php\/de\/kontakt\/\">zur Verf\u00fcgung.<\/a><\/p>\n<p>Die folgenden Bilder werden zwar auf dieser Webseite verwendet, sind jedoch NICHT das Eigentum der Checkpoint Charlie Stiftung. Sie sind gemeinfrei oder wurden unter einem Creative-Commons-Lizenz ver\u00f6ffentlicht. Sollten Sie jedoch der Auffassung sein, dass eins dieser Fotos Ihnen geh\u00f6rt, bitten wir Sie, sich mit uns in Verbindung zu setzen.<\/p>\n<p>&nbsp;<\/p>\n<div class=\"mceTemp\"><\/div>\n<div id=\"attachment_216\" style=\"width: 517px\" class=\"wp-caption alignnone\"><a href=\"http:\/\/wordpress.cc-stiftung.de\/wp-content\/uploads\/2016\/08\/Museumsinsel.jpg\"><img loading=\"lazy\" decoding=\"async\" aria-describedby=\"caption-attachment-216\" class=\"wp-image-216\" src=\"http:\/\/wordpress.cc-stiftung.de\/wp-content\/uploads\/2016\/08\/Museumsinsel-1024x395.jpg\" alt=\"Bode_Museum sdf_Monbijoubr\u00fccke By Pedelecs by Wikivoyage and Wikipedia, CC BY-SA 3.0, https:\/\/commons.wikimedia.org\/w\/index.php?curid=22639853 \" width=\"507\" height=\"196\" srcset=\"https:\/\/www.cc-stiftung.de\/wordpress\/wp-content\/uploads\/2016\/08\/Museumsinsel-1024x395.jpg 1024w, https:\/\/www.cc-stiftung.de\/wordpress\/wp-content\/uploads\/2016\/08\/Museumsinsel-300x116.jpg 300w, https:\/\/www.cc-stiftung.de\/wordpress\/wp-content\/uploads\/2016\/08\/Museumsinsel-768x296.jpg 768w\" sizes=\"auto, (max-width: 507px) 100vw, 507px\" \/><\/a><p id=\"caption-attachment-216\" class=\"wp-caption-text\">Bode_Museum sdf_Monbijoubr\u00fccke von Pedelecs by Wikivoyage and Wikipedia, Unter Creative-Commons-Lizenz zur Verf\u00fcgung gestellt. CC-BY-SA 3.0, https:\/\/commons.wikimedia.org\/w\/index.php?curid=22639853<\/p><\/div>\n<p>&nbsp;<\/p>\n<div class=\"mceTemp\"><\/div>\n<div id=\"attachment_213\" style=\"width: 514px\" class=\"wp-caption alignnone\"><img loading=\"lazy\" decoding=\"async\" aria-describedby=\"caption-attachment-213\" class=\"wp-image-213\" src=\"http:\/\/wordpress.cc-stiftung.de\/wp-content\/uploads\/2016\/08\/Rosinenbomber-1024x256.jpg\" alt=\"C-54 Skymaster at Tempelhof\" width=\"504\" height=\"126\" srcset=\"https:\/\/www.cc-stiftung.de\/wordpress\/wp-content\/uploads\/2016\/08\/Rosinenbomber-1024x256.jpg 1024w, https:\/\/www.cc-stiftung.de\/wordpress\/wp-content\/uploads\/2016\/08\/Rosinenbomber-300x75.jpg 300w, https:\/\/www.cc-stiftung.de\/wordpress\/wp-content\/uploads\/2016\/08\/Rosinenbomber-768x192.jpg 768w, https:\/\/www.cc-stiftung.de\/wordpress\/wp-content\/uploads\/2016\/08\/Rosinenbomber.jpg 1597w\" sizes=\"auto, (max-width: 504px) 100vw, 504px\" \/><p id=\"caption-attachment-213\" class=\"wp-caption-text\">C 54 Skymaster at Tempelhof. Von AlfvanBeem &#8211; , CC0, https:\/\/commons.wikimedia.org\/w\/index.php?curid=18716906. Vom Fotografen f\u00fcr gemeinfrei erkl\u00e4rt.<\/p><\/div>\n<p>&nbsp;<\/p>\n<div id=\"attachment_2008\" style=\"width: 393px\" class=\"wp-caption alignnone\"><img loading=\"lazy\" decoding=\"async\" aria-describedby=\"caption-attachment-2008\" class=\"wp-image-2008\" src=\"https:\/\/www.cc-stiftung.de\/wordpress\/wp-content\/uploads\/2016\/08\/Berlin-Skyline.jpg\" alt=\"Berlin Skyline\" width=\"383\" height=\"287\" srcset=\"https:\/\/www.cc-stiftung.de\/wordpress\/wp-content\/uploads\/2016\/08\/Berlin-Skyline.jpg 800w, https:\/\/www.cc-stiftung.de\/wordpress\/wp-content\/uploads\/2016\/08\/Berlin-Skyline-300x225.jpg 300w, https:\/\/www.cc-stiftung.de\/wordpress\/wp-content\/uploads\/2016\/08\/Berlin-Skyline-768x576.jpg 768w\" sizes=\"auto, (max-width: 383px) 100vw, 383px\" \/><p id=\"caption-attachment-2008\" class=\"wp-caption-text\"><a href=\"https:\/\/commons.wikimedia.org\/wiki\/File:Berlin_Skyline--_Stra%C3%9Fe_des_17._Juni.jpg\">Berlin Skyline&#8211; Stra\u00dfe des 17. Juni.jpg <\/a>von <a href=\"http:\/\/www.flickr.com\/people\/17423713@N03\">Daniel Foster<\/a>. <a href=\"https:\/\/en.wikipedia.org\/wiki\/en:Creative_Commons\">Creative Commons<\/a> <a href=\"https:\/\/creativecommons.org\/licenses\/by-sa\/2.0\/deed.en\">Attribution-Share Alike 2.0 Generic Lizenz.<\/a> Dieses Bild wurde \u00fcberarbietet: ein Text wurde dazugef\u00fcgt und das Bild wurde zugeschnitten.<\/p><\/div>\n<p>&nbsp;<\/p>\n<div id=\"attachment_218\" style=\"width: 347px\" class=\"wp-caption alignnone\"><a href=\"http:\/\/wordpress.cc-stiftung.de\/wp-content\/uploads\/2016\/08\/BrandenburgerTorPubDomain.jpg\"><img loading=\"lazy\" decoding=\"async\" aria-describedby=\"caption-attachment-218\" class=\"wp-image-218\" src=\"http:\/\/wordpress.cc-stiftung.de\/wp-content\/uploads\/2016\/08\/BrandenburgerTorPubDomain-1024x768.jpg\" alt=\"from www.goodfreephotos.com. Public Domain.\" width=\"337\" height=\"253\" srcset=\"https:\/\/www.cc-stiftung.de\/wordpress\/wp-content\/uploads\/2016\/08\/BrandenburgerTorPubDomain-1024x768.jpg 1024w, https:\/\/www.cc-stiftung.de\/wordpress\/wp-content\/uploads\/2016\/08\/BrandenburgerTorPubDomain-300x225.jpg 300w, https:\/\/www.cc-stiftung.de\/wordpress\/wp-content\/uploads\/2016\/08\/BrandenburgerTorPubDomain-768x576.jpg 768w\" sizes=\"auto, (max-width: 337px) 100vw, 337px\" \/><\/a><p id=\"caption-attachment-218\" class=\"wp-caption-text\">von www.goodfreephotos.com. Gemeinfrei.<\/p><\/div>\n<div id=\"attachment_212\" style=\"width: 508px\" class=\"wp-caption alignnone\"><a href=\"http:\/\/wordpress.cc-stiftung.de\/wp-content\/uploads\/2016\/08\/LosAngelesbeinachtPubDomain.jpg\"><img loading=\"lazy\" decoding=\"async\" aria-describedby=\"caption-attachment-212\" class=\"wp-image-212\" src=\"http:\/\/wordpress.cc-stiftung.de\/wp-content\/uploads\/2016\/08\/LosAngelesbeinachtPubDomain-1024x258.jpg\" alt=\"von www.goodfreephotos.com. Gemeinfrei.\" width=\"498\" height=\"126\" srcset=\"https:\/\/www.cc-stiftung.de\/wordpress\/wp-content\/uploads\/2016\/08\/LosAngelesbeinachtPubDomain-1024x258.jpg 1024w, https:\/\/www.cc-stiftung.de\/wordpress\/wp-content\/uploads\/2016\/08\/LosAngelesbeinachtPubDomain-300x76.jpg 300w, https:\/\/www.cc-stiftung.de\/wordpress\/wp-content\/uploads\/2016\/08\/LosAngelesbeinachtPubDomain-768x194.jpg 768w\" sizes=\"auto, (max-width: 498px) 100vw, 498px\" \/><\/a><p id=\"caption-attachment-212\" class=\"wp-caption-text\">von www.goodfreephotos.com. Gemeinfrei.<\/p><\/div>\n<div id=\"attachment_215\" style=\"width: 508px\" class=\"wp-caption alignnone\"><a href=\"http:\/\/wordpress.cc-stiftung.de\/wp-content\/uploads\/2016\/08\/VeniceBeachPubDomain.jpg\"><img loading=\"lazy\" decoding=\"async\" aria-describedby=\"caption-attachment-215\" class=\"wp-image-215\" src=\"http:\/\/wordpress.cc-stiftung.de\/wp-content\/uploads\/2016\/08\/VeniceBeachPubDomain-1024x261.jpg\" alt=\"von www.goodfreephotos.com. Gemeinfrei.\" width=\"498\" height=\"127\" srcset=\"https:\/\/www.cc-stiftung.de\/wordpress\/wp-content\/uploads\/2016\/08\/VeniceBeachPubDomain-1024x261.jpg 1024w, https:\/\/www.cc-stiftung.de\/wordpress\/wp-content\/uploads\/2016\/08\/VeniceBeachPubDomain-300x77.jpg 300w, https:\/\/www.cc-stiftung.de\/wordpress\/wp-content\/uploads\/2016\/08\/VeniceBeachPubDomain-768x196.jpg 768w, https:\/\/www.cc-stiftung.de\/wordpress\/wp-content\/uploads\/2016\/08\/VeniceBeachPubDomain.jpg 1600w\" sizes=\"auto, (max-width: 498px) 100vw, 498px\" \/><\/a><p id=\"caption-attachment-215\" class=\"wp-caption-text\">von www.goodfreephotos.com. Gemeinfrei.<\/p><\/div>\n<div id=\"attachment_210\" style=\"width: 510px\" class=\"wp-caption alignnone\"><a href=\"http:\/\/wordpress.cc-stiftung.de\/wp-content\/uploads\/2016\/08\/GoldenGatePubDomain.jpg\"><img loading=\"lazy\" decoding=\"async\" aria-describedby=\"caption-attachment-210\" class=\"wp-image-210\" src=\"http:\/\/wordpress.cc-stiftung.de\/wp-content\/uploads\/2016\/08\/GoldenGatePubDomain-1024x256.jpg\" alt=\"von www.goodfreephotos.com. Gemeinfrei.\" width=\"500\" height=\"125\" srcset=\"https:\/\/www.cc-stiftung.de\/wordpress\/wp-content\/uploads\/2016\/08\/GoldenGatePubDomain-1024x256.jpg 1024w, https:\/\/www.cc-stiftung.de\/wordpress\/wp-content\/uploads\/2016\/08\/GoldenGatePubDomain-300x75.jpg 300w, https:\/\/www.cc-stiftung.de\/wordpress\/wp-content\/uploads\/2016\/08\/GoldenGatePubDomain-768x192.jpg 768w\" sizes=\"auto, (max-width: 500px) 100vw, 500px\" \/><\/a><p id=\"caption-attachment-210\" class=\"wp-caption-text\">von www.goodfreephotos.com. Gemeinfrei.<\/p><\/div>\n","protected":false},"excerpt":{"rendered":"<p>Abgesehen von den unten aufgelisteten Bildern, sind alle Bilder auf dieser Webseite das Eigentum der Checkpoint Charlie Stiftung und\/oder der abgebildeten Person. Sie d\u00fcrfen ohne die schriftliche Zustimmung der Checkpoint <a class=\"more-link\" href=\"https:\/\/www.cc-stiftung.de\/index.php\/bildnachweise\/\">Weiterlesen \u2192<\/a><\/p>\n","protected":false},"author":1,"featured_media":0,"parent":0,"menu_order":0,"comment_status":"closed","ping_status":"closed","template":"","meta":{"footnotes":""},"class_list":["post-1163","page","type-page","status-publish","hentry"],"_links":{"self":[{"href":"https:\/\/www.cc-stiftung.de\/index.php\/wp-json\/wp\/v2\/pages\/1163","targetHints":{"allow":["GET"]}}],"collection":[{"href":"https:\/\/www.cc-stiftung.de\/index.php\/wp-json\/wp\/v2\/pages"}],"about":[{"href":"https:\/\/www.cc-stiftung.de\/index.php\/wp-json\/wp\/v2\/types\/page"}],"author":[{"embeddable":true,"href":"https:\/\/www.cc-stiftung.de\/index.php\/wp-json\/wp\/v2\/users\/1"}],"replies":[{"embeddable":true,"href":"https:\/\/www.cc-stiftung.de\/index.php\/wp-json\/wp\/v2\/comments?post=1163"}],"version-history":[{"count":10,"href":"https:\/\/www.cc-stiftung.de\/index.php\/wp-json\/wp\/v2\/pages\/1163\/revisions"}],"predecessor-version":[{"id":2012,"href":"https:\/\/www.cc-stiftung.de\/index.php\/wp-json\/wp\/v2\/pages\/1163\/revisions\/2012"}],"wp:attachment":[{"href":"https:\/\/www.cc-stiftung.de\/index.php\/wp-json\/wp\/v2\/media?parent=1163"}],"curies":[{"name":"wp","href":"https:\/\/api.w.org\/{rel}","templated":true}]}}