{"id":1827,"date":"2016-10-13T14:03:29","date_gmt":"2016-10-13T12:03:29","guid":{"rendered":"http:\/\/www.cc-stiftung.de\/?page_id=1827"},"modified":"2020-12-02T13:50:30","modified_gmt":"2020-12-02T12:50:30","slug":"gastfamilien","status":"publish","type":"page","link":"https:\/\/www.cc-stiftung.de\/index.php\/gastfamilien\/","title":{"rendered":"Wir suchen Gastfamilien"},"content":{"rendered":"<div id=\"attachment_1179\" style=\"width: 431px\" class=\"wp-caption alignright\"><img loading=\"lazy\" decoding=\"async\" aria-describedby=\"caption-attachment-1179\" class=\"wp-image-1179\" src=\"http:\/\/wordpress.cc-stiftung.de\/wp-content\/uploads\/2016\/08\/P1070913-1024x768.jpg\" alt=\"City of Berlin Stipendiatin Brigitte Sykes mit ihren Gasteltern\" width=\"421\" height=\"316\" srcset=\"https:\/\/www.cc-stiftung.de\/wordpress\/wp-content\/uploads\/2016\/08\/P1070913-1024x768.jpg 1024w, https:\/\/www.cc-stiftung.de\/wordpress\/wp-content\/uploads\/2016\/08\/P1070913-300x225.jpg 300w, https:\/\/www.cc-stiftung.de\/wordpress\/wp-content\/uploads\/2016\/08\/P1070913-768x576.jpg 768w\" sizes=\"auto, (max-width: 421px) 100vw, 421px\" \/><p id=\"caption-attachment-1179\" class=\"wp-caption-text\">City of Berlin Stipendiatin Brigitte Sykes mit ihren Gasteltern<\/p><\/div>\n<p>F\u00fcr unsere amerikanischen Programmteilnehmer\/innen suchen wir immer wieder freundliche, aufgeschlossene und an anderen Kulturen interessierte Gastfamilien \/ Gastgeber.<\/p>\n<p>Unsere G\u00e4ste sind vorrangig junge Menschen die an den von der Stiftung organisierten \/ unterst\u00fctzten Programmen teilnehmen. Sie kommen nach Berlin, um ihre Deutsch-Kenntnisse zu verbessern oder Deutsch zu lernen und das Flair unserer Stadt zu erleben. Alle nehmen an einem von der Stiftung organisierten Sprachschulprogramm teil und die \u00e4lteren unter ihnen absolvieren an einzelnen Tagen ein Praktikum. Au\u00dferdem werden sie in verschiedene kulturelle bzw. politische Aktivit\u00e4ten der Stiftung eingebunden.<\/p>\n<p><span style=\"text-decoration: underline;\"><strong>Die Eckdaten<\/strong><\/span><\/p>\n<p><strong>Wer kommt:<\/strong><br \/>\n\u2022 Studentinnen \/ Studenten des Grossmont College in S\u00fcdkalifornien (Alter: ab 19 Jahre mit guten bzw. sehr guten\u00a0 Deutschkenntnissen). Anreise Anfang Juni f\u00fcr vier Wochen<br \/>\n\u2022 Stipendiatinnen \/ Stipendiaten des City of Berlin Scholarship (Alter: 20 bis 24 Jahre, meist ohne Deutschkenntnissen). Anreise<em> Anfang Juni <\/em>(abh\u00e4ngig vom Studium in den USA f\u00fcr 4 Wochen)<em><br \/>\n<\/em><\/p>\n<p><strong>Was sollte die Gastfamilie bieten:<\/strong><br \/>\n1) Aufgeschlossenheit und Toleranz f\u00fcr andere Kulturen<br \/>\n2) Die Bereitschaft, mit ihrem Gast (gilt nur bei der Aufnahme eines\/einer Grossmont Studenten\/in ausschlie\u00dflich auf Deutsch zu kommunizieren.<br \/>\n3) Dem Gast ein eigenes Zimmer zur Verf\u00fcgung stellen k\u00f6nnen.<br \/>\n4) Genug Zeit haben, um den Gast in das Familienleben einzubinden (Gespr\u00e4che, Alltagsleben usw.). Eine \u201eWochenendbetreuung\u201c wird nicht erwartet. Erfahrungsgem\u00e4\u00df sind die jungen Leute an den Wochenenden oft unterwegs.<br \/>\n5) Den Gast mit Fr\u00fchst\u00fcck und Abendessen zu versorgen. Das Mittagessen nehmen die Studentinnen \/ Studenten unterwegs ein.<br \/>\n6) M\u00f6glichst nicht weiter als 30-40 min (mit \u00f6ffentlichen Verkehrsmitteln) von der Berliner Innenstadt entfernt wohnen. Die Studenten besuchen vormittags eine Sprachschule, um ihr Deutsch zu verbessern und absolvieren nachmittags ein Praktikum.<\/p>\n<p><strong>Weitere Details:<\/strong><br \/>\nAufgrund unserer Satzung w\u00fcnschen wir uns Familien \/ Gastgeber, die in der Aufnahme eines\/einer jungen Amerikaners\/Amerikanerin nicht eine zus\u00e4tzliche Einnahmequelle sehen, sondern vielmehr die M\u00f6glichkeit, einem jungen Menschen aus einem anderen Kulturkreis unsere Lebensweise n\u00e4her zu bringen.<\/p>\n<p>Da wir gemeinn\u00fctzig und unsere finanziellen Mittel limitiert sind, k\u00f6nnen wir nur eine symbolische Aufwandsentsch\u00e4digung zahlen.<br \/>\nSollten Sie Interesse haben, w\u00fcrden wir uns freuen, wenn Sie uns den ausgef\u00fcllten Fragebogen zur\u00fcck schicken. Bitte haben Sie Verst\u00e4ndnis daf\u00fcr, dass wir alle Bewerber vorab besuchen, um uns ein Bild von ihnen zu machen.<\/p>\n<p>Die Studentinnen \/ Studenten erhalten von der Checkpoint Charlie Stiftung eine BVG Monatskarte f\u00fcr den Berlin AB Bereich.<\/p>\n<p><strong>Anmeldeformular<\/strong><\/p>\n<p><a href=\"https:\/\/www.cc-stiftung.de\/wordpress\/wp-content\/uploads\/2020\/12\/Gastfamilie-Fragebogen-Stand-2020.docx\">Anmeldeformular in Word-Format (.docx)<\/a><br \/>\n<a href=\"https:\/\/www.cc-stiftung.de\/wordpress\/wp-content\/uploads\/2020\/12\/Gastfamilie-Fragebogen-Stand-2020.pdf\">Anmeldeformular in PDF-Format<\/a><\/p>\n","protected":false},"excerpt":{"rendered":"<p>F\u00fcr unsere amerikanischen Programmteilnehmer\/innen suchen wir immer wieder freundliche, aufgeschlossene und an anderen Kulturen interessierte Gastfamilien \/ Gastgeber. Unsere G\u00e4ste sind vorrangig junge Menschen die an den von der Stiftung <a class=\"more-link\" href=\"https:\/\/www.cc-stiftung.de\/index.php\/gastfamilien\/\">Weiterlesen \u2192<\/a><\/p>\n","protected":false},"author":1,"featured_media":0,"parent":0,"menu_order":0,"comment_status":"closed","ping_status":"closed","template":"","meta":{"footnotes":""},"class_list":["post-1827","page","type-page","status-publish","hentry"],"_links":{"self":[{"href":"https:\/\/www.cc-stiftung.de\/index.php\/wp-json\/wp\/v2\/pages\/1827","targetHints":{"allow":["GET"]}}],"collection":[{"href":"https:\/\/www.cc-stiftung.de\/index.php\/wp-json\/wp\/v2\/pages"}],"about":[{"href":"https:\/\/www.cc-stiftung.de\/index.php\/wp-json\/wp\/v2\/types\/page"}],"author":[{"embeddable":true,"href":"https:\/\/www.cc-stiftung.de\/index.php\/wp-json\/wp\/v2\/users\/1"}],"replies":[{"embeddable":true,"href":"https:\/\/www.cc-stiftung.de\/index.php\/wp-json\/wp\/v2\/comments?post=1827"}],"version-history":[{"count":18,"href":"https:\/\/www.cc-stiftung.de\/index.php\/wp-json\/wp\/v2\/pages\/1827\/revisions"}],"predecessor-version":[{"id":4543,"href":"https:\/\/www.cc-stiftung.de\/index.php\/wp-json\/wp\/v2\/pages\/1827\/revisions\/4543"}],"wp:attachment":[{"href":"https:\/\/www.cc-stiftung.de\/index.php\/wp-json\/wp\/v2\/media?parent=1827"}],"curies":[{"name":"wp","href":"https:\/\/api.w.org\/{rel}","templated":true}]}}