{"id":196,"date":"2016-08-04T16:11:08","date_gmt":"2016-08-04T14:11:08","guid":{"rendered":"http:\/\/wordpress.cc-stiftung.de\/?page_id=196"},"modified":"2024-06-25T15:02:19","modified_gmt":"2024-06-25T13:02:19","slug":"city-of-berlin-stipendium","status":"publish","type":"page","link":"https:\/\/www.cc-stiftung.de\/index.php\/city-of-berlin-stipendium\/","title":{"rendered":"City of Berlin Scholarship"},"content":{"rendered":"<div class=\"textrechtshoch\">\n<div style=\"width: 280px\" class=\"wp-caption alignleft\"><img loading=\"lazy\" decoding=\"async\" src=\"https:\/\/www.cc-stiftung.de\/wordpress\/images\/stories\/buddybr_transparent.png\" width=\"270\" height=\"426\" border=\"0\" \/><p class=\"wp-caption-text\">Der &#8222;City of Berlin Scholarship&#8220; Buddy-B\u00e4r wurde durch die K\u00fcnstler Frank R\u00f6del und Bill C. Ray gestaltet. Die stilisierten Twin Tower enthalten Informationen zur Stiftung, dem Stipendium und zu Buddy B\u00e4r sowie die Namen aller bisherigen Stipendiatinnen und Stipendiaten. Anl\u00e4sslich des 15. Jahrestages der Anschl\u00e4ge 2016 wurde unser B\u00e4r dem Hauptquartier der New Yorker Feuerwehr \u00fcbergeben .<\/p><\/div>\n<\/div>\n<div class=\"textrechtshoch\">\n<p>Als Antwort auf die Anschl\u00e4ge vom 11. September 2001 initiierte die Checkpoint Charlie Stiftung die Spendenaktion \u201eBerlin hilft den USA\u201c. Die Einnahmen von 1,1 Mio DM flossen in voller H\u00f6he dem Ausbildungsfonds \u201cCITY OF BERLIN SCHOLARSHIP\u201c zu.\u00a0Der Fonds kann nur f\u00fcr Studienzwecke genutzt werden, die zum Erwerb eines associate degree, eines Bachelor of Arts (B.A.) oder eines Master of Arts (M.A.) als Studienabschluss (postsecondary education) f\u00fchren bzw. zu einer ersten Berufsausbildung (vocational qualification). Promotionen werden nicht gef\u00f6rdert.<\/p>\n<p>Damit tr\u00e4gt das Scholarship bis 2028 in Kombination mit bereits bestehenden amerikanischen F\u00f6rderprogrammen dazu bei, Studiengeb\u00fchren (tuition) einer privaten und\/oder \u00f6ffentlichen College- und Universit\u00e4tsausbildung (2-year colleges, 4-year colleges, universities) zu abzudecken.<\/p>\n<div data-canvas-width=\"42.68799999999998\">Antragsberechtigt sind Kinder von Mitarbeiter*innen der New Yorker Feuerwehr, deren Eltern durch ihren berufsbedingten Einsatz am 11. September bzw. den Aufr\u00e4umarbeiten am Ground Zero danach, dauerhafte Gesundheitssch\u00e4den davongetragen haben (speziell: Atemwegserkrankungen in jeder Form), infolge derer sie fr\u00fchpensioniert, bereits komplett arbeitsunf\u00e4hig oder inzwischen verstorben sind.<\/div>\n<p>Seit Sommer 2005 werden Bewerbungen f\u00fcr ein Stipendium entgegengenommen. Die Beratung \u00fcber die Erteilung eines Stipendiums erfolgt jeweils im Juni\/Juli bzw. November\/Dezember (abh\u00e4ngig von den Terminen der Sitzungen) durch die Vorstandsmitglieder.<\/p>\n<p>Seit der ersten Auszahlung konnte das Stipendium an 79 junge Menschen vergeben werden. 35 befinden sich derzeit in der F\u00f6rderung, 44 haben ihr Studium inzwischen beendet. Die Gesamtf\u00f6rdersumme betrug zum Jahresende 2023 insgesamt 760.420,00 USD.<\/p>\n<p align=\"justify\">Ausschreibungspartner des City of Berlin Scholarship in den Vereinigten Staaten von Amerika sind das <a href=\"http:\/\/www1.nyc.gov\/site\/fdny\/index.page\">Fire Department of the City of New York <\/a>und die in Brooklyn, New York, ans\u00e4ssige Organisation \u201e<a href=\"http:\/\/www.friendsoffirefighters.org\" target=\"_blank\" rel=\"noopener\">Friends of Firefighters<\/a>\u201c.<\/p>\n<p align=\"justify\"><a href=\"https:\/\/www.parlament-berlin.de\/Abgeordnete\/dennis-buchner\">Dennis Buchner<\/a>, Pr\u00e4sident des Abgeordnetenhauses von Berlin a.D. , ist offizieller Schirmherr des Berlin-Stipendiums.<\/p>\n<\/div>\n<div class=\"textrechtshoch\">\n<div><strong>Video-Botschaften von CBS-Stipendiat*innen<\/strong><br \/>\n(alle Dateien sind in mp4 format und werden in einem neuen Fenster aufgemacht.)<\/div>\n<div><\/div>\n<div><a href=\"https:\/\/www.cc-stiftung.de\/wordpress\/wp-content\/uploads\/2016\/08\/Justine-BrancatoMU.mp4\">Video-Botschaft<\/a> von Justine Brancato (Englisch mit deutschen Untertiteln)<\/div>\n<div class=\"textrechtshoch\">\n<div>\n<div><a href=\"https:\/\/www.cc-stiftung.de\/wordpress\/wp-content\/uploads\/2016\/11\/Christina-MurrayMU.mp4\">Video-Botschaft<\/a> von Christina Murray (Englisch mit deutschen Untertiteln)<\/div>\n<\/div>\n<div><a href=\"https:\/\/www.cc-stiftung.de\/wordpress\/wp-content\/uploads\/2016\/11\/Samantha-MussorfitiMU.mp4\">Video-Botschaft<\/a> von Samantha Mussorfiti (Englisch mit deutschen Untertiteln)<br \/>\n<a href=\"https:\/\/www.cc-stiftung.de\/wordpress\/wp-content\/uploads\/2016\/11\/Joseph-PisicoloMU.mp4\">Video-Botschaft<\/a> von Joseph Pisicolo (Englisch mit deutschen Untertiteln)<\/div>\n<\/div>\n<\/div>\n<div><\/div>\n<div><\/div>\n<div>\n<div id=\"attachment_4328\" style=\"width: 810px\" class=\"wp-caption alignleft\"><img loading=\"lazy\" decoding=\"async\" aria-describedby=\"caption-attachment-4328\" class=\"wp-image-4328 size-large\" src=\"https:\/\/www.cc-stiftung.de\/wordpress\/wp-content\/uploads\/2020\/07\/2016-09-09__city_berlin_scholarshp_-_bear_award_074_dkw_-1024x683.jpg\" alt=\"\" width=\"800\" height=\"534\" srcset=\"https:\/\/www.cc-stiftung.de\/wordpress\/wp-content\/uploads\/2020\/07\/2016-09-09__city_berlin_scholarshp_-_bear_award_074_dkw_-1024x683.jpg 1024w, https:\/\/www.cc-stiftung.de\/wordpress\/wp-content\/uploads\/2020\/07\/2016-09-09__city_berlin_scholarshp_-_bear_award_074_dkw_-300x200.jpg 300w, https:\/\/www.cc-stiftung.de\/wordpress\/wp-content\/uploads\/2020\/07\/2016-09-09__city_berlin_scholarshp_-_bear_award_074_dkw_-768x512.jpg 768w, https:\/\/www.cc-stiftung.de\/wordpress\/wp-content\/uploads\/2020\/07\/2016-09-09__city_berlin_scholarshp_-_bear_award_074_dkw_-400x267.jpg 400w, https:\/\/www.cc-stiftung.de\/wordpress\/wp-content\/uploads\/2020\/07\/2016-09-09__city_berlin_scholarshp_-_bear_award_074_dkw_.jpg 1800w\" sizes=\"auto, (max-width: 800px) 100vw, 800px\" \/><p id=\"caption-attachment-4328\" class=\"wp-caption-text\">\u00dcbergabe des City of Berlin Scholarship B\u00e4ren an das Fire Department New York City (September 2016). Sechs Stipendiat*innen, umrahmt von Firefighters und der stellvertretenden Vorstandsvorsitzenden der CCS, Anja Schillhaneck, Vizepr\u00e4sidentin des Abgeordnetenhauses von Berlin a.D. und Fire Commissioner Daniel A. Nigro (links).<\/p><\/div>\n<\/div>\n","protected":false},"excerpt":{"rendered":"<p>Als Antwort auf die Anschl\u00e4ge vom 11. September 2001 initiierte die Checkpoint Charlie Stiftung die Spendenaktion \u201eBerlin hilft den USA\u201c. Die Einnahmen von 1,1 Mio DM flossen in voller H\u00f6he <a class=\"more-link\" href=\"https:\/\/www.cc-stiftung.de\/index.php\/city-of-berlin-stipendium\/\">Weiterlesen \u2192<\/a><\/p>\n","protected":false},"author":1,"featured_media":0,"parent":0,"menu_order":0,"comment_status":"closed","ping_status":"closed","template":"","meta":{"footnotes":""},"class_list":["post-196","page","type-page","status-publish","hentry"],"_links":{"self":[{"href":"https:\/\/www.cc-stiftung.de\/index.php\/wp-json\/wp\/v2\/pages\/196","targetHints":{"allow":["GET"]}}],"collection":[{"href":"https:\/\/www.cc-stiftung.de\/index.php\/wp-json\/wp\/v2\/pages"}],"about":[{"href":"https:\/\/www.cc-stiftung.de\/index.php\/wp-json\/wp\/v2\/types\/page"}],"author":[{"embeddable":true,"href":"https:\/\/www.cc-stiftung.de\/index.php\/wp-json\/wp\/v2\/users\/1"}],"replies":[{"embeddable":true,"href":"https:\/\/www.cc-stiftung.de\/index.php\/wp-json\/wp\/v2\/comments?post=196"}],"version-history":[{"count":100,"href":"https:\/\/www.cc-stiftung.de\/index.php\/wp-json\/wp\/v2\/pages\/196\/revisions"}],"predecessor-version":[{"id":5492,"href":"https:\/\/www.cc-stiftung.de\/index.php\/wp-json\/wp\/v2\/pages\/196\/revisions\/5492"}],"wp:attachment":[{"href":"https:\/\/www.cc-stiftung.de\/index.php\/wp-json\/wp\/v2\/media?parent=196"}],"curies":[{"name":"wp","href":"https:\/\/api.w.org\/{rel}","templated":true}]}}