{"id":23,"date":"2016-04-04T16:09:31","date_gmt":"2016-04-04T14:09:31","guid":{"rendered":"http:\/\/wordpress.cc-stiftung.de.w0144e97.kasserver.com\/?p=23"},"modified":"2024-01-30T15:17:12","modified_gmt":"2024-01-30T14:17:12","slug":"kuratorium","status":"publish","type":"page","link":"https:\/\/www.cc-stiftung.de\/index.php\/kuratorium\/","title":{"rendered":"Kuratorium"},"content":{"rendered":"<p align=\"justify\">Das Kuratorium der Stiftung besteht aus mindestens neun Mitgliedern, die vom <a href=\"https:\/\/www.berlin.de\/rbmskzl\/regierender-buergermeister\/\">Regierenden B\u00fcrgermeister(in) von Berlin<\/a> f\u00fcr eine Amtszeit von vier Jahren bestellt werden. Sowohl Wiederbestellungen als auch vorzeitige Abberufungen aus wichtigem Grund sind m\u00f6glich. Das Kuratorium w\u00e4hlt seine*n Vorsitzende*n aus seiner Mitte. Die T\u00e4tigkeit der Kuratoriumsmitglieder erfolgt ehrenamtlich.<\/p>\n<p align=\"justify\">Laut <a href=\"https:\/\/www.cc-stiftung.de\/index.php\/satzung\/\">Satzung<\/a> der Stiftung hat das Kuratorium folgende Aufgaben<br \/>\na) durch \u00dcberwachung und Beratung des Vorstandes f\u00fcr eine m\u00f6glichst gr\u00fcndliche und nachhaltige Verwirklichung des Willens des Stifters zu sorgen; zu diesem Zweck kann das Kuratorium in der Person seiner\/seines Vorsitzenden jederzeit Auskunft \u00fcber die T\u00e4tigkeit des Vorstandes sowie Einsicht in alle Gesch\u00e4ftsunterlagen verlangen; hiermit kann das Kuratorium auch eines oder mehrere seiner Mitglieder beauftragen;<br \/>\nb) \u00fcber \u00c4nderungen der Satzung zu beschlie\u00dfen.<\/p>\n<p align=\"justify\"><strong>Mitglieder<\/strong><\/p>\n<ul>\n<li>Florian Hauer, <a href=\"https:\/\/www.berlin.de\/rbmskzl\/politik\/senatskanzlei\/wir-ueber-uns\/lebenslauf.1380443.php\">Bevollm\u00e4chtigter des Landes Berlin beim Bund<\/a><\/li>\n<li>Andreas Gram, Vizepr\u00e4sident des <a href=\"https:\/\/www.parlament-berlin.de\/de\/Startseite\">Abgeordnetenhauses von Berlin<\/a> a.D.<\/li>\n<li>Erik Kirschbaum, Verwaltungsdirektor <a href=\"http:\/\/riasberlin.org\/de\/startseite\/\">RIAS Berlin Commission<\/a><\/li>\n<li>Dr. J\u00fcrgen Lillteicher, Direktor <a href=\"http:\/\/www.alliiertenmuseum.de\/home.html\">Alliierten Museum<\/a><\/li>\n<li>Kirsten Niehuus, Gesch\u00e4ftsf\u00fchrerin <a href=\"http:\/\/www.medienboard.de\/\">Medienboard Berlin-Brandenburg GmbH<\/a><\/li>\n<li>Notker Schweikhardt, MdA a.D., Senior Manager Kultur bei <a href=\"https:\/\/www.visitberlin.de\/de\">visitBerlin<\/a><\/li>\n<li>Karsten D. Voigt, <a href=\"https:\/\/www.auswaertiges-amt.de\/de\/aamt\/koordinatoren\/transatlantische-zusammenarbeit\/216436\">Koordinator f\u00fcr die transatlantische Zusammenarbeit<\/a> a.D.<\/li>\n<li>Susan Woosley, Gesch\u00e4ftsf\u00fchrerin KCRW Berlin gGmbH a.D.<\/li>\n<li>Isabelle Caron, Site Managing Director <a href=\"https:\/\/www.alstom.com\/de\/alstom-deutschland\">Alstom<\/a><\/li>\n<li>Cathleen Fisher, Gesch\u00e4ftsf\u00fchrerin <a href=\"https:\/\/www.fulbright.de\/\">Fulbright Kommission<\/a><\/li>\n<li>Dr. Jakob Sherer, Gesch\u00e4ftsf\u00fchrer <a href=\"https:\/\/www.vatmh.org\/de\/home-de.html\">Villa Aurora &amp; Thomas Mann House e.V.<\/a><\/li>\n<li>Dr. Ullrich Lohrmann, Managing Director <a href=\"https:\/\/cieeberlin.org\/\">CIEE Global Institute Berlin<\/a><\/li>\n<li>Catherine von F\u00fcrstenberg-Dussmann, <a href=\"https:\/\/www.dussmanngroup.com\/dussmann-group\/stiftungsrat\/\">Dussmann Stiftung &amp; Co. KGaA<\/a><\/li>\n<\/ul>\n<p><em> Die aktuelle Amtszeit endet am 30. Juni 2026.<\/em><\/p>\n","protected":false},"excerpt":{"rendered":"<p>Das Kuratorium der Stiftung besteht aus mindestens neun Mitgliedern, die vom Regierenden B\u00fcrgermeister(in) von Berlin f\u00fcr eine Amtszeit von vier Jahren bestellt werden. Sowohl Wiederbestellungen als auch vorzeitige Abberufungen aus <a class=\"more-link\" href=\"https:\/\/www.cc-stiftung.de\/index.php\/kuratorium\/\">Weiterlesen \u2192<\/a><\/p>\n","protected":false},"author":1,"featured_media":0,"parent":0,"menu_order":0,"comment_status":"open","ping_status":"open","template":"","meta":{"footnotes":""},"class_list":["post-23","page","type-page","status-publish","hentry"],"_links":{"self":[{"href":"https:\/\/www.cc-stiftung.de\/index.php\/wp-json\/wp\/v2\/pages\/23","targetHints":{"allow":["GET"]}}],"collection":[{"href":"https:\/\/www.cc-stiftung.de\/index.php\/wp-json\/wp\/v2\/pages"}],"about":[{"href":"https:\/\/www.cc-stiftung.de\/index.php\/wp-json\/wp\/v2\/types\/page"}],"author":[{"embeddable":true,"href":"https:\/\/www.cc-stiftung.de\/index.php\/wp-json\/wp\/v2\/users\/1"}],"replies":[{"embeddable":true,"href":"https:\/\/www.cc-stiftung.de\/index.php\/wp-json\/wp\/v2\/comments?post=23"}],"version-history":[{"count":43,"href":"https:\/\/www.cc-stiftung.de\/index.php\/wp-json\/wp\/v2\/pages\/23\/revisions"}],"predecessor-version":[{"id":5667,"href":"https:\/\/www.cc-stiftung.de\/index.php\/wp-json\/wp\/v2\/pages\/23\/revisions\/5667"}],"wp:attachment":[{"href":"https:\/\/www.cc-stiftung.de\/index.php\/wp-json\/wp\/v2\/media?parent=23"}],"curies":[{"name":"wp","href":"https:\/\/api.w.org\/{rel}","templated":true}]}}