{"id":238,"date":"2016-08-16T14:57:20","date_gmt":"2016-08-16T12:57:20","guid":{"rendered":"http:\/\/wordpress.cc-stiftung.de\/?page_id=238"},"modified":"2024-10-25T16:34:03","modified_gmt":"2024-10-25T14:34:03","slug":"gtep","status":"publish","type":"page","link":"https:\/\/www.cc-stiftung.de\/index.php\/gtep\/","title":{"rendered":"In den USA unterrichten (GTEP)"},"content":{"rendered":"<p><img loading=\"lazy\" decoding=\"async\" class=\"wp-image-954 alignleft\" src=\"http:\/\/wordpress.cc-stiftung.de\/wp-content\/uploads\/2016\/08\/Dickenson_High4-1024x679.jpg\" alt=\"Dickenson_High4\" width=\"344\" height=\"228\" srcset=\"https:\/\/www.cc-stiftung.de\/wordpress\/wp-content\/uploads\/2016\/08\/Dickenson_High4-1024x679.jpg 1024w, https:\/\/www.cc-stiftung.de\/wordpress\/wp-content\/uploads\/2016\/08\/Dickenson_High4-300x199.jpg 300w, https:\/\/www.cc-stiftung.de\/wordpress\/wp-content\/uploads\/2016\/08\/Dickenson_High4-768x509.jpg 768w\" sizes=\"auto, (max-width: 344px) 100vw, 344px\" \/>Das Kulturaustausch &#8211; und Lehrerkr\u00e4fte-Entsendeprogramm mit den USA (German Teachers Exchange Program &#8222;<strong>GTEP<\/strong>&#8222;) bietet deutschen Lehrer*innen aller Bundesl\u00e4nder und Schulformen die Chance, f\u00fcr die Dauer von ein bis drei Jahren in den USA zu unterrichten. Lehrkr\u00e4fte, die an Universit\u00e4ten unterrichten, k\u00f6nnen nicht ber\u00fccksichtigt werden. Das Programm bietet die einmalige Chance, \u00fcber einen l\u00e4ngeren Zeitraum vollst\u00e4ndig in die US-amerikanische Kultur und damit in den Alltag einzutauchen. Ehepartner*innen und Kinder d\u00fcrfen mit \u00fcber den Atlantik reisen und in den USA durch Arbeit und Schulbesuch ihre ganz eigenen Erfahrungen machen.<\/p>\n<p>Wir m\u00f6chten darauf hinweisen, dass es f\u00fcr Lehrer*innen-Paare eher unwahrscheinlich ist, dass beide in einen Schulbezirk vermittelt werden k\u00f6nnen. Selbstverst\u00e4ndlich w\u00fcrden wir dies versuchen, aber hier kommt es auf die jeweiligen F\u00e4cherkombinationen an.<br \/>\nDie deutschen Lehrkr\u00e4fte unterrichten in den USA ihre jeweiligen F\u00e4cher in englischer Sprache, es k\u00f6nnen aber auch Lehrkr\u00e4fte mit einem Nachweis f\u00fcr Deutsch als Fremdsprache vermittelt werden.<\/p>\n<p align=\"justify\">Seit 1986 sind ca. 1.400 deutsche Lehrkr\u00e4fte aus allen <a href=\"http:\/\/wordpress.cc-stiftung.de\/wp-content\/uploads\/2016\/08\/088-2.jpg\"><img loading=\"lazy\" decoding=\"async\" class=\"wp-image-1131 size-medium alignright\" src=\"https:\/\/www.cc-stiftung.de\/wordpress\/wp-content\/uploads\/2016\/08\/088-2-300x225.jpg\" alt=\"Reihenh\u00e4user in den USA\" width=\"300\" height=\"225\" srcset=\"https:\/\/www.cc-stiftung.de\/wordpress\/wp-content\/uploads\/2016\/08\/088-2-300x225.jpg 300w, https:\/\/www.cc-stiftung.de\/wordpress\/wp-content\/uploads\/2016\/08\/088-2-768x576.jpg 768w, https:\/\/www.cc-stiftung.de\/wordpress\/wp-content\/uploads\/2016\/08\/088-2-1024x768.jpg 1024w\" sizes=\"auto, (max-width: 300px) 100vw, 300px\" \/><\/a>16 Bundesl\u00e4ndern (davon liegt der Anteil Berliner Lehrer*innen an zweiter Stelle bei 17,1%) in die Bundesstaaten Texas, Minnesota, Missouri, North Carolina, South Carolina, Georgia, Kalifornien, Virginia, Nebraska, New Mexico, Utah und Washington State vermittelt worden. Wir m\u00f6chten aber darauf hinweisen, dass sich die zur Verf\u00fcgung stehenden Bundesstaaten von Jahr zu Jahr \u00e4ndern, denn die Vermittlung deutscher Lehrkr\u00e4fte richtet sich ausschlie\u00dflich nach dem Bedarf der amerikanischen Schulen, der zum Zeitpunkt der Bewerbung noch nicht feststeht.<\/p>\n<p align=\"justify\"><strong>Die Vermittlung in einen &#8222;Wunschstaat&#8220; ist nicht m\u00f6glich, denn uns ist es wichtig, Sie dorthin zu vermitteln, wo Ihre F\u00e4cherkombination dringend gebraucht wird und wir das Gef\u00fchl haben, dass Sie dort gut hinpassen. <\/strong>Nicht jeder Bundesstaat ben\u00f6tigt die gleichen F\u00e4cherkombinationen bzw. Lehrkr\u00e4fte f\u00fcr die gleichen Klassenstufen.<\/p>\n<p align=\"justify\"><strong>Wir bitten Sie bei Ihrer Bewerbung zu hinterfragen, warum Sie sich f\u00fcr eine Lehrt\u00e4tigkeit in den USA interessieren. F\u00fcr uns ist es wichtig, dass f\u00fcr Sie die die einmalige Erfahrung, die schulische Herausforderung und die M\u00f6glichkeit in den amerikanischen Alltag einzutauchen, im Focus steht.<\/strong> Dies ist, wie die Erfahrungen der letzten mehr als 30 Jahre gezeigt haben, eben nicht die oft ersehnte pulsierene und eher anonyme Gro\u00dfstadt. Vielmehr bieten kleine Orte Ihnen die Chance, enge und lebenslange Kontakte zu kn\u00fcpfen und dankbar als Botschafter aus Deutschland registriert und aufgenommen zu werden.\u00a0\u00a0\u00a0\u00a0\u00a0\u00a0\u00a0\u00a0\u00a0\u00a0\u00a0\u00a0\u00a0\u00a0\u00a0\u00a0\u00a0\u00a0\u00a0\u00a0\u00a0\u00a0\u00a0\u00a0\u00a0\u00a0\u00a0\u00a0\u00a0\u00a0\u00a0\u00a0\u00a0\u00a0\u00a0 <strong>Bitte nehmen Sie zur Kenntnis, dass derzeit die Chance gr\u00f6\u00dfer ist, dass sich eine Schule einer kleineren Stadt f\u00fcr Sie (ihre F\u00e4cher) interessiert.<br \/>\n<\/strong><\/p>\n<p align=\"justify\">Der Antrag auf Teilnahme ist unter Nutzung des Bewerbungsformulars (siehe Ausschreibung unten) an, Frau Christine Nicolas, STEP-Beauftragte oder Janneck Herre, STEP-Koordinator, Checkpoint Charlie Stiftung, Bismarckstr. 63, 12169 Berlin- STEGLITZ, zu richten. Oder als pdf an: <a href=\"&#109;&#x61;&#x69;l&#116;&#x6f;:&#115;&#x74;&#x65;p&#64;&#x63;c&#45;&#x73;&#x74;i&#102;&#x74;u&#110;&#x67;&#x2e;&#100;&#101;\">s&#116;&#101;&#x70;&#x40;&#x63;c-&#115;&#116;&#x69;&#x66;&#x74;u&#110;&#103;&#46;&#x64;&#x65;<\/a>,\u00a0 Tel.: (030) 844 90 60 , Mobil: 0157 36 500 100.<\/p>\n<h2>Bewerbungen und Informationen f\u00fcr das Schuljahr 2025\/2026<\/h2>\n<p><a href=\"https:\/\/www.cc-stiftung.de\/wordpress\/wp-content\/uploads\/2024\/10\/GTEP_2025-2026_Infoblatt.pdf\">GTEP 2025-2026 Infoblatt<\/a> (.pdf)<br \/>\n<a href=\"https:\/\/www.cc-stiftung.de\/wordpress\/wp-content\/uploads\/2024\/10\/GTEP_2025-2026_Ausschreibung_Berlin.pdf\">GTEP 2025-2026 Ausschreibung Berlin<\/a> (.pdf)<br \/>\n<a href=\"https:\/\/www.cc-stiftung.de\/wordpress\/wp-content\/uploads\/2024\/10\/GTEP_2025-2026-Bewerbungsformular.docx\">GTEP 2025-2026 Bewerbungsformular<\/a> (.docx)<br \/>\n<a href=\"https:\/\/www.cc-stiftung.de\/wordpress\/wp-content\/uploads\/2024\/10\/GTEP_2025-2026-Bewerbungsformular.pdf\">GTEP 2025-2026 Bewerbungsformular<\/a> (.pdf)<\/p>\n<p><a href=\"https:\/\/www.cc-stiftung.de\/wordpress\/wp-content\/uploads\/2016\/10\/CV-Anleitung-Vorlage.doc\">Hinweise und Vorlage f\u00fcr die Erstellung eines Curriculum Vitae<\/a> (.docx)<\/p>\n<p>&#8222;Die mehr als konstruktive Arbeitsatmosph\u00e4re sowie die offene und zug\u00e4ngliche Art des Kollegiums empfinde ich wirklich als sehr ansprechend und ich hoffe sehr, mir den Optimismus meiner Auslandsschule zu erhalten und weiterzutragen, was ich an interkultureller Kompetenz und Erfahrungsreichtum im Arbeitsalltag hinzugewonnen habe: Die Auslandserfahrung in Nordamerika hat mir viel gegeben.&#8220;<\/p>\n<p style=\"text-align: right;\">Adrianna M., NM 2022<\/p>\n<p><em>&#8222;Utah? It\u2019s a desert! That\u2019s what I knew about Utah before I decided to go there 2 years ago. But Utah won my heart so quickly! Working at my school means for me working together with a great American partner teacher, having highly motivated people around me, who care about the students and each other. I love travelling around Utah, hiking in the canyons, camping in the mountains, spending time with my American and German friends at a barbecue and enjoying the diverse beautiful Utah nature!&#8220;<\/em><\/p>\n<p style=\"text-align: right;\">Melanie K., UT 2021<\/p>\n<p><em>&#8222;Als Lehrkraft in den USA zu arbeiten ist eine interessante kulturelle Erfahrung in vielerlei Hinsicht. Mir gef\u00e4llt besonders die landestypische hohe Wertsch\u00e4tzung des Lehrerberufes.&#8220;<\/em><\/p>\n<p style=\"text-align: right;\">Anika T., SC 2021<\/p>\n<p><em>&#8222;Mein Aufenthalt in den USA war bisher ein gro\u00dfes Abenteuer. Die Menschen hier sind sehr gastfreundlich und hilfsbereit. Die Arbeit an meiner Schule ist toll, vor allem wegen der netten Sch\u00fcler\/innen und des herzlichen Kollegiums.&#8220;<\/em><\/p>\n<p style=\"text-align: right;\">Simeon W., UT 2021<\/p>\n<div id=\"kad-wp-gallery40\" class=\"kad-wp-gallery kad-light-wp-gallery clearfix kt-gallery-column-4 rowtight\"><div class=\"tcol-lg-3 tcol-md-3 tcol-sm-4 tcol-xs-6 tcol-ss-12 g_item\"><div class=\"grid_item kad_gallery_fade_in gallery_item\"><a href=\"https:\/\/www.cc-stiftung.de\/wordpress\/wp-content\/uploads\/2016\/08\/vEFd5wBa2C2M0gSilndQQ1gETTrqBOzDgIJLTNFASM.jpg\" data-rel=\"lightbox\" class=\"lightboxhover\"><img loading=\"lazy\" decoding=\"async\" src=\"https:\/\/www.cc-stiftung.de\/wordpress\/wp-content\/uploads\/2016\/08\/vEFd5wBa2C2M0gSilndQQ1gETTrqBOzDgIJLTNFASM-300x300.jpg\" width=\"300\" height=\"300\" alt=\"Die deutschen Lehrer*innen unterrichten ihre jeweiligen F\u00e4cher\" srcset=\"https:\/\/www.cc-stiftung.de\/wordpress\/wp-content\/uploads\/2016\/08\/vEFd5wBa2C2M0gSilndQQ1gETTrqBOzDgIJLTNFASM-300x300.jpg 300w, https:\/\/www.cc-stiftung.de\/wordpress\/wp-content\/uploads\/2016\/08\/vEFd5wBa2C2M0gSilndQQ1gETTrqBOzDgIJLTNFASM-150x150.jpg 150w, https:\/\/www.cc-stiftung.de\/wordpress\/wp-content\/uploads\/2016\/08\/vEFd5wBa2C2M0gSilndQQ1gETTrqBOzDgIJLTNFASM-600x600.jpg 600w\" sizes=\"auto, (max-width: 300px) 100vw, 300px\" class=\"light-dropshaddow\"\/><\/a><\/div><\/div><div class=\"tcol-lg-3 tcol-md-3 tcol-sm-4 tcol-xs-6 tcol-ss-12 g_item\"><div class=\"grid_item kad_gallery_fade_in gallery_item\"><a href=\"https:\/\/www.cc-stiftung.de\/wordpress\/wp-content\/uploads\/2016\/08\/0031-78.jpg\" data-rel=\"lightbox\" class=\"lightboxhover\"><img loading=\"lazy\" decoding=\"async\" src=\"https:\/\/www.cc-stiftung.de\/wordpress\/wp-content\/uploads\/2016\/08\/0031-78-300x300.jpg\" width=\"300\" height=\"300\" alt=\"Das Klima in den USA ist oft ganz anders als in Deutschland\" srcset=\"https:\/\/www.cc-stiftung.de\/wordpress\/wp-content\/uploads\/2016\/08\/0031-78-300x300.jpg 300w, https:\/\/www.cc-stiftung.de\/wordpress\/wp-content\/uploads\/2016\/08\/0031-78-150x150.jpg 150w\" sizes=\"auto, (max-width: 300px) 100vw, 300px\" class=\"light-dropshaddow\"\/><\/a><\/div><\/div><div class=\"tcol-lg-3 tcol-md-3 tcol-sm-4 tcol-xs-6 tcol-ss-12 g_item\"><div class=\"grid_item kad_gallery_fade_in gallery_item\"><a href=\"https:\/\/www.cc-stiftung.de\/wordpress\/wp-content\/uploads\/2016\/08\/6a00d8341e0a7e53ef010534ba3be9970c.jpg\" data-rel=\"lightbox\" class=\"lightboxhover\"><img loading=\"lazy\" decoding=\"async\" src=\"https:\/\/www.cc-stiftung.de\/wordpress\/wp-content\/uploads\/2016\/08\/6a00d8341e0a7e53ef010534ba3be9970c-300x300.jpg\" width=\"300\" height=\"300\" alt=\"Auch landschaftlich sind die USA abwechslungsreich.\" srcset=\"https:\/\/www.cc-stiftung.de\/wordpress\/wp-content\/uploads\/2016\/08\/6a00d8341e0a7e53ef010534ba3be9970c-300x300.jpg 300w, https:\/\/www.cc-stiftung.de\/wordpress\/wp-content\/uploads\/2016\/08\/6a00d8341e0a7e53ef010534ba3be9970c-150x150.jpg 150w, https:\/\/www.cc-stiftung.de\/wordpress\/wp-content\/uploads\/2016\/08\/6a00d8341e0a7e53ef010534ba3be9970c-600x600.jpg 600w\" sizes=\"auto, (max-width: 300px) 100vw, 300px\" class=\"light-dropshaddow\"\/><\/a><\/div><\/div><\/div>\n","protected":false},"excerpt":{"rendered":"<p>Das Kulturaustausch &#8211; und Lehrerkr\u00e4fte-Entsendeprogramm mit den USA (German Teachers Exchange Program &#8222;GTEP&#8222;) bietet deutschen Lehrer*innen aller Bundesl\u00e4nder und Schulformen die Chance, f\u00fcr die Dauer von ein bis drei Jahren <a class=\"more-link\" href=\"https:\/\/www.cc-stiftung.de\/index.php\/gtep\/\">Weiterlesen \u2192<\/a><\/p>\n","protected":false},"author":2,"featured_media":0,"parent":0,"menu_order":0,"comment_status":"closed","ping_status":"closed","template":"","meta":{"footnotes":""},"class_list":["post-238","page","type-page","status-publish","hentry"],"_links":{"self":[{"href":"https:\/\/www.cc-stiftung.de\/index.php\/wp-json\/wp\/v2\/pages\/238","targetHints":{"allow":["GET"]}}],"collection":[{"href":"https:\/\/www.cc-stiftung.de\/index.php\/wp-json\/wp\/v2\/pages"}],"about":[{"href":"https:\/\/www.cc-stiftung.de\/index.php\/wp-json\/wp\/v2\/types\/page"}],"author":[{"embeddable":true,"href":"https:\/\/www.cc-stiftung.de\/index.php\/wp-json\/wp\/v2\/users\/2"}],"replies":[{"embeddable":true,"href":"https:\/\/www.cc-stiftung.de\/index.php\/wp-json\/wp\/v2\/comments?post=238"}],"version-history":[{"count":123,"href":"https:\/\/www.cc-stiftung.de\/index.php\/wp-json\/wp\/v2\/pages\/238\/revisions"}],"predecessor-version":[{"id":5752,"href":"https:\/\/www.cc-stiftung.de\/index.php\/wp-json\/wp\/v2\/pages\/238\/revisions\/5752"}],"wp:attachment":[{"href":"https:\/\/www.cc-stiftung.de\/index.php\/wp-json\/wp\/v2\/media?parent=238"}],"curies":[{"name":"wp","href":"https:\/\/api.w.org\/{rel}","templated":true}]}}