{"id":243,"date":"2016-08-16T14:08:38","date_gmt":"2016-08-16T12:08:38","guid":{"rendered":"http:\/\/wordpress.cc-stiftung.de\/?page_id=243"},"modified":"2021-05-03T10:49:29","modified_gmt":"2021-05-03T08:49:29","slug":"educational-enrichment-program-eep","status":"publish","type":"page","link":"https:\/\/www.cc-stiftung.de\/index.php\/educational-enrichment-program-eep\/","title":{"rendered":"Educational Enrichment Program (EEP)"},"content":{"rendered":"<div class=\"myCatDescription\">\n<table border=\"0\" width=\"100%\" cellspacing=\"0\" cellpadding=\"0\">\n<tbody>\n<tr>\n<td align=\"left\" valign=\"top\">\n<p align=\"justify\"><a href=\"https:\/\/www.cc-stiftung.de\/wordpress\/wp-content\/uploads\/2019\/11\/IMG_2019.jpg\"><img loading=\"lazy\" decoding=\"async\" class=\"alignleft wp-image-3944 size-medium\" src=\"https:\/\/www.cc-stiftung.de\/wordpress\/wp-content\/uploads\/2019\/11\/IMG_2019-300x225.jpg\" alt=\"\" width=\"300\" height=\"225\" srcset=\"https:\/\/www.cc-stiftung.de\/wordpress\/wp-content\/uploads\/2019\/11\/IMG_2019-300x225.jpg 300w, https:\/\/www.cc-stiftung.de\/wordpress\/wp-content\/uploads\/2019\/11\/IMG_2019-768x576.jpg 768w, https:\/\/www.cc-stiftung.de\/wordpress\/wp-content\/uploads\/2019\/11\/IMG_2019-1024x768.jpg 1024w\" sizes=\"auto, (max-width: 300px) 100vw, 300px\" \/><\/a>Seit 1987 konnten im Rahmen von AAT bzw. EEP ca. 800 amerikanische Lehrer*innen, Direktor*innen, Schulr\u00e4t*innen und Bildungspolitiker*innen aus 15 amerikanischen Bundesstaaten in Berlin fortgebildet werden.<\/p>\n<p align=\"justify\">Im Rahmen eines 14-t\u00e4gigen Programms erhalten die G\u00e4ste Einblicke in unterschiedliche Berliner Schultypen und Klassensituationen. Unterrichtsbesuche bieten pers\u00f6nliche Eindr\u00fccke in unterschiedliche F\u00e4cher und Unterrichtsmethoden. Kulturelle und touristische Erlebnisse runden das Programm ab.<\/p>\n<p align=\"justify\"><a href=\"https:\/\/www.cc-stiftung.de\/wordpress\/wp-content\/uploads\/2019\/11\/20190806_101515.jpg\"><img loading=\"lazy\" decoding=\"async\" class=\"wp-image-3945 size-medium alignright\" src=\"https:\/\/www.cc-stiftung.de\/wordpress\/wp-content\/uploads\/2019\/11\/20190806_101515-300x169.jpg\" alt=\"\" width=\"300\" height=\"169\" srcset=\"https:\/\/www.cc-stiftung.de\/wordpress\/wp-content\/uploads\/2019\/11\/20190806_101515-300x169.jpg 300w, https:\/\/www.cc-stiftung.de\/wordpress\/wp-content\/uploads\/2019\/11\/20190806_101515-768x432.jpg 768w, https:\/\/www.cc-stiftung.de\/wordpress\/wp-content\/uploads\/2019\/11\/20190806_101515-1024x576.jpg 1024w\" sizes=\"auto, (max-width: 300px) 100vw, 300px\" \/><\/a><\/p>\n<p align=\"justify\">Diese amerikanischen Multiplikatoren fungieren oft als &#8222;buddy teachers&#8220; f\u00fcr deutsche Lehrer*innen, die im Rahmen des STEP Programms zwischen ein und drei Jahren in amerikanischen Schulen unterrichten. Pers\u00f6nliche Kontakte bilden die Grundlage f\u00fcr diesen transatlantischen Lehrkr\u00e4fteaustausch.<\/p>\n<\/td>\n<\/tr>\n<\/tbody>\n<\/table>\n<\/div>\n","protected":false},"excerpt":{"rendered":"<p>Seit 1987 konnten im Rahmen von AAT bzw. EEP ca. 800 amerikanische Lehrer*innen, Direktor*innen, Schulr\u00e4t*innen und Bildungspolitiker*innen aus 15 amerikanischen Bundesstaaten in Berlin fortgebildet werden. Im Rahmen eines 14-t\u00e4gigen Programms <a class=\"more-link\" href=\"https:\/\/www.cc-stiftung.de\/index.php\/educational-enrichment-program-eep\/\">Weiterlesen \u2192<\/a><\/p>\n","protected":false},"author":2,"featured_media":0,"parent":0,"menu_order":0,"comment_status":"closed","ping_status":"closed","template":"","meta":{"footnotes":""},"class_list":["post-243","page","type-page","status-publish","hentry"],"_links":{"self":[{"href":"https:\/\/www.cc-stiftung.de\/index.php\/wp-json\/wp\/v2\/pages\/243","targetHints":{"allow":["GET"]}}],"collection":[{"href":"https:\/\/www.cc-stiftung.de\/index.php\/wp-json\/wp\/v2\/pages"}],"about":[{"href":"https:\/\/www.cc-stiftung.de\/index.php\/wp-json\/wp\/v2\/types\/page"}],"author":[{"embeddable":true,"href":"https:\/\/www.cc-stiftung.de\/index.php\/wp-json\/wp\/v2\/users\/2"}],"replies":[{"embeddable":true,"href":"https:\/\/www.cc-stiftung.de\/index.php\/wp-json\/wp\/v2\/comments?post=243"}],"version-history":[{"count":23,"href":"https:\/\/www.cc-stiftung.de\/index.php\/wp-json\/wp\/v2\/pages\/243\/revisions"}],"predecessor-version":[{"id":4656,"href":"https:\/\/www.cc-stiftung.de\/index.php\/wp-json\/wp\/v2\/pages\/243\/revisions\/4656"}],"wp:attachment":[{"href":"https:\/\/www.cc-stiftung.de\/index.php\/wp-json\/wp\/v2\/media?parent=243"}],"curies":[{"name":"wp","href":"https:\/\/api.w.org\/{rel}","templated":true}]}}