{"id":249,"date":"2016-08-16T15:05:55","date_gmt":"2016-08-16T13:05:55","guid":{"rendered":"http:\/\/wordpress.cc-stiftung.de\/?page_id=249"},"modified":"2023-09-19T15:51:41","modified_gmt":"2023-09-19T13:51:41","slug":"experience-america-2","status":"publish","type":"page","link":"https:\/\/www.cc-stiftung.de\/index.php\/experience-america-2\/","title":{"rendered":"Experience America &#8211; 2024 in \u00dcberarbeitung"},"content":{"rendered":"<p><span style=\"font-family: Arial, serif;\"><span style=\"font-size: medium;\"><b>BESCHREIBUNG<\/b><\/span><\/span><span style=\"font-family: Arial, serif;\"><span style=\"font-size: medium;\">:<br \/>\n<\/span><\/span><span style=\"font-family: Arial, serif;\"><span style=\"font-size: medium;\">Im Rahmen des von der Senatsverwaltung f\u00fcr Bildung getragenen SCHOOL TEACHERS ENRICHMENT PROGRAM (STEP) vermittelt die Checkpoint Charlie Stiftung in den Herbstferien, vom 21. Oktober bis 02. November 2023 (Ankunft in Berlin am 3. November) Lehrkr\u00e4fte, die an einer <\/span><\/span><span style=\"font-family: Arial, serif;\"><span style=\"font-size: medium;\"><b>BERLINER SCHULE in der Sek I oder II Englisch unterrichten<\/b><\/span><\/span><span style=\"font-family: Arial, serif;\"><span style=\"font-size: medium;\">, zu einer Fortbildung nach Los Angeles im US-Bundesstaat Kalifornien. Das Programm ist Bestandteil der St\u00e4dtepartnerschaft Berlin-Los Angeles. <\/span><\/span><\/p>\n<p><span style=\"font-family: Arial, serif;\"><span style=\"font-size: medium;\">Zielgruppe sind Englisch-Lehrkr\u00e4fte ohne USA Erfahrung.<\/span><\/span><\/p>\n<p><span style=\"font-family: Arial, serif;\"><span style=\"font-size: medium;\">Die Vor- und Nachbereitungen werden von der Checkpoint Charlie Stiftung (STEP) organisiert, betreut und durchgef\u00fchrt.<\/span><\/span><\/p>\n<p><span style=\"font-family: Arial, serif;\"><span style=\"font-size: medium;\"><b>PROGRAMM: <\/b><\/span><\/span><span style=\"font-family: Arial, serif;\"><span style=\"font-size: medium;\">Max. 6 Lehrkr\u00e4fte nehmen in Form von Hospitationen am Unterricht in verschiedenen amerikanischen Schulen teil und lernen dabei auch unterschiedliche Schulformen wie Charter \u2013 oder Magnet Schools kennen. Weiterer Bestandteil des Programms sind Workshops zu ausgew\u00e4hlten amerikaspezifischen Themen. Diese befassen sich unter anderem mit Youth Culture &amp; Street Trends, Citizenship &amp; Democracy und Racism. Das Angebot richtet sich hierbei nach der Verf\u00fcgbarkeit der jeweiligen Referenten. Das Programm bietet au\u00dferdem kulturelle Erfahrungen und Ausfl\u00fcge in die Umgebung.<\/span><\/span><\/p>\n<p align=\"justify\"><a href=\"http:\/\/wordpress.cc-stiftung.de\/wp-content\/uploads\/2016\/08\/EEP.jpg\"><img loading=\"lazy\" decoding=\"async\" class=\"alignleft wp-image-1023\" src=\"http:\/\/wordpress.cc-stiftung.de\/wp-content\/uploads\/2016\/08\/EEP-1024x544.jpg\" alt=\"EX-EEP\" width=\"463\" height=\"246\" srcset=\"https:\/\/www.cc-stiftung.de\/wordpress\/wp-content\/uploads\/2016\/08\/EEP-1024x544.jpg 1024w, https:\/\/www.cc-stiftung.de\/wordpress\/wp-content\/uploads\/2016\/08\/EEP-300x159.jpg 300w, https:\/\/www.cc-stiftung.de\/wordpress\/wp-content\/uploads\/2016\/08\/EEP-768x408.jpg 768w\" sizes=\"auto, (max-width: 463px) 100vw, 463px\" \/><\/a><\/p>\n<p><span style=\"font-family: Arial, serif;\"><span style=\"font-size: medium;\"><b>UNTERBRINGUNG &amp; VERPFLEGUNG:<\/b><\/span><\/span><span style=\"font-family: Arial, serif;\"><span style=\"font-size: medium;\"><br \/>\nDie teilnehmenden Lehrkr\u00e4fte sind in ausgew\u00e4hlten amerikanischen Gastfamilien untergebracht und erhalten dort Fr\u00fchst\u00fcck und bei Anwesenheit auch ein Abendessen. Die Mittagsversorgung erfolgt unterwegs, die Kosten daf\u00fcr sind durch die Teilnehmer*innen mehrheitlich selbst zu tragen.<\/span><\/span><\/p>\n<p><span style=\"font-family: Arial, serif;\"><span style=\"font-size: medium;\"><b>ORGANISATION:<br \/>\n<\/b><\/span><\/span><span style=\"font-family: Arial, serif;\"><span style=\"font-size: medium;\">Alle Teilnehmerinnen und Teilnehmer fliegen als Gruppe von Berlin in die USA und werden vor Ort von unserem Programmpartner in Empfang genommen. F\u00fcr den R\u00fcckflug ist der Transport zum Flughafen ebenfalls organisiert.<\/span><\/span><\/p>\n<p><span style=\"font-family: Arial, serif;\"><span style=\"font-size: medium;\"><b>TEILNAHMEVORAUSSETZUNGEN:<br \/>\n<\/b><\/span><\/span><span style=\"font-family: Arial, serif;\"><span style=\"font-size: medium;\">Das Programm richtet sich in erster Linie an Lehrkr\u00e4fte, die <\/span><\/span><span style=\"font-family: Arial, serif;\"><span style=\"font-size: medium;\"><b>IM LAND BERLIN<\/b><\/span><\/span><span style=\"font-family: Arial, serif;\"><span style=\"font-size: medium;\"> das Fach Englisch lehren und m\u00f6glichst \u00fcber keine USA-Erfahrung verf\u00fcgen. <\/span><\/span><\/p>\n<p><span style=\"font-family: Arial, serif;\"><span style=\"font-size: medium;\">Die Lehrkr\u00e4fte m\u00fcssen bereit sein, nach ihrer R\u00fcckkehr als Multiplikatoren aufzutreten und das Erlebte sowohl in ihrem Unterricht als auch in der gesamten Schule zu vermitteln. Dar\u00fcber hinaus wird von den Teilnehmerinnen und Teilnehmern erwartet, dass sie beim Gegenbesuch der amerikanischen Lehrkr\u00e4fte im Rahmen des Educational Enrichment Program, welches in der Regel unmittelbar vor den Berliner Sommerferien des darauffolgenden Jahres stattfindet, die eine Gruppe amerikanischer Lehrkr\u00e4fte und Administratoren aus dem Bildungsbereich in ihrer Schule als G\u00e4ste zu empfangen und ihnen den Alltag an ihrer Schule n\u00e4her zu bringen.<\/span><\/span><\/p>\n<p><span style=\"font-family: Arial, serif;\"><span style=\"font-size: medium;\">Ein Visum ist nicht erforderlich, die Teilnehmer*innen m\u00fcssen jedoch \u00fcber einen g\u00fcltigen Reisepass verf\u00fcgen, der noch mindestens bis sechs Monate NACH der Ausreise aus den USA g\u00fcltig ist. <\/span><\/span><span style=\"font-family: Arial, serif;\"><span style=\"font-size: medium;\"><b>Nicht ber\u00fccksichtigt<\/b><\/span><\/span><span style=\"font-family: Arial, serif;\"><span style=\"font-size: medium;\"> werden k\u00f6nnen Bewerber*innen, die im Besitz einer Greencard bzw. mit einem\/er US-B\u00fcrger*in verheiratet sind.<\/span><\/span><\/p>\n<p><span style=\"font-family: Arial, serif;\"><span style=\"font-size: medium;\">Der Antrag auf Teilnahme (siehe unten) ist an die Checkpoint Charlie Stiftung (STEP) zu richten.<\/span><\/span><\/p>\n<p><span style=\"font-family: Arial, serif;\"><span style=\"font-size: medium;\">Die Auswahl der Lehrer*innen obliegt der Checkpoint Charlie Stiftung (STEP).<br \/>\nEin Rechtsanspruch auf Teilnahme besteht nicht. Die Antragstellenden erhalten von der Stiftung einen schriftlichen Bescheid.<\/span><\/span><\/p>\n<p><span style=\"font-family: Arial, serif;\"><span style=\"font-size: medium;\"><b>KOSTEN:<br \/>\n<\/b><\/span><\/span><span style=\"font-family: Arial, serif;\"><span style=\"font-size: medium;\">Das Land Berlin f\u00f6rdert im Rahmen des STEP-Programms j\u00e4hrlich bis zu 6 Teilnehmende. Besondere Ber\u00fccksichtigung finden Fachbetreuer*innen, Fachmoderator*innen und Fachseminarleiter*innen sowie Lehrkr\u00e4fte ohne USA-Erfahrung. Der Eigenanteil der Kosten f\u00fcr den Studienaufenthalt betr\u00e4gt derzeit 720,00 \u20ac pro Person. Entstehende Kosten bei Reiser\u00fccktritt sind von den Lehrkr\u00e4ften selbst zu erstatten, die H\u00f6he richtet sich nach dem Zeitpunkt der Absage. Der Abschluss einer privaten Reiser\u00fccktrittsversicherung \u00fcber die H\u00f6he des Eigenbeitrages wird daher empfohlen.<\/span><\/span><\/p>\n<p><span style=\"font-family: Arial, serif;\"><span style=\"font-size: medium;\"><b>WICHTIG:<br \/>\n<\/b><\/span><\/span><span style=\"font-family: Arial, serif;\"><span style=\"font-size: medium;\">Eine Beurlaubung durch den Dienstherrn ist u.a. aus Versicherungsgr\u00fcnden zu empfehlen.<\/span><\/span><\/p>\n<p><span style=\"font-family: Arial, serif;\"><span style=\"font-size: medium;\">Der Antrag auf Teilnahme ist unter Nutzung des Bewerbungsformulars (siehe Ausschreibung unten) als pdf an<\/span><\/span> <a href=\"&#109;&#x61;&#105;&#x6c;&#116;&#x6f;&#58;&#x73;&#116;&#x65;&#112;&#x40;&#99;&#x63;&#45;&#x73;&#116;&#x69;&#102;&#x74;&#117;&#x6e;&#103;&#x2e;&#100;&#x65;\"><span style=\"font-family: Arial, serif;\"><span style=\"font-size: medium;\"><u>&#x73;&#116;&#101;&#x70;&#x40;&#99;&#99;&#x2d;&#x73;&#116;&#105;&#x66;&#x74;&#117;&#110;&#x67;&#x2e;&#100;&#101;<\/u><\/span><\/span><\/a><span style=\"font-family: Arial, serif;\"><span style=\"font-size: medium;\">, Frau Ina Frost, STEP-Beauftragte, Checkpoint Charlie Stiftung, Bismarckstr. 63, 12169 Berlin- STEGLITZ, zu richten. <\/span><\/span><\/p>\n<p>&nbsp;<\/p>\n<p>&nbsp;<\/p>\n<p>&nbsp;<\/p>\n<p>&nbsp;<\/p>\n<div class=\"myCatDescription\"><\/div>\n","protected":false},"excerpt":{"rendered":"<p>BESCHREIBUNG: Im Rahmen des von der Senatsverwaltung f\u00fcr Bildung getragenen SCHOOL TEACHERS ENRICHMENT PROGRAM (STEP) vermittelt die Checkpoint Charlie Stiftung in den Herbstferien, vom 21. Oktober bis 02. November 2023 <a class=\"more-link\" href=\"https:\/\/www.cc-stiftung.de\/index.php\/experience-america-2\/\">Weiterlesen \u2192<\/a><\/p>\n","protected":false},"author":2,"featured_media":0,"parent":0,"menu_order":0,"comment_status":"closed","ping_status":"closed","template":"","meta":{"footnotes":""},"class_list":["post-249","page","type-page","status-publish","hentry"],"_links":{"self":[{"href":"https:\/\/www.cc-stiftung.de\/index.php\/wp-json\/wp\/v2\/pages\/249","targetHints":{"allow":["GET"]}}],"collection":[{"href":"https:\/\/www.cc-stiftung.de\/index.php\/wp-json\/wp\/v2\/pages"}],"about":[{"href":"https:\/\/www.cc-stiftung.de\/index.php\/wp-json\/wp\/v2\/types\/page"}],"author":[{"embeddable":true,"href":"https:\/\/www.cc-stiftung.de\/index.php\/wp-json\/wp\/v2\/users\/2"}],"replies":[{"embeddable":true,"href":"https:\/\/www.cc-stiftung.de\/index.php\/wp-json\/wp\/v2\/comments?post=249"}],"version-history":[{"count":94,"href":"https:\/\/www.cc-stiftung.de\/index.php\/wp-json\/wp\/v2\/pages\/249\/revisions"}],"predecessor-version":[{"id":5511,"href":"https:\/\/www.cc-stiftung.de\/index.php\/wp-json\/wp\/v2\/pages\/249\/revisions\/5511"}],"wp:attachment":[{"href":"https:\/\/www.cc-stiftung.de\/index.php\/wp-json\/wp\/v2\/media?parent=249"}],"curies":[{"name":"wp","href":"https:\/\/api.w.org\/{rel}","templated":true}]}}