{"id":251,"date":"2016-08-16T14:04:42","date_gmt":"2016-08-16T12:04:42","guid":{"rendered":"http:\/\/wordpress.cc-stiftung.de\/?page_id=251"},"modified":"2023-09-19T15:46:46","modified_gmt":"2023-09-19T13:46:46","slug":"berlin-minnesota-teacher-training-exchange","status":"publish","type":"page","link":"https:\/\/www.cc-stiftung.de\/index.php\/berlin-minnesota-teacher-training-exchange\/","title":{"rendered":"Berlin-Georgia Teacher Academy (BGATA) &#8211; 2024 in Vorbereitung"},"content":{"rendered":"<div class=\"myCatDescription\">\n<table border=\"0\" width=\"100%\" cellspacing=\"0\" cellpadding=\"0\">\n<tbody>\n<tr>\n<td align=\"left\" valign=\"top\">\n<div id=\"attachment_5506\" style=\"width: 310px\" class=\"wp-caption alignright\"><img loading=\"lazy\" decoding=\"async\" aria-describedby=\"caption-attachment-5506\" class=\"wp-image-5506 size-medium\" src=\"https:\/\/www.cc-stiftung.de\/wordpress\/wp-content\/uploads\/2023\/09\/pexels-alteredsnaps-11599618-300x200.jpg\" alt=\"\" width=\"300\" height=\"200\" srcset=\"https:\/\/www.cc-stiftung.de\/wordpress\/wp-content\/uploads\/2023\/09\/pexels-alteredsnaps-11599618-300x200.jpg 300w, https:\/\/www.cc-stiftung.de\/wordpress\/wp-content\/uploads\/2023\/09\/pexels-alteredsnaps-11599618-1024x684.jpg 1024w, https:\/\/www.cc-stiftung.de\/wordpress\/wp-content\/uploads\/2023\/09\/pexels-alteredsnaps-11599618-768x513.jpg 768w, https:\/\/www.cc-stiftung.de\/wordpress\/wp-content\/uploads\/2023\/09\/pexels-alteredsnaps-11599618-1536x1025.jpg 1536w, https:\/\/www.cc-stiftung.de\/wordpress\/wp-content\/uploads\/2023\/09\/pexels-alteredsnaps-11599618-2048x1367.jpg 2048w, https:\/\/www.cc-stiftung.de\/wordpress\/wp-content\/uploads\/2023\/09\/pexels-alteredsnaps-11599618-400x267.jpg 400w\" sizes=\"auto, (max-width: 300px) 100vw, 300px\" \/><p id=\"caption-attachment-5506\" class=\"wp-caption-text\">Photo by ALTEREDSNAPS : https:\/\/www.pexels.com\/photo\/city-of-atlanta-at-sunset-11599618\/<\/p><\/div>\n<p><span style=\"font-family: Arial, serif;\"><span style=\"font-size: medium;\"><b>BESCHREIBUNG:<br \/>\n<\/b><\/span><\/span><span style=\"font-family: Arial, serif;\"><span style=\"font-size: medium;\">Im Rahmen des von der Senatsverwaltung f\u00fcr Bildung getragenen SCHOOL TEACHERS ENRICHMENT PROGRAM (STEP) vermittelt die Checkpoint Charlie Stiftung in den Herbstferien, vom 21. Oktober bis 02. November (Ankunft in Berlin am 03. November) <\/span><\/span><span style=\"font-family: Arial, serif;\"><span style=\"font-size: medium;\"><b>BERLINER<\/b><\/span><\/span><span style=\"font-family: Arial, serif;\"><span style=\"font-size: medium;\"> Grundschullehrkr\u00e4fte im Bereich Fr\u00fcherziehung Englisch in den US-Partnerstaat Georgia.<\/span><\/span><\/p>\n<p><span style=\"font-family: Arial, serif;\"><span style=\"font-size: medium;\">Zielgruppe sind Englisch-Lehrkr\u00e4fte ohne USA Erfahrung.<\/span><\/span><\/p>\n<p><span style=\"font-family: Arial, serif;\"><span style=\"font-size: medium;\">Die Vor- und Nachbereitungen werden von der Checkpoint Charlie Stiftung (STEP) organisiert, betreut und durchgef\u00fchrt.<\/span><\/span><\/p>\n<p><span style=\"font-family: Arial, serif;\"><span style=\"font-size: medium;\"><b>PROGRAMM:<br \/>\n<\/b><\/span><\/span><span style=\"font-family: Arial, serif;\"><span style=\"font-size: medium;\">Bis zu 6 Berliner Grundschullehrerinnen und Grundschullehrer nehmen in Form von Hospitationen am Unterricht in der Grundschule des gastgebenden US-Lehrers teil. Dar\u00fcber hinaus lernen sie auch weitere amerikanische Schulformen kennen (z. B. magnet schools, charter schools, etc.). Zus\u00e4tzlich finden amerikaspezifische Workshops und\/oder Vortr\u00e4ge zu ausgew\u00e4hlten Themen wie z. B. Youth Culture, Integrating Minorities, Hands on Responsive Classroom, Political System in the U.S. etc. statt. Die angebotenen Themen richten sich nach der Verf\u00fcgbarkeit der jeweiligen Referenten. Au\u00dferdem gibt es Studienexkursionen in die Umgebung.<\/span><\/span><\/p>\n<div id=\"attachment_1117\" style=\"width: 359px\" class=\"wp-caption alignleft\"><img loading=\"lazy\" decoding=\"async\" aria-describedby=\"caption-attachment-1117\" class=\"wp-image-1117\" src=\"http:\/\/wordpress.cc-stiftung.de\/wp-content\/uploads\/2016\/08\/Minneapolis1-1024x613.jpg\" sizes=\"auto, (max-width: 349px) 100vw, 349px\" srcset=\"http:\/\/wordpress.cc-stiftung.de\/wp-content\/uploads\/2016\/08\/Minneapolis1-1024x613.jpg 1024w, http:\/\/wordpress.cc-stiftung.de\/wp-content\/uploads\/2016\/08\/Minneapolis1-300x180.jpg 300w, http:\/\/wordpress.cc-stiftung.de\/wp-content\/uploads\/2016\/08\/Minneapolis1-768x460.jpg 768w, http:\/\/wordpress.cc-stiftung.de\/wp-content\/uploads\/2016\/08\/Minneapolis1.jpg 1125w\" alt=\"Elementary classroom\" width=\"349\" height=\"209\" \/><p id=\"caption-attachment-1117\" class=\"wp-caption-text\">Berliner Lehrkr\u00e4fte besuchen Schulen vor Ort<\/p><\/div>\n<p><span style=\"font-family: Arial, serif;\"><span style=\"font-size: medium;\"><b>UNTERBRINGUNG UND VERPFLEGUNG:<br \/>\n<\/b><\/span><\/span><span style=\"font-family: Arial, serif;\"><span style=\"font-size: medium;\">Integraler Bestandteil dieses Kulturaustausches ist die Unterbringung in amerikanischen Gastfamilien, und zwar idealerweise in den Familien der begleitenden Lehrkr\u00e4fte der jeweiligen Schulen in Decatur,Georgia. Die Gastfamilie sorgt neben dem t\u00e4glichen Transport von und zur Grundschule auch f\u00fcr die Verpflegung mit Fr\u00fchst\u00fcck und ggf. Abendessen (bei Anwesenheit der dt. Lehrkraft). Die Mittagsversorgung erfolgt unterwegs, die Kosten daf\u00fcr sind durch die Teilnehmer*innen mehrheitlich selbst zu tragen.<\/span><\/span><\/p>\n<p><span style=\"font-family: Arial, serif;\"><span style=\"font-size: medium;\"><b>ORGANISATION:<\/b><\/span><\/span><\/p>\n<p><span style=\"font-family: Arial, serif;\"><span style=\"font-size: medium;\">Alle Teilnehmerinnen und Teilnehmer fliegen als Gruppe von Berlin in die USA und werden vor Ort von unserem Programmpartner in Empfang genommen. F\u00fcr den R\u00fcckflug ist der Transport zum Flughafen in Atlanta ebenfalls organisiert.<\/span><\/span><\/p>\n<p><span style=\"font-family: Arial, serif;\"><span style=\"font-size: medium;\"><b>TEILNAHME:<br \/>\n<\/b><\/span><\/span><span style=\"font-family: Arial, serif;\"><span style=\"font-size: medium;\">Die teilnehmenden Grundschullehrkr\u00e4fte m\u00fcssen an einer <\/span><\/span><span style=\"font-family: Arial, serif;\"><span style=\"font-size: medium;\"><b>BERLINER GRUNDSCHULE<\/b><\/span><\/span><span style=\"font-family: Arial, serif;\"><span style=\"font-size: medium;\"> in einem Fach Englisch lehren und bereit sein, nach ihrer R\u00fcckkehr als Multiplikatoren aufzutreten und das Erlebte sowohl in ihrem Unterricht als auch in der gesamten Schule zu vermitteln. Dar\u00fcber hinaus wird von den Teilnehmerinnen und Teilnehmern erwartet, dass sie beim Gegenbesuch der amerikanischen Lehrkr\u00e4fte im Rahmen des Educational Enrichment Program, welches in der Regel unmittelbar vor den Berliner Sommerferien des darauffolgenden Jahres stattfindet, die amerikanischen Besucher in ihrer Schule als G\u00e4ste empfangen und sie an mehreren Tagen in den Schul- und Unterrichtsalltag einbinden. <\/span><\/span><\/p>\n<p><a name=\"Bookmark\"><\/a> <span style=\"font-family: Arial, serif;\"><span style=\"font-size: medium;\">Teilnehmer*innen mit deutscher Staatsb\u00fcrgerschaft ben\u00f6tigen kein Visum, m\u00fcssen jedoch \u00fcber einen g\u00fcltigen Reisepass verf\u00fcgen, der noch mindestens bis sechs Monate NACH der Ausreise aus den USA g\u00fcltig ist. Nicht ber\u00fccksichtigt werden k\u00f6nnen Bewerber*innen, die im Besitz einer Greencard bzw. mit einem\/er US-B\u00fcrger*in verheiratet sind.<\/span><\/span><\/p>\n<p><span style=\"font-family: Arial, serif;\"><span style=\"font-size: medium;\">Der Antrag auf Teilnahme (siehe unten) ist an die Checkpoint Charlie Stiftung (STEP) zu richten.<\/span><\/span><\/p>\n<p><span style=\"font-family: Arial, serif;\"><span style=\"font-size: medium;\">Die Auswahl der Lehrer*innen obliegt der Checkpoint Charlie Stiftung (STEP).<\/span><\/span><\/p>\n<p><span style=\"font-family: Arial, serif;\"><span style=\"font-size: medium;\">Ein Rechtsanspruch auf Teilnahme besteht nicht. Die Antragstellenden erhalten von der Stiftung einen schriftlichen Bescheid.<\/span><\/span><\/p>\n<p><span style=\"font-family: Arial, serif;\"><span style=\"font-size: medium;\"><b>KOSTEN:<br \/>\n<\/b><\/span><\/span><span style=\"font-family: Arial, serif;\"><span style=\"font-size: medium;\">Das Land Berlin f\u00f6rdert im Rahmen des STEP-Programms j\u00e4hrlich bis zu 6 Teilnehmende. Besondere Ber\u00fccksichtigung finden Fachbetreuer*innen, Fachmoderator*innen und Fachseminarleiter*innen sowie Lehrkr\u00e4fte ohne USA-Erfahrung. <\/span><\/span><\/p>\n<p><span style=\"font-family: Arial, serif;\"><span style=\"font-size: medium;\">Der Eigenanteil f\u00fcr den Studienaufenthalt betr\u00e4gt derzeit 720,00 \u20ac pro Person. Entstehende Kosten bei Reiser\u00fccktritt sind von den Lehrkr\u00e4ften n zu erstatten, die H\u00f6he richtet sich nach dem Zeitpunkt der Absage. Der Abschluss einer privaten Reiser\u00fccktrittsversicherung \u00fcber die H\u00f6he des Eigenbeitrages wird daher empfohlen.<\/span><\/span><\/p>\n<p><span style=\"font-family: Arial, serif;\"><span style=\"font-size: medium;\"><b>WICHTIG:<br \/>\n<\/b><\/span><\/span><span style=\"font-family: Arial, serif;\"><span style=\"font-size: medium;\">Eine Beurlaubung durch den Dienstherrn ist u.a. aus Versicherungsgr\u00fcnden zu empfehlen.<\/span><\/span><\/p>\n<p><span style=\"font-family: Arial, serif;\"><span style=\"font-size: medium;\">Der Antrag auf Teilnahme ist unter Nutzung des Bewerbungsformulars (siehe Ausschreibung unten) als pdf an <a href=\"&#109;&#x61;i&#x6c;t&#111;&#x3a;&#115;&#x74;e&#112;&#x40;&#99;&#x63;-&#x73;&#x74;&#105;&#x66;t&#x75;n&#103;&#x2e;&#100;&#x65;\">&#115;&#x74;&#101;&#x70;&#64;&#x63;c&#45;&#x73;&#116;&#x69;&#102;&#x74;u&#x6e;g&#46;&#x64;&#101;<\/a>, Frau Ina Frost, STEP-Beauftragte, Checkpoint Charlie Stiftung, Bismarckstr. 63, 12169 Berlin- STEGLITZ, zu richten. <\/span><\/span><\/p>\n<p>&nbsp;<\/td>\n<\/tr>\n<\/tbody>\n<\/table>\n<\/div>\n","protected":false},"excerpt":{"rendered":"<p>BESCHREIBUNG: Im Rahmen des von der Senatsverwaltung f\u00fcr Bildung getragenen SCHOOL TEACHERS ENRICHMENT PROGRAM (STEP) vermittelt die Checkpoint Charlie Stiftung in den Herbstferien, vom 21. Oktober bis 02. November (Ankunft <a class=\"more-link\" href=\"https:\/\/www.cc-stiftung.de\/index.php\/berlin-minnesota-teacher-training-exchange\/\">Weiterlesen \u2192<\/a><\/p>\n","protected":false},"author":2,"featured_media":0,"parent":0,"menu_order":0,"comment_status":"closed","ping_status":"closed","template":"","meta":{"footnotes":""},"class_list":["post-251","page","type-page","status-publish","hentry"],"_links":{"self":[{"href":"https:\/\/www.cc-stiftung.de\/index.php\/wp-json\/wp\/v2\/pages\/251","targetHints":{"allow":["GET"]}}],"collection":[{"href":"https:\/\/www.cc-stiftung.de\/index.php\/wp-json\/wp\/v2\/pages"}],"about":[{"href":"https:\/\/www.cc-stiftung.de\/index.php\/wp-json\/wp\/v2\/types\/page"}],"author":[{"embeddable":true,"href":"https:\/\/www.cc-stiftung.de\/index.php\/wp-json\/wp\/v2\/users\/2"}],"replies":[{"embeddable":true,"href":"https:\/\/www.cc-stiftung.de\/index.php\/wp-json\/wp\/v2\/comments?post=251"}],"version-history":[{"count":69,"href":"https:\/\/www.cc-stiftung.de\/index.php\/wp-json\/wp\/v2\/pages\/251\/revisions"}],"predecessor-version":[{"id":5509,"href":"https:\/\/www.cc-stiftung.de\/index.php\/wp-json\/wp\/v2\/pages\/251\/revisions\/5509"}],"wp:attachment":[{"href":"https:\/\/www.cc-stiftung.de\/index.php\/wp-json\/wp\/v2\/media?parent=251"}],"curies":[{"name":"wp","href":"https:\/\/api.w.org\/{rel}","templated":true}]}}