{"id":271,"date":"2016-08-24T11:25:37","date_gmt":"2016-08-24T09:25:37","guid":{"rendered":"http:\/\/wordpress.cc-stiftung.de\/?page_id=271"},"modified":"2016-08-24T11:25:37","modified_gmt":"2016-08-24T09:25:37","slug":"spenden","status":"publish","type":"page","link":"https:\/\/www.cc-stiftung.de\/index.php\/spenden\/","title":{"rendered":"Spenden"},"content":{"rendered":"<h2>Freie Spenden<\/h2>\n<p>Freie Spenden an die Checkpoint Charlie Stiftung flie\u00dfen unabh\u00e4ngig von ihrer H\u00f6he nicht in das Stiftungskapital ein, sondern werden zeitnah f\u00fcr Stiftungsprojekte verwendet.<\/p>\n<p><strong>Beispiel<\/strong>:<br \/>\nFrau M. \u00fcberweist der Checkpoint Charlie Stiftung im April d. J. eine Spende in H\u00f6he von 50 Euro. Ende Mai werden im Rahmen des Projektes Nr. 30 zehn U.S.-Studenten der Creighton University (Nebraska) zu einem Bildungsprogramm in Berlin erwartet und von der Stiftung betreut. Die 50 Euro werden dazu verwandt, die studentischen Eintrittsgeb\u00fchren f\u00fcr den Besuch des Filmmuseums Berlin zu decken. Danke, Frau M.!!<\/p>\n<h2>Projektgebundene Spenden<\/h2>\n<p>Projektgebundene Spenden an die Checkpoint Charlie Stiftung werden ebenfalls zeitnah f\u00fcr Stiftungsprojekte verwendet. In diesem Fall kann sich aber der\/die SpenderIn im Voraus bei der Gesch\u00e4ftsstelle erkundigen, welche Projekte innerhalb des n\u00e4chsten halben Jahres anstehen. So kann der\/die SpenderIn selbst entscheiden, welches konkrete Projekt ihm\/ihr f\u00f6rderungsw\u00fcrdig erscheint.<\/p>\n<p><strong>Beispiel:<br \/>\n<\/strong>Herr P. erkundigt sich telefonisch \u00fcber anstehende Projekte f\u00fcr das Winterhalbjahr eines Jahres. Er erh\u00e4lt folgende Auskunft:<\/p>\n<ul>\n<li>Projekt 04 finanziert einen Workshop von deutschen und amerikanischen Theaterschauspielern in Chicago.<\/li>\n<li>Projekt 11 beinhaltet einen Druckkostenzuschuss zu einer Publikation \u00fcber die amerikanische Pr\u00e4senz in Berlin.<\/li>\n<li>Projekt 13 unterst\u00fctzt die Berlin-Reise einer amerikanischen High School Klasse und deren Unterbringung bei Berliner Gastfamilien.<\/li>\n<\/ul>\n<p>Herr P. war in seiner Jugend selbst ein Jahr in einer Gastfamilie in den USA \u2013 er entscheidet sich, f\u00fcr das Projekt 13 den Betrag von 150 Euro zu spenden. Daf\u00fcr erkunden\u00a025 High School Sch\u00fcler in einer englischsprachigen, zweist\u00fcndigen Tour das J\u00fcdische Berlin. Danke, Herr P.!!<\/p>\n<h3>Unser Konto<\/h3>\n<p>Checkpoint Charlie Stiftung<br \/>\nBerliner Volksbank<br \/>\nBLZ 100 900 00<br \/>\nKontonr. 884 805 1005<\/p>\n<p>IBAN-Nummer: DE 90 1009 0000 8848 0510 05<\/p>\n<p>Swift-Code: BEVODEBB<\/p>\n","protected":false},"excerpt":{"rendered":"<p>Freie Spenden Freie Spenden an die Checkpoint Charlie Stiftung flie\u00dfen unabh\u00e4ngig von ihrer H\u00f6he nicht in das Stiftungskapital ein, sondern werden zeitnah f\u00fcr Stiftungsprojekte verwendet. Beispiel: Frau M. \u00fcberweist der <a class=\"more-link\" href=\"https:\/\/www.cc-stiftung.de\/index.php\/spenden\/\">Weiterlesen \u2192<\/a><\/p>\n","protected":false},"author":2,"featured_media":0,"parent":0,"menu_order":0,"comment_status":"closed","ping_status":"closed","template":"","meta":{"footnotes":""},"class_list":["post-271","page","type-page","status-publish","hentry"],"_links":{"self":[{"href":"https:\/\/www.cc-stiftung.de\/index.php\/wp-json\/wp\/v2\/pages\/271","targetHints":{"allow":["GET"]}}],"collection":[{"href":"https:\/\/www.cc-stiftung.de\/index.php\/wp-json\/wp\/v2\/pages"}],"about":[{"href":"https:\/\/www.cc-stiftung.de\/index.php\/wp-json\/wp\/v2\/types\/page"}],"author":[{"embeddable":true,"href":"https:\/\/www.cc-stiftung.de\/index.php\/wp-json\/wp\/v2\/users\/2"}],"replies":[{"embeddable":true,"href":"https:\/\/www.cc-stiftung.de\/index.php\/wp-json\/wp\/v2\/comments?post=271"}],"version-history":[{"count":2,"href":"https:\/\/www.cc-stiftung.de\/index.php\/wp-json\/wp\/v2\/pages\/271\/revisions"}],"predecessor-version":[{"id":985,"href":"https:\/\/www.cc-stiftung.de\/index.php\/wp-json\/wp\/v2\/pages\/271\/revisions\/985"}],"wp:attachment":[{"href":"https:\/\/www.cc-stiftung.de\/index.php\/wp-json\/wp\/v2\/media?parent=271"}],"curies":[{"name":"wp","href":"https:\/\/api.w.org\/{rel}","templated":true}]}}