{"id":279,"date":"2016-08-24T11:23:32","date_gmt":"2016-08-24T09:23:32","guid":{"rendered":"http:\/\/wordpress.cc-stiftung.de\/?page_id=279"},"modified":"2017-01-16T14:53:11","modified_gmt":"2017-01-16T13:53:11","slug":"zustiftungen","status":"publish","type":"page","link":"https:\/\/www.cc-stiftung.de\/index.php\/zustiftungen\/","title":{"rendered":"Zustiftungen"},"content":{"rendered":"<p>Wenn Sie die Arbeit der Stiftung insgesamt f\u00f6rdern und auf Jahre erhalten wollen, so tun Sie dies in Form von <strong>Zustiftungen<\/strong> zum sogenannten Stiftungskapital. Dieses muss in G\u00e4nze erhalten bleiben, nur dessen Zinsen d\u00fcrfen zur Erf\u00fcllung des Stiftungszwecks eingesetzt werden.<\/p>\n<p>Im Gegensatz dazu flie\u00dfen <a href=\"https:\/\/www.cc-stiftung.de\/index.php\/spenden\/\">Spenden<\/a> an die CCS \u2013 unabh\u00e4ngig von ihrer H\u00f6he &#8211; nicht in das Stiftungskapital ein, sondern werden zeitnah f\u00fcr Stiftungsprojekte verwendet.<\/p>\n<h3>Formen der Zustiftung<\/h3>\n<p><strong>Zustiftungen bis \u20ac 5.000<br \/>\n<\/strong>M\u00f6chten Sie, dass Ihr Geld in das Stiftungskapital einflie\u00dft, verf\u00fcgen Sie eine \u201eZustiftung\u201c und sichern so den dauerhaften Bestand der Checkpoint Charlie Stiftung f\u00fcr die Zukunft.<\/p>\n<p><strong>Namentliche Zustiftungen ohne Zweckbindung ab \u20ac 5.000<br \/>\n<\/strong>M\u00f6chten Sie der Checkpoint Charlie Stiftung 5 000 Euro oder mehr zukommen lassen, dann werden wir Sie namentlich auf unserer Zustifter-Gedenktafel eintragen, damit Ihr soziales Engagement f\u00fcr die Nachwelt erkennbar bleibt.<\/p>\n<p><strong>Namentliche Zustiftung mit Zweckbindung ab \u20ac 50.000<br \/>\n<\/strong>Ab einem Betrag von 50 000 Euro kann der Zustifter\/die Zustifterin selbst bestimmen, f\u00fcr welchen Zweck die Geldzuwendung im Rahmen der Stiftungssatzung verwendet werden soll. Die F\u00f6rderer und ihre Stiftungszwecke werden auf unserer Zustifter-Gedenktafel aufgef\u00fchrt.<\/p>\n<p><strong>Namentliche Unterstiftung ab \u20ac 250 000<br \/>\n<\/strong>Unter dem Dach der Checkpoint Charlie Stiftung k\u00f6nnen Sie auch eine eigene Stiftung ins Leben rufen oder zum Beispiel eine bereits bestehende Familienstiftung weiterf\u00fchren lassen. Die Unterstiftung hat ihre eigene Satzung, die mit der Satzung der Checkpoint Charlie Stiftung vereinbar sein muss. Satzung, Name und Zielsetzung der Unterstiftung bleiben erhalten, sie hat aber keine rechtliche Selbst\u00e4ndigkeit. Unterstiftungen sind ab einer Summe von 250 000 Euro m\u00f6glich.<\/p>\n<h3>Unsere Bankverbindung f\u00fcr Zustiftungen<\/h3>\n<p>Vermerken Sie bitte bei Ihrer \u00dcberweisung das Stichwort \u201eZustiftung\u201c und zahlen Sie auf folgende Kontoverbindung ein:<\/p>\n<p>Checkpoint Charlie Stiftung<br \/>\n\u201eZustiftung\u201c<br \/>\nBerliner Volksbank<br \/>\nBLZ 100 900 00<br \/>\nKontonr. 884 805 1005<\/p>\n<p><span lang=\"de\">IBAN-Nummer: DE 90 1009 0000 8848 0510 05<br \/>\nSWIFT-Adresse: BEVODEBB<\/span><\/p>\n<h3>Sie m\u00f6chten mehr wissen?<\/h3>\n<p>Bei Spendeninteresse, f\u00fcr Fragen und auch bei der Suche nach einem kompetenten Anwalt in Ihrer N\u00e4he stehen wir Ihnen jederzeit zur Verf\u00fcgung. Setzen Sie sich einfach <a href=\"https:\/\/www.cc-stiftung.de\/index.php\/kontakt\/\">in Verbindung<\/a> mit uns.<\/p>\n","protected":false},"excerpt":{"rendered":"<p>Wenn Sie die Arbeit der Stiftung insgesamt f\u00f6rdern und auf Jahre erhalten wollen, so tun Sie dies in Form von Zustiftungen zum sogenannten Stiftungskapital. Dieses muss in G\u00e4nze erhalten bleiben, <a class=\"more-link\" href=\"https:\/\/www.cc-stiftung.de\/index.php\/zustiftungen\/\">Weiterlesen \u2192<\/a><\/p>\n","protected":false},"author":2,"featured_media":0,"parent":0,"menu_order":0,"comment_status":"closed","ping_status":"closed","template":"","meta":{"footnotes":""},"class_list":["post-279","page","type-page","status-publish","hentry"],"_links":{"self":[{"href":"https:\/\/www.cc-stiftung.de\/index.php\/wp-json\/wp\/v2\/pages\/279","targetHints":{"allow":["GET"]}}],"collection":[{"href":"https:\/\/www.cc-stiftung.de\/index.php\/wp-json\/wp\/v2\/pages"}],"about":[{"href":"https:\/\/www.cc-stiftung.de\/index.php\/wp-json\/wp\/v2\/types\/page"}],"author":[{"embeddable":true,"href":"https:\/\/www.cc-stiftung.de\/index.php\/wp-json\/wp\/v2\/users\/2"}],"replies":[{"embeddable":true,"href":"https:\/\/www.cc-stiftung.de\/index.php\/wp-json\/wp\/v2\/comments?post=279"}],"version-history":[{"count":6,"href":"https:\/\/www.cc-stiftung.de\/index.php\/wp-json\/wp\/v2\/pages\/279\/revisions"}],"predecessor-version":[{"id":2194,"href":"https:\/\/www.cc-stiftung.de\/index.php\/wp-json\/wp\/v2\/pages\/279\/revisions\/2194"}],"wp:attachment":[{"href":"https:\/\/www.cc-stiftung.de\/index.php\/wp-json\/wp\/v2\/media?parent=279"}],"curies":[{"name":"wp","href":"https:\/\/api.w.org\/{rel}","templated":true}]}}