{"id":2949,"date":"2018-05-31T13:07:45","date_gmt":"2018-05-31T11:07:45","guid":{"rendered":"http:\/\/www.cc-stiftung.de\/?page_id=2949"},"modified":"2018-05-31T16:22:47","modified_gmt":"2018-05-31T14:22:47","slug":"datenschutzerklaerung-fuer-die-homepage-der-checkpoint-charlie-stiftung","status":"publish","type":"page","link":"https:\/\/www.cc-stiftung.de\/index.php\/datenschutzerklaerung-fuer-die-homepage-der-checkpoint-charlie-stiftung\/","title":{"rendered":"Datenschutzerkl\u00e4rung f\u00fcr die Homepage der Checkpoint Charlie Stiftung"},"content":{"rendered":"<p><strong>&#8211;English version follows the German version&#8211;<\/strong><\/p>\n<p>1. Diese Datenschutzhinweise gelten f\u00fcr die Datenverarbeitung der Webseite der:<\/p>\n<p>Checkpoint Charlie Stiftung<br \/>\nBismarckstr. 63, 12169 Berlin<br \/>\nTel.: +49 (0) 30\/844 90 60<br \/>\nFax: +49 (0) 30\/844 90 620<br \/>\nEmail: &#x69;&#110;f&#x6f;&#x40;&#99;c&#x2d;&#115;t&#x69;&#x66;&#116;u&#x6e;&#103;&#46;&#x64;&#x65;<\/p>\n<p><strong>2. <\/strong><strong>Erhebung und Speicherung personenbezogener Daten sowie Art und Zweck von deren Verwendung<\/strong><\/p>\n<p>Beim Aufrufen unserer Website www.cc-stiftung.de werden durch den auf Ihrem Endger\u00e4t zum Einsatz kommenden Browser automatisch Informationen an den Server unserer Website gesendet. Diese Informationen werden tempor\u00e4r in einem sog. Logfile gespeichert. Folgende Informationen werden dabei ohne Ihr Zutun erfasst und bis zur automatisierten L\u00f6schung gespeichert:<\/p>\n<ul>\n<li>IP-Adresse des anfragenden Rechners,<\/li>\n<li>Datum und Uhrzeit des Zugriffs,<\/li>\n<li>Name und URL der abgerufenen Datei,<\/li>\n<li>Website, von der aus der Zugriff erfolgt (Referrer-URL),<\/li>\n<li>verwendeter Browser und ggf. das Betriebssystem Ihres Rechners sowie der Name Ihres Access-Providers.<\/li>\n<\/ul>\n<p>Die genannten Daten werden durch uns zu folgenden Zwecken verarbeitet:<\/p>\n<ul>\n<li>Gew\u00e4hrleistung eines reibungslosen Verbindungsaufbaus der Website,<\/li>\n<li>Gew\u00e4hrleistung einer komfortablen Nutzung unserer Website,<\/li>\n<li>Auswertung der Systemsicherheit und -stabilit\u00e4t sowie<\/li>\n<li>Der Anpassung von Inhalten der Website bzw. deren Neugestaltung.<\/li>\n<\/ul>\n<p>Die Rechtsgrundlage f\u00fcr die Datenverarbeitung ist Art. 6 Abs. 1 S. 1 lit. f DSGVO. Unser berechtigtes Interesse folgt aus oben aufgelisteten Zwecken zur Datenerhebung. In keinem Fall verwenden wir die erhobenen Daten zu dem Zweck, R\u00fcckschl\u00fcsse auf Ihre Person zu ziehen.<\/p>\n<p><strong>3. <\/strong><strong>Weitergabe von Daten<\/strong><\/p>\n<p>Eine \u00dcbermittlung Ihrer pers\u00f6nlichen Daten an Dritte zu anderen als den im Folgenden aufgef\u00fchrten Zwecken findet nicht statt. Wir geben Ihre pers\u00f6nlichen Daten nur an Dritte weiter, wenn Sie Ihre nach Art. 6 Abs. 1 S. 1 lit. a DSGVO ausdr\u00fcckliche Einwilligung dazu erteilt haben<strong>.<\/strong><\/p>\n<p><strong>4. Betroffenenrechte<\/strong><\/p>\n<p>Sie haben das Recht:<\/p>\n<ul>\n<li>gem\u00e4\u00df Art. 15 DSGVO Auskunft \u00fcber Ihre von uns verarbeiteten personenbezogenen Daten zu verlangen. Insbesondere k\u00f6nnen Sie Auskunft \u00fcber die Verarbeitungszwecke, die Kategorie der personenbezogenen Daten, die Kategorien von Empf\u00e4ngern, gegen\u00fcber denen Ihre Daten offengelegt wurden oder werden, die geplante Speicherdauer, das Bestehen eines Rechts auf Berichtigung, L\u00f6schung, Einschr\u00e4nkung der Verarbeitung oder Widerspruch, das Bestehen eines Beschwerderechts, die Herkunft ihrer Daten, sofern diese nicht bei uns erhoben wurden, sowie \u00fcber das Bestehen einer automatisierten Entscheidungsfindung einschlie\u00dflich Profiling und ggf. aussagekr\u00e4ftigen Informationen zu deren Einzelheiten verlangen;<\/li>\n<li>gem\u00e4\u00df Art. 16 DSGVO unverz\u00fcglich die Berichtigung unrichtiger oder Vervollst\u00e4ndigung Ihrer bei uns gespeicherten personenbezogenen Daten zu verlangen;<\/li>\n<li>gem\u00e4\u00df Art. 17 DSGVO die L\u00f6schung Ihrer bei uns gespeicherten personenbezogenen Daten zu verlangen, soweit nicht die Verarbeitung zur Aus\u00fcbung des Rechts auf freie Meinungs\u00e4u- \u00dferung und Information, zur Erf\u00fcllung einer rechtlichen Verpflichtung, aus Gr\u00fcnden des \u00f6ffentlichen Interesses oder zur Geltendmachung, Aus\u00fcbung oder Verteidigung von Rechtsanspr\u00fcchen erforderlich ist;<\/li>\n<li>gem\u00e4\u00df Art. 18 DSGVO die Einschr\u00e4nkung der Verarbeitung Ihrer personenbezogenen Daten zu verlangen, soweit die Richtigkeit der Daten von Ihnen bestritten wird, die Verarbeitung unrechtm\u00e4\u00dfig ist, Sie aber deren L\u00f6schung ablehnen und wir die Daten nicht mehr ben\u00f6tigen, Sie jedoch diese zur Geltendmachung, Aus\u00fcbung oder Verteidigung von Rechtsanspr\u00fcchen ben\u00f6tigen oder Sie gem\u00e4\u00df Art. 21 DSGVO Widerspruch gegen die Verarbeitung eingelegt haben;<\/li>\n<li>gem\u00e4\u00df Art. 20 DSGVO Ihre personenbezogenen Daten, die Sie uns bereitgestellt haben, in einem strukturierten, g\u00e4ngigen und maschinenlesebaren Format zu erhalten oder die \u00dcbermittlung an einen anderen Verantwortlichen zu verlangen;<\/li>\n<li>gem\u00e4\u00df Art. 7 Abs. 3 DSGVO Ihre einmal erteilte Einwilligung jederzeit gegen\u00fcber uns zu widerrufen. Dies hat zur Folge, dass wir die Datenverarbeitung, die auf dieser Einwilligung beruhte, f\u00fcr die Zukunft nicht mehr fortf\u00fchren d\u00fcrfen und<\/li>\n<li>gem\u00e4\u00df Art. 77 DSGVO sich bei einer Aufsichtsbeh\u00f6rde zu beschweren. In der Regel k\u00f6nnen Sie sich hierf\u00fcr an die Aufsichtsbeh\u00f6rde Ihres \u00fcblichen Aufenthaltsortes oder Arbeitsplatzes oder unserer Gesch\u00e4ftsstelle wenden.<\/li>\n<\/ul>\n<p><strong>5. Widerspruchsrecht<\/strong><\/p>\n<p>Sofern Ihre personenbezogenen Daten auf Grundlage von berechtigten Interessen gem\u00e4\u00df Art. 6 Abs. 1 S. 1 lit. f DSGVO verarbeitet werden, haben Sie das Recht, gem\u00e4\u00df Art. 21 DSGVO Widerspruch gegen die Verarbeitung Ihrer personenbezogenen Daten einzulegen, soweit daf\u00fcr Gr\u00fcnde vorliegen, die sich aus Ihrer besonderen Situation ergeben. M\u00f6chten Sie von Ihrem Widerrufs- oder Widerspruchsrecht Gebrauch machen, senden Sie eine E-Mail an <a href=\"&#x6d;&#97;i&#x6c;&#116;o&#x3a;&#105;n&#x66;&#111;&#64;&#x63;&#99;-&#x73;&#116;i&#x66;&#116;u&#x6e;&#103;&#46;&#x64;&#101;\">&#x69;&#110;&#x66;&#x6f;&#64;&#x63;&#x63;&#45;&#x73;&#x74;&#105;&#x66;&#x74;u&#x6e;&#x67;&#46;&#x64;&#101;<\/a>.<\/p>\n<p><strong>6. Datensicherheit<\/strong><\/p>\n<p>Wir bedienen uns geeigneter technischer und organisatorischer Sicherheitsma\u00dfnahmen, um Ihre Daten gegen zuf\u00e4llige oder vors\u00e4tzliche Manipulationen, teilweisen oder vollst\u00e4ndigen Verlust, Zerst\u00f6rung oder gegen den unbefugten Zugriff Dritter zu sch\u00fctzen. Unsere Sicherheitsma\u00dfnahmen werden entsprechend der technologischen Entwicklung fortlaufend verbessert.<\/p>\n<p><strong>7. <\/strong><strong>Aktualit\u00e4t und \u00c4nderung dieser Datenschutzerkl\u00e4rung<\/strong><\/p>\n<p>Diese Datenschutzerkl\u00e4rung ist aktuell g\u00fcltig und hat den Stand Mai 2018.<\/p>\n<p>Durch die Weiterentwicklung unserer Website oder aufgrund ge\u00e4nderter gesetzlicher beziehungsweise beh\u00f6rdlicher Vorgaben kann es notwendig werden, diese Datenschutzerkl\u00e4rung zu \u00e4ndern.<\/p>\n<p>&#8212;&#8212;&#8212;&#8212;&#8212;&#8212;&#8212;&#8212;&#8212;&#8212;&#8212;&#8212;&#8212;&#8212;&#8212;&#8212;&#8212;&#8212;&#8212;&#8212;&#8212;&#8212;&#8212;&#8212;&#8212;&#8212;&#8212;&#8212;&#8212;&#8212;&#8212;&#8212;&#8212;&#8212;&#8212;&#8212;&#8212;&#8212;&#8212;&#8212;&#8212;&#8211;<\/p>\n<p><strong>English Version<\/strong><\/p>\n<p><strong>Data privacy declaration for the home page of the Checkpoint Charlie Foundation<\/strong><\/p>\n<p><strong>1. This data privacy declaration applies to the processing of data by:<\/strong><\/p>\n<p>Checkpoint Charlie Stiftung<br \/>\nBismarckstr. 63<br \/>\n12169 Berlin, Germany<br \/>\nTel.: +49 (0) 30\/844 90 60<br \/>\nFax: +49 (0) 30\/844 90 620<br \/>\nEmail: &#x69;&#110;f&#x6f;&#64;&#99;&#x63;&#x2d;&#115;t&#x69;&#102;t&#x75;&#x6e;&#103;&#46;&#x64;&#101;<\/p>\n<p><strong>\u00a0<\/strong><\/p>\n<p><strong>\u00a02. <\/strong><strong>The collection and storage of personal data as well as the means and reasons for which they are processed<\/strong><\/p>\n<p>When you visit our website <a href=\"https:\/\/www.cc-stiftung.de\">www.cc-stiftung.de<\/a>, the browser that you use automatically transmits information to our website\u2019s server. This information is temporarily stored in a so-called logfile. The following information is collected in this process\u00a0 without your active involvement and is saved until it is automatically deleted:<\/p>\n<ul>\n<li>The IP address of the computer you are using to visit the site<\/li>\n<li>The date and time of the visit<\/li>\n<li>The name and URL of the files you access<\/li>\n<li>The website that refers you to our page (the so-called referring page or referring URL),<\/li>\n<li>The browser you are using and in some cases your computer\u2019s operating system, as well as the name of your access provider.<\/li>\n<\/ul>\n<p>The data specified above are processed by us for the following purposes:<\/p>\n<ul>\n<li>To ensure the smooth establishment of a connection between our website and the computers accessing it<\/li>\n<li>To ensure that the use of our website is convenient and practical<\/li>\n<li>To assess the security and stability of our website<\/li>\n<li>And to adjust the website content, including, if necessary, its redesign.<\/li>\n<\/ul>\n<p>The legal basis for the processing of this data is provided by Article 6(1)(f) of the GDPR. Our legitimate interest is derived from the above-listed purposes for collecting the data. Under no circumstances will we use the data collected to deduce any information about your person.<\/p>\n<p>&nbsp;<\/p>\n<p><strong>\u00a03. <\/strong><strong>Transmission of data. <\/strong><\/p>\n<p>We do not transmit your personal data to third parties in any other form other than those specified here: we will only transmit your data to third parties if you give us your express permission to do so under Article 6(1)(a) of the GDPR, or if we are required to do so by law.<\/p>\n<p>&nbsp;<\/p>\n<p><strong>\u00a04. <\/strong><strong>Your rights<\/strong><\/p>\n<p>You have the right:<\/p>\n<ul>\n<li>In accordance with Article 15 of the GDPR to require that we provide you with information about the personal data about you that we process. In particular, you may request information about the purposes for which the data is processed, the categories of personal data involved, the categories of recipients to whom your data have or will be transmitted, how long the data will be saved, your right to correct or delete the data, restrict or protest their processing, your rights to complain, the origin of your data (if they were not collected by us), as well as the existence of automated decisions made about you based on this data, including profiling, and any meaningful information about the details of such decisions;<\/li>\n<li>To demand the prompt correction of incorrect or the completion of incomplete personal data on you that we have saved, in accordance with Article 16 of the GDPR<\/li>\n<li>To demand the deletion of personal data on you that we have saved in accordance with Article 17 of the GDPR, as long as the processing of this data is not required to exercise the right to free speech and information, to fulfill legal obligations, for reasons of the public interest or to enforce, exercise or defend legal rights.<\/li>\n<li>To demand that the processing of your personal data be limited in accordance with Article 18 of the GDPR, to the extent that you dispute the accuracy of the data and their processing is unlawful, but you refuse their deletion and we no longer need the data, but you need them to enforce, exercise, or defend legal rights or you have objected to their processing in accordance with Article 21 of the GDPR.<\/li>\n<li>In accordance with Article 20 of the GDPR, to have the personal data that you have provided to us presented to you in a structured, commonplace, and machine-readable format, or to have them provided to another responsible party;<\/li>\n<li>To withdraw the consent that you have granted to us to store and process your data at any time, in accordance with Article 7(3) of the GDPR. This will have the result that, in the future, we may not continue to process the data that is based upon such consent.<\/li>\n<li>To complain to a responsible authority in accordance with Article 77 of the GDPR. As a rule, you can contact the regulatory authority that is responsible for your place of residence, your workplace, or our office.<\/li>\n<\/ul>\n<p><strong>5. Right to object<\/strong><\/p>\n<p>To the extent that the processing of your personal data is based upon justified interests according to Article 6(1)(f) of the GDPR, you have the right, according to Article 21 of the GDPR, to object to the processing of your personal data, if grounds for such an objection related to your personal situation exist. If you would like to use your right to object, send an e-mail to <a href=\"m&#97;&#x69;&#x6c;t&#111;&#58;&#x69;&#x6e;f&#111;&#64;&#x63;&#x63;-&#115;&#x74;&#x69;&#x66;t&#117;&#x6e;&#x67;&#46;&#100;&#101;\">i&#110;&#x66;&#x6f;&#x40;c&#99;&#x2d;&#x73;&#x74;i&#102;&#x74;&#x75;&#x6e;g&#46;&#x64;&#x65;<\/a>.<\/p>\n<p><strong>6. Data security<\/strong><\/p>\n<p>We use suitable technical and organizational security measures to protect your data against accidental or intentional manipulation, partial or complete loss, destruction or unauthorized access by third parties. Our security measures are regularly improved to account for technological advances.<\/p>\n<p><strong>\u00a07. <\/strong><strong>Timeliness and changes to this declaration. <\/strong><\/p>\n<p>This data privacy declaration is currently valid and is up to date as of May 2018.<\/p>\n<p>Due to the continuous improvement of our website or due to changes in legal or government requirements it may be occasionally necessary to update this declaration.<\/p>\n<p>&nbsp;<\/p>\n","protected":false},"excerpt":{"rendered":"<p>&#8211;English version follows the German version&#8211; 1. Diese Datenschutzhinweise gelten f\u00fcr die Datenverarbeitung der Webseite der: Checkpoint Charlie Stiftung Bismarckstr. 63, 12169 Berlin Tel.: +49 (0) 30\/844 90 60 Fax: <a class=\"more-link\" href=\"https:\/\/www.cc-stiftung.de\/index.php\/datenschutzerklaerung-fuer-die-homepage-der-checkpoint-charlie-stiftung\/\">Weiterlesen \u2192<\/a><\/p>\n","protected":false},"author":1,"featured_media":0,"parent":0,"menu_order":0,"comment_status":"closed","ping_status":"closed","template":"","meta":{"footnotes":""},"class_list":["post-2949","page","type-page","status-publish","hentry"],"_links":{"self":[{"href":"https:\/\/www.cc-stiftung.de\/index.php\/wp-json\/wp\/v2\/pages\/2949","targetHints":{"allow":["GET"]}}],"collection":[{"href":"https:\/\/www.cc-stiftung.de\/index.php\/wp-json\/wp\/v2\/pages"}],"about":[{"href":"https:\/\/www.cc-stiftung.de\/index.php\/wp-json\/wp\/v2\/types\/page"}],"author":[{"embeddable":true,"href":"https:\/\/www.cc-stiftung.de\/index.php\/wp-json\/wp\/v2\/users\/1"}],"replies":[{"embeddable":true,"href":"https:\/\/www.cc-stiftung.de\/index.php\/wp-json\/wp\/v2\/comments?post=2949"}],"version-history":[{"count":9,"href":"https:\/\/www.cc-stiftung.de\/index.php\/wp-json\/wp\/v2\/pages\/2949\/revisions"}],"predecessor-version":[{"id":2958,"href":"https:\/\/www.cc-stiftung.de\/index.php\/wp-json\/wp\/v2\/pages\/2949\/revisions\/2958"}],"wp:attachment":[{"href":"https:\/\/www.cc-stiftung.de\/index.php\/wp-json\/wp\/v2\/media?parent=2949"}],"curies":[{"name":"wp","href":"https:\/\/api.w.org\/{rel}","templated":true}]}}