{"id":30,"date":"2016-04-04T16:47:12","date_gmt":"2016-04-04T14:47:12","guid":{"rendered":"http:\/\/wordpress.cc-stiftung.de.w0144e97.kasserver.com\/?p=30"},"modified":"2022-12-19T14:19:10","modified_gmt":"2022-12-19T13:19:10","slug":"vorstand","status":"publish","type":"page","link":"https:\/\/www.cc-stiftung.de\/index.php\/vorstand\/","title":{"rendered":"Vorstand"},"content":{"rendered":"<div class=\"myCat\">Der Vorstand der Stiftung besteht aus einem\/r Vorsitzenden, einem\/r Stellvertreter*in sowie drei weiteren Vorstandsmitgliedern, die vom Regierenden B\u00fcrgermeister von Berlin f\u00fcr eine Amtszeit von f\u00fcnf Jahren bestellt werden. Wiederbestellungen oder vorzeitige Abberufungen aus wichtigem Grund sind m\u00f6glich. Die T\u00e4tigkeit der Vorstandsmitglieder erfolgt ehrenamtlich.<\/div>\n<p align=\"justify\">Der Vorstand ist das wichtigste Organ der Stiftung; seine Aufgaben sind in \u00a76 der <a href=\"https:\/\/www.cc-stiftung.de\/index.php\/satzung\/\">Satzung<\/a> festgelegt.<\/p>\n<p><strong>Mitglieder<\/strong><\/p>\n<ul>\n<li><a href=\"http:\/\/www.berlin.de\/rbmskzl\/regierender-buergermeister\/buergermeister-von-berlin\/buergermeistergalerie\/artikel.4640.php\" target=\"_blank\" rel=\"noopener\">Walter Momper<\/a> (Vorsitzender), Regierender B\u00fcrgermeister a.D.<\/li>\n<li><a href=\"http:\/\/www.parlament-berlin.de\/de\/Abgeordnete\/Schillhaneck-Anja_1\" target=\"_blank\" rel=\"noopener\">Prof. Anja Schillhaneck<\/a> (Stellvertretende Vorsitzende), ehem. Vizepr\u00e4sidentin des <a href=\"https:\/\/www.parlament-berlin.de\/de\/Startseite\">Abgeordnetenhauses<\/a>, MdA a.D.<\/li>\n<li><a href=\"https:\/\/www.florian-graf.info\/\">Florian Graf<\/a>, ehem. Fraktionsvorsitzender CDU, MdA a.D.<\/li>\n<li>David Mees, Kulturattach\u00e9 der <a href=\"https:\/\/de.usembassy.gov\/de\/\">Botschaft der Vereinigten Staaten von Amerika<\/a><\/li>\n<li>Ludger Pieper, ehem. Abteilungsleiter, <a href=\"https:\/\/www.berlin.de\/sen\/bjf\/\">Senatsverwaltung f\u00fcr Bildung<\/a>, Vorsitzender des <a href=\"https:\/\/www.kmk.org\/kmk\/organe.html\">Schulausschusses der KMK<\/a>, a.D.<\/li>\n<\/ul>\n<p><em>Die aktuelle Amtszeit endet am 30. Juni 2024. <\/em><\/p>\n","protected":false},"excerpt":{"rendered":"<p>Der Vorstand der Stiftung besteht aus einem\/r Vorsitzenden, einem\/r Stellvertreter*in sowie drei weiteren Vorstandsmitgliedern, die vom Regierenden B\u00fcrgermeister von Berlin f\u00fcr eine Amtszeit von f\u00fcnf Jahren bestellt werden. Wiederbestellungen oder <a class=\"more-link\" href=\"https:\/\/www.cc-stiftung.de\/index.php\/vorstand\/\">Weiterlesen \u2192<\/a><\/p>\n","protected":false},"author":1,"featured_media":0,"parent":0,"menu_order":0,"comment_status":"open","ping_status":"open","template":"","meta":{"footnotes":""},"class_list":["post-30","page","type-page","status-publish","hentry"],"_links":{"self":[{"href":"https:\/\/www.cc-stiftung.de\/index.php\/wp-json\/wp\/v2\/pages\/30","targetHints":{"allow":["GET"]}}],"collection":[{"href":"https:\/\/www.cc-stiftung.de\/index.php\/wp-json\/wp\/v2\/pages"}],"about":[{"href":"https:\/\/www.cc-stiftung.de\/index.php\/wp-json\/wp\/v2\/types\/page"}],"author":[{"embeddable":true,"href":"https:\/\/www.cc-stiftung.de\/index.php\/wp-json\/wp\/v2\/users\/1"}],"replies":[{"embeddable":true,"href":"https:\/\/www.cc-stiftung.de\/index.php\/wp-json\/wp\/v2\/comments?post=30"}],"version-history":[{"count":25,"href":"https:\/\/www.cc-stiftung.de\/index.php\/wp-json\/wp\/v2\/pages\/30\/revisions"}],"predecessor-version":[{"id":5276,"href":"https:\/\/www.cc-stiftung.de\/index.php\/wp-json\/wp\/v2\/pages\/30\/revisions\/5276"}],"wp:attachment":[{"href":"https:\/\/www.cc-stiftung.de\/index.php\/wp-json\/wp\/v2\/media?parent=30"}],"curies":[{"name":"wp","href":"https:\/\/api.w.org\/{rel}","templated":true}]}}