{"id":311,"date":"2016-08-18T11:07:36","date_gmt":"2016-08-18T09:07:36","guid":{"rendered":"http:\/\/wordpress.cc-stiftung.de\/?page_id=311"},"modified":"2016-08-18T11:07:36","modified_gmt":"2016-08-18T09:07:36","slug":"grundsaetze-fuer-die-durchfuehrung-von-austauschprojekten-der-checkpoint-charlie-stiftung","status":"publish","type":"page","link":"https:\/\/www.cc-stiftung.de\/index.php\/grundsaetze-fuer-die-durchfuehrung-von-austauschprojekten-der-checkpoint-charlie-stiftung\/","title":{"rendered":"Grunds\u00e4tze f\u00fcr die Durchf\u00fchrung von Austauschprojekten der Checkpoint Charlie Stiftung"},"content":{"rendered":"<div class=\"myCatHeading\">(gem\u00e4\u00df Vorstandsbeschluss vom 01.10.2008)<\/div>\n<div class=\"myCatHeading\">\n<p align=\"justify\">1. Begegnungsprojekte der Checkpoint Charlie Stiftung (CCS) in Berlin und in den USA sind in der Regel bilateral zu planen. Ziel ist dabei die gegenseitige Vermittlung von Kenntnissen \u00fcber die beiden Kulturkreise und ihre Unterschiede. Lediglich das Lehrer-(austausch)Programm STEP wird in allen 16 Bundesl\u00e4ndern angeboten.<\/p>\n<p align=\"justify\">2. Bei der Planung dieser Projekte werden daher von den jeweiligen Partnern die unterschiedlichen Verfassungen und gesetzlichen Regeln ihrer L\u00e4nder respektiert.<\/p>\n<p align=\"justify\">3. Die CCS wird also bei allen Ma\u00dfnahmen in Deutschland die in unserem Kulturkreis \u00fcblichen Regeln beachten.<\/p>\n<p align=\"justify\">4. Das ist besonders bei allen aus \u00f6ffentlichen Mitteln gef\u00f6rderten Projekten zwingend notwendig, da Abweichungen die Einstellung von Zuschusszahlungen bedeuten w\u00fcrde.<\/p>\n<p align=\"justify\">5. Zu den Unterschieden zwischen den USA und Deutschland geh\u00f6ren jeweils andere Regelungen beim Schutz pers\u00f6nlicher Daten. So sind in Deutschland und damit f\u00fcr die CCS Fragen nach Hautfarbe, Religion und sexuellen Neigungen von Teilnehmern an unseren Programmen gesetzlich gesch\u00fctzt und deshalb gesetzlich unzul\u00e4ssig.<\/p>\n<p align=\"justify\">6. F\u00fcr die unter das STEP-Programm fallenden Programme (GTEP), also insbesondere f\u00fcr Ma\u00dfnahmen im Lehrerbereich, sind die Kultusministerien in Deutschland sowie alle offiziell akkreditierten Schulen unsere Partner. Das umfa\u00dft Schulen in \u00f6ffentlicher sowie privater Tr\u00e4gerschaft, die ganz oder \u00fcberwiegend aus Steuergeldern finanziert werden. Zu ihnen geh\u00f6ren z.B. alle Europaschulen, alle Schulen mit besonderen p\u00e4dagogischen Schwerpunkten und Schulen mit kirchlicher Ausrichtung. An der illegalen Diskriminierung von Teilen des deutschen Schulwesens wird sich die CCS nicht beteiligen.<\/p>\n<\/div>\n<div class=\"myCatDescription\">\n<\/div>\n","protected":false},"excerpt":{"rendered":"<p>(gem\u00e4\u00df Vorstandsbeschluss vom 01.10.2008) 1. Begegnungsprojekte der Checkpoint Charlie Stiftung (CCS) in Berlin und in den USA sind in der Regel bilateral zu planen. Ziel ist dabei die gegenseitige Vermittlung <a class=\"more-link\" href=\"https:\/\/www.cc-stiftung.de\/index.php\/grundsaetze-fuer-die-durchfuehrung-von-austauschprojekten-der-checkpoint-charlie-stiftung\/\">Weiterlesen \u2192<\/a><\/p>\n","protected":false},"author":2,"featured_media":0,"parent":0,"menu_order":0,"comment_status":"closed","ping_status":"closed","template":"","meta":{"footnotes":""},"class_list":["post-311","page","type-page","status-publish","hentry"],"_links":{"self":[{"href":"https:\/\/www.cc-stiftung.de\/index.php\/wp-json\/wp\/v2\/pages\/311","targetHints":{"allow":["GET"]}}],"collection":[{"href":"https:\/\/www.cc-stiftung.de\/index.php\/wp-json\/wp\/v2\/pages"}],"about":[{"href":"https:\/\/www.cc-stiftung.de\/index.php\/wp-json\/wp\/v2\/types\/page"}],"author":[{"embeddable":true,"href":"https:\/\/www.cc-stiftung.de\/index.php\/wp-json\/wp\/v2\/users\/2"}],"replies":[{"embeddable":true,"href":"https:\/\/www.cc-stiftung.de\/index.php\/wp-json\/wp\/v2\/comments?post=311"}],"version-history":[{"count":2,"href":"https:\/\/www.cc-stiftung.de\/index.php\/wp-json\/wp\/v2\/pages\/311\/revisions"}],"predecessor-version":[{"id":762,"href":"https:\/\/www.cc-stiftung.de\/index.php\/wp-json\/wp\/v2\/pages\/311\/revisions\/762"}],"wp:attachment":[{"href":"https:\/\/www.cc-stiftung.de\/index.php\/wp-json\/wp\/v2\/media?parent=311"}],"curies":[{"name":"wp","href":"https:\/\/api.w.org\/{rel}","templated":true}]}}