{"id":315,"date":"2016-08-16T15:27:09","date_gmt":"2016-08-16T13:27:09","guid":{"rendered":"http:\/\/wordpress.cc-stiftung.de\/?page_id=315"},"modified":"2016-08-16T15:27:09","modified_gmt":"2016-08-16T13:27:09","slug":"geschaeftsordnung-des-kuratoriums","status":"publish","type":"page","link":"https:\/\/www.cc-stiftung.de\/index.php\/geschaeftsordnung-des-kuratoriums\/","title":{"rendered":"Gesch\u00e4ftsordnung des Kuratoriums"},"content":{"rendered":"<div class=\"myCatDescription\">\n<table border=\"0\" width=\"100%\" cellspacing=\"0\" cellpadding=\"0\">\n<tbody>\n<tr>\n<td align=\"left\" valign=\"top\">\n<p align=\"center\"><strong>\u00a7 1<\/strong><\/p>\n<p align=\"justify\">Die T\u00e4tigkeit des Kuratoriums richtet sich nach \u00a7 8 der Satzung und dieser Gesch\u00e4ftsordnung, soweit sie Ausf\u00fchrungsbestimmungen f\u00fcr die innere Ordnung und den Gesch\u00e4ftsgang darstellt.<\/p>\n<p align=\"center\"><strong>\u00a7 2<\/strong><\/p>\n<p align=\"justify\">(1) Das Kuratorium besteht aus mindestens neun Mitgliedern, die vom Regierenden B\u00fcrgermeister von Berlin f\u00fcr eine Amtszeit von vier Jahren bestellt werden.<\/p>\n<p align=\"justify\">(2) Seinen Vorsitzenden und dessen Stellvertreter w\u00e4hlt das Kuratorium aus seiner Mitte.<\/p>\n<p align=\"justify\">(3) Die T\u00e4tigkeit der Kuratoren erfolgt ehrenamtlich und unentgeltlich. Sie haben jedoch Anspruch auf Ersatz ihrer baren Auslagen.<\/p>\n<p align=\"center\"><strong>\u00a7 3<\/strong><\/p>\n<p align=\"justify\">Dem Vorstand ist zur Vorlage bei der Aufsichtsbeh\u00f6rde unverz\u00fcglich die Zusammensetzung des Kuratoriums einschlie\u00dflich der Verteilung der \u00c4mter mitzuteilen und zu belegen.<\/p>\n<p align=\"center\"><strong>\u00a7 4<\/strong><\/p>\n<p align=\"justify\">(1) Das Kuratorium hat (gem. \u00a7 8 Nr. 3 a der Satzung) die Aufgabe, den Vorstand bei Entscheidungen \u00fcber die Erf\u00fcllung des Stiftungszwecks zu beraten und zu \u00fcberwachen.<\/p>\n<p align=\"justify\">(2) Das Kuratorium kann \u00c4nderungen der Satzung beschlie\u00dfen. Der Beschlu\u00df bedarf gem. \u00a7 10 Nr. 3 der Satzung der Zustimmung des Regierenden B\u00fcrgermeisters von Berlin und der Genehmigung der Senatsverwaltung f\u00fcr Justiz als Aufsichtsbeh\u00f6rde.<\/p>\n<p align=\"center\"><strong>\u00a7 5<\/strong><\/p>\n<p align=\"justify\">(1) Die Beschl\u00fcsse des Kuratoriums werden in Sitzungen oder im Wege schriftlicher Abstimmung gefa\u00dft.<\/p>\n<p align=\"justify\">(2) Die Sitzungen werden mindestens einmal im Jahr schriftlich unter genauer Mitteilung der Tagesordnung vom Vorsitzenden oder dessen Stellvertreter einberufen und geleitet. Sitzungen k\u00f6nnen dar\u00fcber hinaus auch auf Antrag eines Drittels der Kuratoriumsmitglieder, also durch mindestens drei Mitglieder, schriftlich und unter Angabe der Tagesordnung einberufen werden. Der Sitzungsleiter bestimmt die Art der Abstimmungen, die Reihenfolge der Verhandlungsgegenst\u00e4nde sowie den Inhalt der Niederschriften \u00fcber die Verhandlungen und Beschl\u00fcsse.<\/p>\n<p align=\"justify\">(3) Die Sitzungsvorbereitung und die Anfertigung der Niederschriften obliegen dem Gesch\u00e4ftsf\u00fchrer. Die Niederschriften sind von ihm und dem Sitzungsleiter zu unterzeichnen. Beschl\u00fcsse sind im Wortlaut festzuhalten. \u00dcber Einspr\u00fcche und Berichtigungen entscheidet das Kuratorium in der n\u00e4chstfolgenden Sitzung vor Eintritt in die Tagesordnung.<\/p>\n<p align=\"center\"><strong>\u00a7 6<\/strong><\/p>\n<p align=\"justify\">(1) Das Kuratorium ist beschlussf\u00e4hig, wenn mindestens die H\u00e4lfte seiner Mitglieder in der Sitzung anwesend ist.<\/p>\n<p align=\"justify\">An einer schriftlichen Abstimmung m\u00fcssen sich s\u00e4mtliche Kuratoriumsmitglieder beteiligen.<\/p>\n<p align=\"justify\">(2) Soweit die Satzung nichts anderes vorschreibt, werden Beschl\u00fcsse mit einfacher Mehrheit der Anwesenden oder der sich an einer schriftlichen Abstimmung beteiligenden Mitglieder gefasst. Der Beschluss \u00fcber<\/p>\n<p>a) die Aufhebung der Stiftung<br \/>\nb) die Zusammenlegung mit einer anderen Stiftung oder<br \/>\nc) die \u00c4nderung des Zwecks<\/p>\n<p align=\"justify\">kann gem. \u00a7 9 Nr. 3 der Satzung nur in gemeinsamer Sitzung des Vorstandes und des Kuratoriums bei Anwesenheit von jeweils drei Vierteln der Vorstands- und Kuratoriumsmitglieder mit Mehrheit von drei Vierteln der Anwesenden gefasst werden.<\/p>\n<p align=\"center\"><strong>\u00a7 7<\/strong><\/p>\n<p>(1) Der Gesch\u00e4ftsf\u00fchrer nimmt an den Sitzungen mit beratender Stimme teil.<\/p>\n<p>(2) Die Mitglieder des Vorstandes sind zu den Sitzungen des Kuratoriums eingeladen.<\/td>\n<\/tr>\n<\/tbody>\n<\/table>\n<\/div>\n","protected":false},"excerpt":{"rendered":"<p>\u00a7 1 Die T\u00e4tigkeit des Kuratoriums richtet sich nach \u00a7 8 der Satzung und dieser Gesch\u00e4ftsordnung, soweit sie Ausf\u00fchrungsbestimmungen f\u00fcr die innere Ordnung und den Gesch\u00e4ftsgang darstellt. \u00a7 2 (1) <a class=\"more-link\" href=\"https:\/\/www.cc-stiftung.de\/index.php\/geschaeftsordnung-des-kuratoriums\/\">Weiterlesen \u2192<\/a><\/p>\n","protected":false},"author":2,"featured_media":0,"parent":0,"menu_order":0,"comment_status":"closed","ping_status":"closed","template":"","meta":{"footnotes":""},"class_list":["post-315","page","type-page","status-publish","hentry"],"_links":{"self":[{"href":"https:\/\/www.cc-stiftung.de\/index.php\/wp-json\/wp\/v2\/pages\/315","targetHints":{"allow":["GET"]}}],"collection":[{"href":"https:\/\/www.cc-stiftung.de\/index.php\/wp-json\/wp\/v2\/pages"}],"about":[{"href":"https:\/\/www.cc-stiftung.de\/index.php\/wp-json\/wp\/v2\/types\/page"}],"author":[{"embeddable":true,"href":"https:\/\/www.cc-stiftung.de\/index.php\/wp-json\/wp\/v2\/users\/2"}],"replies":[{"embeddable":true,"href":"https:\/\/www.cc-stiftung.de\/index.php\/wp-json\/wp\/v2\/comments?post=315"}],"version-history":[{"count":1,"href":"https:\/\/www.cc-stiftung.de\/index.php\/wp-json\/wp\/v2\/pages\/315\/revisions"}],"predecessor-version":[{"id":316,"href":"https:\/\/www.cc-stiftung.de\/index.php\/wp-json\/wp\/v2\/pages\/315\/revisions\/316"}],"wp:attachment":[{"href":"https:\/\/www.cc-stiftung.de\/index.php\/wp-json\/wp\/v2\/media?parent=315"}],"curies":[{"name":"wp","href":"https:\/\/api.w.org\/{rel}","templated":true}]}}