{"id":353,"date":"2016-08-16T15:20:54","date_gmt":"2016-08-16T13:20:54","guid":{"rendered":"http:\/\/wordpress.cc-stiftung.de\/?page_id=353"},"modified":"2022-02-07T11:55:56","modified_gmt":"2022-02-07T10:55:56","slug":"foerderrichtlinien-2","status":"publish","type":"page","link":"https:\/\/www.cc-stiftung.de\/index.php\/foerderrichtlinien-2\/","title":{"rendered":"F\u00f6rderrichtlinien"},"content":{"rendered":"<table width=\"100%\">\n<tbody>\n<tr>\n<td><strong>\u00a7 1\u00a0Allgemeines<\/strong><\/p>\n<ol>\n<li>Die Stiftung f\u00f6rdert auf Antrag durch finanzielle Zuwendungen einzelne Vorhaben, die der Pflege der deutsch-amerikanischen Beziehungen unter besonderer Ber\u00fccksichtigung der Rolle der USA in Berlin in den Jahren 1945 bis 1994 dienen.<\/li>\n<li>Diese Richtlinien sind f\u00fcr Antragsteller und Stiftung verbindlich.<\/li>\n<\/ol>\n<p><strong><br \/>\n\u00a7 2\u00a0F\u00f6rderungsgrunds\u00e4tze<\/strong><\/p>\n<ol>\n<li>Gef\u00f6rdert werden insbesondere Symposien, Gespr\u00e4chskreise und die Begegnung der B\u00fcrger beider L\u00e4nder, sofern sie dem Stiftungszweck entsprechen, sowie Schriften, die die Pflege der deutsch-amerikanischen Beziehungen zum Gegenstand haben.<\/li>\n<li>Gef\u00f6rdert werden Aktivit\u00e4ten von Vereinen und anderen nichtstaatlichen Organisationen. In begr\u00fcndeten Ausnahmef\u00e4llen k\u00f6nnen auch Aktivit\u00e4ten von Einzelpersonen gef\u00f6rdert werden.<\/li>\n<li>Das zu f\u00f6rdernde Vorhaben darf nicht gesch\u00e4ftlichen Interessen dienen.<\/li>\n<\/ol>\n<p><strong><br \/>\n\u00a7 3\u00a0Antrag<\/strong><\/p>\n<ul>\n<li>Ein F\u00f6rderantrag ist sp\u00e4testens <strong>drei Monate vor Beginn des Vorhabens<\/strong> einzureichen. Bitte beachten Sie dazu die entsprechenden <a href=\"https:\/\/www.cc-stiftung.de\/index.php\/deadline-projektantraege-2021\/\"><strong>Termine der Vorstandssitzungen<\/strong><\/a>, die Sie auf unserer Hauptseite finden. Der Antrag muss die folgenden Elemente beinhalten und<strong> in der nachstehenden Reihenfolge als eine pdf verbunden sein (KEINE Einzelseiten!!)\u00a0<\/strong> <strong>Antragsformular der Stiftun<\/strong>g, maschinenschriftlich bzw. leserlich ausgef\u00fcllt, einschlie\u00dflich:\n<ol>\n<li>Angaben zum <strong>Inhalt, Zweck<\/strong> sowie ein <strong>detailliertes Programm<\/strong> mit zeitlichem Verlauf, der Bezug Berlin-USA muss zweifelsfrei erkennbar sein.<\/li>\n<li>Angaben zu <strong>Teilnehmern (Anzahl, Alter)<\/strong><\/li>\n<li>Angaben zu <strong>evtl. Referenten<\/strong> sowie anderen aktiv Mitwirkenden<\/li>\n<li>Eine vom\/von der AntragstellerIn unterschriebene Erkl\u00e4rung, dass diese F\u00f6rderrichtlinien von ihm\/ihr als verbindlich anerkannt werden<\/li>\n<\/ol>\n<ul>\n<li>Einen <strong>detaillierten Kosten- und Finanzierungsplan<\/strong>, der alle f\u00fcr das Projekt zu erwartenden\u00a0Ausgaben\/Einnahmen detailliert und die H\u00f6he des gew\u00fcnschten\u00a0Zuschusses gesondert ausweist. Dabei ist zu beachten, dass der Vorstand von jedem\/jeder TeilnehmerIn einen <strong>angemessenen Eigenbeitrag<\/strong> erwartet.<\/li>\n<li>Aufgrund der Vielzahl der Projektantr\u00e4ge ist darauf zu achten, dass der <strong>Projektantrag nicht mehr als 6<\/strong> (beschriebene) <strong>Seiten <\/strong>umfasst.<\/li>\n<\/ul>\n<\/li>\n<li><strong>Wir bitten, den Antrag bevorzugt per E-Mail zu \u00fcbermitteln.<\/strong> Bei einer Zusendung des F\u00f6rderantrags per Post sind die folgenden Vorgaben zu beachten:\n<ul>\n<li>\u00dcbersendung in 1facher Kopie<\/li>\n<li>einzelne Bl\u00e4tter d\u00fcrfen nicht geklammert sein, sondern sollten mit einer B\u00fcroklammer verbunden werden<\/li>\n<li>Bitte keine Einschubfolien oder Hefter verwenden.<\/li>\n<li>Zus\u00e4tzliches Informationsmaterial wie Brosch\u00fcren, Fotos, Zeitungsartikel, CD\u2019s u.a. sind in einfacher Ausfertigung beizuf\u00fcgen<\/li>\n<\/ul>\n<\/li>\n<li>Die folgenden Vorgaben sind bei einer \u00dcbermittlung per E-Mail zu beachten:\n<ul>\n<li>Alle zum Antrag geh\u00f6renden Unterlagen gem\u00e4\u00df \u00a73 Abs. 1. sind als <strong>EINE PDF (keine Einzelseiten)<\/strong> oder DOC an <a href=\"mai&#108;&#116;&#111;&#x3a;&#x69;&#x6e;&#x66;&#x6f;&#x40;cc-&#115;&#116;&#105;&#102;&#x74;&#x75;&#x6e;&#x67;&#x2e;&#x64;e\">diese Mailadresse<\/a> zu senden<\/li>\n<li>Die unterschriebene Erkl\u00e4rung gem\u00e4\u00df \u00a73 Abs. 1 Nr. 4 kann per Post oder Fax (Mit Deckblatt) nachgereicht werden.<\/li>\n<\/ul>\n<\/li>\n<\/ul>\n<p><strong> \u00a7 4 Bewilligung<\/strong><\/p>\n<ol>\n<li>Bei Vorliegen gleichwertiger Antr\u00e4ge werden Ma\u00dfnahmen bevorzugt, die Begegnungen, Familienaufenthalte und Gegenbesuche vorsehen.<\/li>\n<li>Ab- und Zusagen gelten nur, wenn sie in schriftlicher Form ergangen sind.<\/li>\n<li>Ein Rechtsanspruch auf Leistungsgew\u00e4hrung besteht nicht. Insbesondere f\u00fchren mehrfache Gew\u00e4hrung von Leistungen oder die Berufung auf \u00e4hnliche F\u00e4lle nicht zu einem Rechtsanspruch auf Leistungsgew\u00e4hrung. Die Stiftung entscheidet \u00fcber die F\u00f6rderung nach pflichtgem\u00e4\u00dfem Ermessen im Rahmen ihrer Satzung und ihrer Haushaltsmittel.<\/li>\n<\/ol>\n<p><strong><br \/>\n\u00a7 5\u00a0Verwendungsnachweis<\/strong><\/p>\n<ol>\n<li>Nach Beendigung einer gef\u00f6rderten Ma\u00dfnahme ist der Stiftung ein unaufgefordert ein Verwendungsnachweis vorzulegen. Die entsprechenden Formulare finden Sie hier:<\/li>\n<li>Der Verwendungsnachweis muss mindestens enthalten:\n<ul>\n<li>eine Aufstellung aller Ausgaben und Einnahmen<\/li>\n<li>einen detaillierten Programmablauf<\/li>\n<li>einen kurzen Sachbericht mit den Namen aller TeilnehmerInnen<\/li>\n<li>eine Erkl\u00e4rung \u00fcber die wirtschaftliche und sparsame Verwendung der Mittel.<\/li>\n<\/ul>\n<\/li>\n<li>Die f\u00fcr die durchgef\u00fchrte Ma\u00dfnahme nicht ben\u00f6tigten Zuwendungsmittel sind unverz\u00fcglich auf das Konto der Checkpoint Charlie Stiftung zur\u00fcckzuerstatten.<\/li>\n<\/ol>\n<p>Stand: 11\/2018<\/td>\n<\/tr>\n<\/tbody>\n<\/table>\n","protected":false},"excerpt":{"rendered":"<p>\u00a7 1\u00a0Allgemeines Die Stiftung f\u00f6rdert auf Antrag durch finanzielle Zuwendungen einzelne Vorhaben, die der Pflege der deutsch-amerikanischen Beziehungen unter besonderer Ber\u00fccksichtigung der Rolle der USA in Berlin in den Jahren <a class=\"more-link\" href=\"https:\/\/www.cc-stiftung.de\/index.php\/foerderrichtlinien-2\/\">Weiterlesen \u2192<\/a><\/p>\n","protected":false},"author":2,"featured_media":0,"parent":0,"menu_order":0,"comment_status":"closed","ping_status":"closed","template":"","meta":{"footnotes":""},"class_list":["post-353","page","type-page","status-publish","hentry"],"_links":{"self":[{"href":"https:\/\/www.cc-stiftung.de\/index.php\/wp-json\/wp\/v2\/pages\/353","targetHints":{"allow":["GET"]}}],"collection":[{"href":"https:\/\/www.cc-stiftung.de\/index.php\/wp-json\/wp\/v2\/pages"}],"about":[{"href":"https:\/\/www.cc-stiftung.de\/index.php\/wp-json\/wp\/v2\/types\/page"}],"author":[{"embeddable":true,"href":"https:\/\/www.cc-stiftung.de\/index.php\/wp-json\/wp\/v2\/users\/2"}],"replies":[{"embeddable":true,"href":"https:\/\/www.cc-stiftung.de\/index.php\/wp-json\/wp\/v2\/comments?post=353"}],"version-history":[{"count":18,"href":"https:\/\/www.cc-stiftung.de\/index.php\/wp-json\/wp\/v2\/pages\/353\/revisions"}],"predecessor-version":[{"id":518,"href":"https:\/\/www.cc-stiftung.de\/index.php\/wp-json\/wp\/v2\/pages\/353\/revisions\/518"}],"wp:attachment":[{"href":"https:\/\/www.cc-stiftung.de\/index.php\/wp-json\/wp\/v2\/media?parent=353"}],"curies":[{"name":"wp","href":"https:\/\/api.w.org\/{rel}","templated":true}]}}