{"id":359,"date":"2016-08-16T15:23:44","date_gmt":"2016-08-16T13:23:44","guid":{"rendered":"http:\/\/wordpress.cc-stiftung.de\/?page_id=359"},"modified":"2019-12-03T16:45:53","modified_gmt":"2019-12-03T15:45:53","slug":"projektabrechnung","status":"publish","type":"page","link":"https:\/\/www.cc-stiftung.de\/index.php\/projektabrechnung\/","title":{"rendered":"Projektabrechnung"},"content":{"rendered":"<p>F\u00fcr jede Ma\u00dfnahme, die von der Checkpoint Charlie Stiftung finanziell unterst\u00fctzt wird, <strong>muss<\/strong> ein Verwendungsnachweis von den Projektverantwortlichen bzw. F\u00f6rderempf\u00e4ngerInnen bei der Stiftung eingereicht werden und zwar<strong> sp\u00e4testens 2 Monate (8 Wochen)<\/strong> nach Beendigung des Projektes.<\/p>\n<p>Eine ausf\u00fchrliche Abrechnungsanleitung finden Sie <a href=\"https:\/\/www.cc-stiftung.de\/wordpress\/wp-content\/uploads\/2019\/12\/Abrechungshinweise-DE_2019.pdf\">hier<\/a> ein Abrechnungsformular als Excel-Dokument k\u00f6nnen Sie <a href=\"https:\/\/www.cc-stiftung.de\/wordpress\/wp-content\/uploads\/2019\/07\/Abrechnung-DE.xls\">hier<\/a> herunterladen.<\/p>\n<p>Die versp\u00e4tete Abgabe des Verwendungsnachweises kann zur kategorischen Ablehnung k\u00fcnftiger Projektantr\u00e4ge f\u00fchren. Sollte \u00fcberhaupt kein Verwendungsnachweis eingereicht werden, wird die F\u00f6rdersumme zur\u00fcckverlangt; ggf. k\u00f6nnen rechtliche Schritte eingeleitet werden.<\/p>\n","protected":false},"excerpt":{"rendered":"<p>F\u00fcr jede Ma\u00dfnahme, die von der Checkpoint Charlie Stiftung finanziell unterst\u00fctzt wird, muss ein Verwendungsnachweis von den Projektverantwortlichen bzw. F\u00f6rderempf\u00e4ngerInnen bei der Stiftung eingereicht werden und zwar sp\u00e4testens 2 Monate <a class=\"more-link\" href=\"https:\/\/www.cc-stiftung.de\/index.php\/projektabrechnung\/\">Weiterlesen \u2192<\/a><\/p>\n","protected":false},"author":2,"featured_media":0,"parent":0,"menu_order":0,"comment_status":"closed","ping_status":"closed","template":"","meta":{"footnotes":""},"class_list":["post-359","page","type-page","status-publish","hentry"],"_links":{"self":[{"href":"https:\/\/www.cc-stiftung.de\/index.php\/wp-json\/wp\/v2\/pages\/359","targetHints":{"allow":["GET"]}}],"collection":[{"href":"https:\/\/www.cc-stiftung.de\/index.php\/wp-json\/wp\/v2\/pages"}],"about":[{"href":"https:\/\/www.cc-stiftung.de\/index.php\/wp-json\/wp\/v2\/types\/page"}],"author":[{"embeddable":true,"href":"https:\/\/www.cc-stiftung.de\/index.php\/wp-json\/wp\/v2\/users\/2"}],"replies":[{"embeddable":true,"href":"https:\/\/www.cc-stiftung.de\/index.php\/wp-json\/wp\/v2\/comments?post=359"}],"version-history":[{"count":12,"href":"https:\/\/www.cc-stiftung.de\/index.php\/wp-json\/wp\/v2\/pages\/359\/revisions"}],"predecessor-version":[{"id":4031,"href":"https:\/\/www.cc-stiftung.de\/index.php\/wp-json\/wp\/v2\/pages\/359\/revisions\/4031"}],"wp:attachment":[{"href":"https:\/\/www.cc-stiftung.de\/index.php\/wp-json\/wp\/v2\/media?parent=359"}],"curies":[{"name":"wp","href":"https:\/\/api.w.org\/{rel}","templated":true}]}}