{"id":368,"date":"2016-08-16T15:31:23","date_gmt":"2016-08-16T13:31:23","guid":{"rendered":"http:\/\/wordpress.cc-stiftung.de\/?page_id=368"},"modified":"2020-12-02T12:52:59","modified_gmt":"2020-12-02T11:52:59","slug":"reisestipendium-fuer-aatg-award-traeger","status":"publish","type":"page","link":"https:\/\/www.cc-stiftung.de\/index.php\/reisestipendium-fuer-aatg-award-traeger\/","title":{"rendered":"Checkpoint Charlie Foundation Teacher Award"},"content":{"rendered":"<div class=\"myCatDescription\">\n<p>J\u00e4hrlich wird vom amerikanischen Deutschlehrer-Verband, der <a href=\"http:\/\/www.aatg.org\/\" target=\"_blank\" rel=\"noopener\">American Association of Teachers of German<\/a> (AATG), im Rahmen ihrer November-Jahrestagung der CHECKPOINT CHARLIE FOUNDATION TEACHER AWARD f\u00fcr herausragende Leistungen im fachlichen Unterricht, eigenverantwortliche Fort- und Weiterbildung und zus\u00e4tzliche Fachbeitr\u00e4ge im akademischen Bereich verliehen.<\/p>\n<p>Die beiden Preistr\u00e4ger werden in der Regel unter den Elementary\/Middle\/High School Lehrer*innen sowie aus dem dem College- und Universit\u00e4tsbereich ermittelt. Der Preis geht ausschlie\u00dflich an amerikanische Lehrkr\u00e4fte, die Deutsch studiert haben und erfolgreich unterrichten. Die Auswahl trifft das Komitee der AATG.<\/p>\n<div id=\"attachment_2677\" style=\"width: 503px\" class=\"wp-caption alignnone\"><img loading=\"lazy\" decoding=\"async\" aria-describedby=\"caption-attachment-2677\" class=\"wp-image-2677 \" src=\"https:\/\/www.cc-stiftung.de\/wordpress\/wp-content\/uploads\/2017\/12\/CheckpointCharlie_2-1024x887.jpg\" width=\"493\" height=\"427\" srcset=\"https:\/\/www.cc-stiftung.de\/wordpress\/wp-content\/uploads\/2017\/12\/CheckpointCharlie_2-1024x887.jpg 1024w, https:\/\/www.cc-stiftung.de\/wordpress\/wp-content\/uploads\/2017\/12\/CheckpointCharlie_2-300x260.jpg 300w, https:\/\/www.cc-stiftung.de\/wordpress\/wp-content\/uploads\/2017\/12\/CheckpointCharlie_2-768x665.jpg 768w\" sizes=\"auto, (max-width: 493px) 100vw, 493px\" \/><p id=\"caption-attachment-2677\" class=\"wp-caption-text\">Die Preistr\u00e4gerinnen 2017: Lisa Werner (l.) und Dr. Kathleen Condray (r.)<\/p><\/div>\n<p align=\"justify\">Der mit 2.000\u20ac dotierte Preis wird seit 1999 von der Checkpoint Charlie Stiftung vergeben (bis 2015: OUTSTANDING GERMAN EDUCATOR AWARD). Er erm\u00f6glicht den Preistr\u00e4gern die Teilnahme am 2-w\u00f6chigen EDUCATIONAL ENRICHMENT PROGRAM in Berlin, welches sie im Jahr nach der Preisverleihung in Anspruch nehmen k\u00f6nnen. Dieses wird durch das <a href=\"https:\/\/www.cc-stiftung.de\/index.php\/step-school-teacher-exchange-program\/\">STEP-Educational Enrichment Program<\/a> f\u00fcr unsere Partner aus dem amerikanischen Bildungswesen (Lehrkr\u00e4fte, Schulleiter, Administratoren, Multiplikatoren) organisiert und durchf\u00fchrt.<\/p>\n<p align=\"justify\">Ein Forschungs- oder Projektanliegen ist f\u00fcr unsere Preistr\u00e4ger f\u00fcr die Reise nach Deutschland nicht erforderlich. Die Teilnahme gestattet ihnen vielmehr einen Einblick in das deutsche Bildungswesen, die Bildungspolitik sowie die deutsche Wirtschaft und Kultur.<\/p>\n<\/div>\n<table border=\"3\" cellspacing=\"1\" cellpadding=\"4\">\n<tbody>\n<tr>\n<td><strong>Eine Preistr\u00e4gerin berichtet:<\/strong><\/p>\n<p>&#8222;Nach 10 Jahren konnte ich endlich wieder nach Deutschland und \u00d6sterreich fahren. Letzten Sommer bin ich fast vier Wochen quer durch Deutschland und ein paar Tage nach \u00d6sterreich gereist. Ohne diesen Preis h\u00e4tte ich mir so eine Reise nicht leisten k\u00f6nnen. Ich bin sehr dankbar, weil mir in den USA oft die sprachlichen Gelegenheiten und kulturellen Anl\u00e4sse, Deutsch zu sprechen, im Alltag fehlen. Ich f\u00fchle mich jetzt sicherer im Unterricht und ich kann meinen Sch\u00fclern mehr anbieten als fr\u00fcher\u2026 Durch einen Aufenthalt in einem deutschsprachigen Land gewinnt man einen tieferen Einblick und ein besseres Verst\u00e4ndnis f\u00fcr die Gewohnheiten und Lebensweisen, die man Sch\u00fclern besser erkl\u00e4ren kann. Nochmals vielen Dank f\u00fcr diese Gelegenheit und diese tolle Auszeichnung!\u201c<\/p>\n<p>&#8211; Linda Zins-Adams, Preistr\u00e4gerin 2014<\/td>\n<\/tr>\n<\/tbody>\n<\/table>\n<h2><\/h2>\n<h2>Weitere Informationen<\/h2>\n<p><a href=\"https:\/\/www.cc-stiftung.de\/wordpress\/wp-content\/uploads\/2020\/12\/AATG-Preistr\u00e4gerliste-gesamt.pdf\">AATG Preistr\u00e4gerliste gesamt<\/a><br \/>\n<a href=\"http:\/\/www.aatg.org\/\" target=\"_blank\" rel=\"noopener\">American Association of Teachers of German<\/a> (AATG)<\/p>\n","protected":false},"excerpt":{"rendered":"<p>J\u00e4hrlich wird vom amerikanischen Deutschlehrer-Verband, der American Association of Teachers of German (AATG), im Rahmen ihrer November-Jahrestagung der CHECKPOINT CHARLIE FOUNDATION TEACHER AWARD f\u00fcr herausragende Leistungen im fachlichen Unterricht, eigenverantwortliche <a class=\"more-link\" href=\"https:\/\/www.cc-stiftung.de\/index.php\/reisestipendium-fuer-aatg-award-traeger\/\">Weiterlesen \u2192<\/a><\/p>\n","protected":false},"author":2,"featured_media":0,"parent":0,"menu_order":0,"comment_status":"closed","ping_status":"closed","template":"","meta":{"footnotes":""},"class_list":["post-368","page","type-page","status-publish","hentry"],"_links":{"self":[{"href":"https:\/\/www.cc-stiftung.de\/index.php\/wp-json\/wp\/v2\/pages\/368","targetHints":{"allow":["GET"]}}],"collection":[{"href":"https:\/\/www.cc-stiftung.de\/index.php\/wp-json\/wp\/v2\/pages"}],"about":[{"href":"https:\/\/www.cc-stiftung.de\/index.php\/wp-json\/wp\/v2\/types\/page"}],"author":[{"embeddable":true,"href":"https:\/\/www.cc-stiftung.de\/index.php\/wp-json\/wp\/v2\/users\/2"}],"replies":[{"embeddable":true,"href":"https:\/\/www.cc-stiftung.de\/index.php\/wp-json\/wp\/v2\/comments?post=368"}],"version-history":[{"count":41,"href":"https:\/\/www.cc-stiftung.de\/index.php\/wp-json\/wp\/v2\/pages\/368\/revisions"}],"predecessor-version":[{"id":4540,"href":"https:\/\/www.cc-stiftung.de\/index.php\/wp-json\/wp\/v2\/pages\/368\/revisions\/4540"}],"wp:attachment":[{"href":"https:\/\/www.cc-stiftung.de\/index.php\/wp-json\/wp\/v2\/media?parent=368"}],"curies":[{"name":"wp","href":"https:\/\/api.w.org\/{rel}","templated":true}]}}