{"id":38,"date":"2016-04-04T16:57:00","date_gmt":"2016-04-04T14:57:00","guid":{"rendered":"http:\/\/wordpress.cc-stiftung.de.w0144e97.kasserver.com\/?p=38"},"modified":"2024-07-10T13:40:33","modified_gmt":"2024-07-10T11:40:33","slug":"geschaeftstelle","status":"publish","type":"page","link":"https:\/\/www.cc-stiftung.de\/index.php\/geschaeftstelle\/","title":{"rendered":"Gesch\u00e4ftsstelle und Mitarbeiter*innen"},"content":{"rendered":"<p align=\"justify\">Die Gesch\u00e4ftsstelle der Checkpoint Charlie Stiftung befindet sich in der Bismarckstr 63, 12169 Berlin in STEGLITZ (<a href=\"https:\/\/www.cc-stiftung.de\/index.php\/kontakt\/\">Anfahrtsbeschreibung<\/a>).<br \/>\nUnter dem Dach ihres B\u00fcros finden Sie au\u00dferdem die fogender Institutionen:<\/p>\n<ul>\n<li>Lehrer*innenentsendeprogramm STEP<\/li>\n<li><a href=\"http:\/\/www.pdp-ev.de\/\">Partnerschaft der Parlamente<\/a><\/li>\n<li><a href=\"http:\/\/www.ibusa.de\/\" target=\"_blank\" rel=\"noopener\">Initiative Berlin \u2013 USA e.V.\u00a0 (nur Postanschrift)<br \/>\n<\/a><\/li>\n<\/ul>\n<p align=\"justify\">Die Mitarbeiter*innen der Gesch\u00e4ftsstelle sind werktags zwischen 09:00 Uhr und 17:00 Uhr erreichbar, Terminabsprachen f\u00fcr pers\u00f6nliche Besuche sind in dieser Zeit m\u00f6glich.<\/p>\n<p align=\"justify\"><strong>Mitarbeiter*innen<br \/>\n<\/strong><\/p>\n<p><strong>Janneck Herre<\/strong><br \/>\nGesch\u00e4ftsf\u00fchrung<br \/>\n<a href=\"&#109;&#x61;i&#108;&#x74;o&#58;&#x6a;&#46;&#x68;&#x65;&#114;&#x72;e&#64;&#x63;c&#45;&#x73;t&#x69;&#x66;&#116;&#x75;&#x6e;&#103;&#x2e;d&#101;\"><img loading=\"lazy\" decoding=\"async\" class=\"wp-image-3955 alignnone\" src=\"https:\/\/www.cc-stiftung.de\/wordpress\/wp-content\/uploads\/2019\/11\/kisspng-amnesty-international-usa-email-computer-icons-mes-email-icon-5ad183021a0de5.2971523315236800021067-150x150.png\" alt=\"\" width=\"25\" height=\"25\" srcset=\"https:\/\/www.cc-stiftung.de\/wordpress\/wp-content\/uploads\/2019\/11\/kisspng-amnesty-international-usa-email-computer-icons-mes-email-icon-5ad183021a0de5.2971523315236800021067-150x150.png 150w, https:\/\/www.cc-stiftung.de\/wordpress\/wp-content\/uploads\/2019\/11\/kisspng-amnesty-international-usa-email-computer-icons-mes-email-icon-5ad183021a0de5.2971523315236800021067-300x300.png 300w, https:\/\/www.cc-stiftung.de\/wordpress\/wp-content\/uploads\/2019\/11\/kisspng-amnesty-international-usa-email-computer-icons-mes-email-icon-5ad183021a0de5.2971523315236800021067-768x768.png 768w, https:\/\/www.cc-stiftung.de\/wordpress\/wp-content\/uploads\/2019\/11\/kisspng-amnesty-international-usa-email-computer-icons-mes-email-icon-5ad183021a0de5.2971523315236800021067-1024x1024.png 1024w, https:\/\/www.cc-stiftung.de\/wordpress\/wp-content\/uploads\/2019\/11\/kisspng-amnesty-international-usa-email-computer-icons-mes-email-icon-5ad183021a0de5.2971523315236800021067.png 1200w\" sizes=\"auto, (max-width: 25px) 100vw, 25px\" \/><\/a><\/p>\n<p>&nbsp;<\/p>\n<p><strong>Erik Kirschbaum<\/strong><br \/>\nProgramm-Manager<br \/>\n<a href=\"ma&#105;&#108;&#116;&#x6f;&#x3a;&#x70;&#x72;oj&#101;&#107;&#116;&#x40;&#x63;&#x63;&#x2d;st&#105;&#102;&#116;&#x75;&#x6e;&#x67;&#x2e;de\"><img loading=\"lazy\" decoding=\"async\" class=\"alignnone wp-image-3955\" src=\"https:\/\/www.cc-stiftung.de\/wordpress\/wp-content\/uploads\/2019\/11\/kisspng-amnesty-international-usa-email-computer-icons-mes-email-icon-5ad183021a0de5.2971523315236800021067-150x150.png\" alt=\"\" width=\"25\" height=\"25\" srcset=\"https:\/\/www.cc-stiftung.de\/wordpress\/wp-content\/uploads\/2019\/11\/kisspng-amnesty-international-usa-email-computer-icons-mes-email-icon-5ad183021a0de5.2971523315236800021067-150x150.png 150w, https:\/\/www.cc-stiftung.de\/wordpress\/wp-content\/uploads\/2019\/11\/kisspng-amnesty-international-usa-email-computer-icons-mes-email-icon-5ad183021a0de5.2971523315236800021067-300x300.png 300w, https:\/\/www.cc-stiftung.de\/wordpress\/wp-content\/uploads\/2019\/11\/kisspng-amnesty-international-usa-email-computer-icons-mes-email-icon-5ad183021a0de5.2971523315236800021067-768x768.png 768w, https:\/\/www.cc-stiftung.de\/wordpress\/wp-content\/uploads\/2019\/11\/kisspng-amnesty-international-usa-email-computer-icons-mes-email-icon-5ad183021a0de5.2971523315236800021067-1024x1024.png 1024w, https:\/\/www.cc-stiftung.de\/wordpress\/wp-content\/uploads\/2019\/11\/kisspng-amnesty-international-usa-email-computer-icons-mes-email-icon-5ad183021a0de5.2971523315236800021067.png 1200w\" sizes=\"auto, (max-width: 25px) 100vw, 25px\" \/><\/a><\/p>\n<p>&nbsp;<\/p>\n<p><strong>Kenny Frost<\/strong><br \/>\nWebsite \/ Programm-Assistent<br \/>\n<a href=\"&#x6d;&#x61;&#x69;&#x6c;&#x74;&#x6f;&#x3a;&#x70;&#x72;&#x6f;&#x6a;&#101;&#107;&#116;&#64;&#99;&#99;&#45;stiftu&#x6e;&#x67;&#x2e;&#x64;&#x65;\"><img loading=\"lazy\" decoding=\"async\" class=\"wp-image-3955 alignnone\" src=\"https:\/\/www.cc-stiftung.de\/wordpress\/wp-content\/uploads\/2019\/11\/kisspng-amnesty-international-usa-email-computer-icons-mes-email-icon-5ad183021a0de5.2971523315236800021067-150x150.png\" alt=\"\" width=\"25\" height=\"25\" srcset=\"https:\/\/www.cc-stiftung.de\/wordpress\/wp-content\/uploads\/2019\/11\/kisspng-amnesty-international-usa-email-computer-icons-mes-email-icon-5ad183021a0de5.2971523315236800021067-150x150.png 150w, https:\/\/www.cc-stiftung.de\/wordpress\/wp-content\/uploads\/2019\/11\/kisspng-amnesty-international-usa-email-computer-icons-mes-email-icon-5ad183021a0de5.2971523315236800021067-300x300.png 300w, https:\/\/www.cc-stiftung.de\/wordpress\/wp-content\/uploads\/2019\/11\/kisspng-amnesty-international-usa-email-computer-icons-mes-email-icon-5ad183021a0de5.2971523315236800021067-768x768.png 768w, https:\/\/www.cc-stiftung.de\/wordpress\/wp-content\/uploads\/2019\/11\/kisspng-amnesty-international-usa-email-computer-icons-mes-email-icon-5ad183021a0de5.2971523315236800021067-1024x1024.png 1024w, https:\/\/www.cc-stiftung.de\/wordpress\/wp-content\/uploads\/2019\/11\/kisspng-amnesty-international-usa-email-computer-icons-mes-email-icon-5ad183021a0de5.2971523315236800021067.png 1200w\" sizes=\"auto, (max-width: 25px) 100vw, 25px\" \/><\/a><\/p>\n<p>&nbsp;<\/p>\n<p><strong>N. B\u00f6er<\/strong><br \/>\nB\u00fcroorganisation und Finanzen<br \/>\n<a href=\"m&#97;&#105;&#x6c;&#x74;o:&#110;&#46;&#x62;&#x6f;ee&#114;&#64;&#x63;&#x63;-s&#116;&#x69;&#x66;&#x74;u&#110;&#103;&#x2e;&#x64;&#x65;\"><img loading=\"lazy\" decoding=\"async\" class=\"wp-image-3955 alignnone\" src=\"https:\/\/www.cc-stiftung.de\/wordpress\/wp-content\/uploads\/2019\/11\/kisspng-amnesty-international-usa-email-computer-icons-mes-email-icon-5ad183021a0de5.2971523315236800021067-150x150.png\" alt=\"\" width=\"25\" height=\"25\" srcset=\"https:\/\/www.cc-stiftung.de\/wordpress\/wp-content\/uploads\/2019\/11\/kisspng-amnesty-international-usa-email-computer-icons-mes-email-icon-5ad183021a0de5.2971523315236800021067-150x150.png 150w, https:\/\/www.cc-stiftung.de\/wordpress\/wp-content\/uploads\/2019\/11\/kisspng-amnesty-international-usa-email-computer-icons-mes-email-icon-5ad183021a0de5.2971523315236800021067-300x300.png 300w, https:\/\/www.cc-stiftung.de\/wordpress\/wp-content\/uploads\/2019\/11\/kisspng-amnesty-international-usa-email-computer-icons-mes-email-icon-5ad183021a0de5.2971523315236800021067-768x768.png 768w, https:\/\/www.cc-stiftung.de\/wordpress\/wp-content\/uploads\/2019\/11\/kisspng-amnesty-international-usa-email-computer-icons-mes-email-icon-5ad183021a0de5.2971523315236800021067-1024x1024.png 1024w, https:\/\/www.cc-stiftung.de\/wordpress\/wp-content\/uploads\/2019\/11\/kisspng-amnesty-international-usa-email-computer-icons-mes-email-icon-5ad183021a0de5.2971523315236800021067.png 1200w\" sizes=\"auto, (max-width: 25px) 100vw, 25px\" \/><\/a><\/p>\n<p>&nbsp;<\/p>\n<p><strong>Christine Nicolas<\/strong><br \/>\nSTEP-Beauftragte<br \/>\n<a href=\"&#109;&#x61;&#x69;l&#116;&#x6f;:&#115;&#x74;&#x65;&#112;&#x40;&#x63;c&#45;&#x73;t&#105;&#x66;&#x74;&#117;&#x6e;&#x67;&#46;&#100;&#x65;\"><img loading=\"lazy\" decoding=\"async\" class=\"wp-image-3955 alignnone\" src=\"https:\/\/www.cc-stiftung.de\/wordpress\/wp-content\/uploads\/2019\/11\/kisspng-amnesty-international-usa-email-computer-icons-mes-email-icon-5ad183021a0de5.2971523315236800021067-150x150.png\" alt=\"\" width=\"25\" height=\"25\" srcset=\"https:\/\/www.cc-stiftung.de\/wordpress\/wp-content\/uploads\/2019\/11\/kisspng-amnesty-international-usa-email-computer-icons-mes-email-icon-5ad183021a0de5.2971523315236800021067-150x150.png 150w, https:\/\/www.cc-stiftung.de\/wordpress\/wp-content\/uploads\/2019\/11\/kisspng-amnesty-international-usa-email-computer-icons-mes-email-icon-5ad183021a0de5.2971523315236800021067-300x300.png 300w, https:\/\/www.cc-stiftung.de\/wordpress\/wp-content\/uploads\/2019\/11\/kisspng-amnesty-international-usa-email-computer-icons-mes-email-icon-5ad183021a0de5.2971523315236800021067-768x768.png 768w, https:\/\/www.cc-stiftung.de\/wordpress\/wp-content\/uploads\/2019\/11\/kisspng-amnesty-international-usa-email-computer-icons-mes-email-icon-5ad183021a0de5.2971523315236800021067-1024x1024.png 1024w, https:\/\/www.cc-stiftung.de\/wordpress\/wp-content\/uploads\/2019\/11\/kisspng-amnesty-international-usa-email-computer-icons-mes-email-icon-5ad183021a0de5.2971523315236800021067.png 1200w\" sizes=\"auto, (max-width: 25px) 100vw, 25px\" \/><\/a><\/p>\n","protected":false},"excerpt":{"rendered":"<p>Die Gesch\u00e4ftsstelle der Checkpoint Charlie Stiftung befindet sich in der Bismarckstr 63, 12169 Berlin in STEGLITZ (Anfahrtsbeschreibung). Unter dem Dach ihres B\u00fcros finden Sie au\u00dferdem die fogender Institutionen: Lehrer*innenentsendeprogramm STEP <a class=\"more-link\" href=\"https:\/\/www.cc-stiftung.de\/index.php\/geschaeftstelle\/\">Weiterlesen \u2192<\/a><\/p>\n","protected":false},"author":1,"featured_media":0,"parent":0,"menu_order":0,"comment_status":"open","ping_status":"open","template":"","meta":{"footnotes":""},"class_list":["post-38","page","type-page","status-publish","hentry"],"_links":{"self":[{"href":"https:\/\/www.cc-stiftung.de\/index.php\/wp-json\/wp\/v2\/pages\/38","targetHints":{"allow":["GET"]}}],"collection":[{"href":"https:\/\/www.cc-stiftung.de\/index.php\/wp-json\/wp\/v2\/pages"}],"about":[{"href":"https:\/\/www.cc-stiftung.de\/index.php\/wp-json\/wp\/v2\/types\/page"}],"author":[{"embeddable":true,"href":"https:\/\/www.cc-stiftung.de\/index.php\/wp-json\/wp\/v2\/users\/1"}],"replies":[{"embeddable":true,"href":"https:\/\/www.cc-stiftung.de\/index.php\/wp-json\/wp\/v2\/comments?post=38"}],"version-history":[{"count":69,"href":"https:\/\/www.cc-stiftung.de\/index.php\/wp-json\/wp\/v2\/pages\/38\/revisions"}],"predecessor-version":[{"id":5731,"href":"https:\/\/www.cc-stiftung.de\/index.php\/wp-json\/wp\/v2\/pages\/38\/revisions\/5731"}],"wp:attachment":[{"href":"https:\/\/www.cc-stiftung.de\/index.php\/wp-json\/wp\/v2\/media?parent=38"}],"curies":[{"name":"wp","href":"https:\/\/api.w.org\/{rel}","templated":true}]}}