{"id":401,"date":"2016-08-16T15:36:44","date_gmt":"2016-08-16T13:36:44","guid":{"rendered":"http:\/\/wordpress.cc-stiftung.de\/?page_id=401"},"modified":"2022-11-16T12:21:16","modified_gmt":"2022-11-16T11:21:16","slug":"welcome-home-programm","status":"publish","type":"page","link":"https:\/\/www.cc-stiftung.de\/index.php\/welcome-home-programm\/","title":{"rendered":"Welcome Home Programm"},"content":{"rendered":"\n<div class=\"wp-block-columns is-layout-flex wp-container-core-columns-is-layout-9d6595d7 wp-block-columns-is-layout-flex\">\n<div class=\"wp-block-column is-layout-flow wp-block-column-is-layout-flow\" style=\"flex-basis:100%\">\n<div class=\"wp-block-group\"><div class=\"wp-block-group__inner-container is-layout-flow wp-block-group-is-layout-flow\">\n<div class=\"myCatDescription\">\n<p><em><strong>Programm f\u00fcr US-amerikanische Veteran*innen, welche zwischen 1945 und 1994 in Berlin f\u00fcr Freiheit und Sicherheit gesorgt haben.<\/strong><\/em><\/p>\n<div id=\"attachment_4973\" style=\"width: 410px\" class=\"wp-caption alignleft\"><img loading=\"lazy\" decoding=\"async\" aria-describedby=\"caption-attachment-4973\" class=\"wp-image-4973\" src=\"https:\/\/www.cc-stiftung.de\/wordpress\/wp-content\/uploads\/2022\/07\/welcome-home_east-side-gallery-300x225.jpg\" alt=\"\" width=\"400\" height=\"300\" srcset=\"https:\/\/www.cc-stiftung.de\/wordpress\/wp-content\/uploads\/2022\/07\/welcome-home_east-side-gallery-300x225.jpg 300w, https:\/\/www.cc-stiftung.de\/wordpress\/wp-content\/uploads\/2022\/07\/welcome-home_east-side-gallery-1024x768.jpg 1024w, https:\/\/www.cc-stiftung.de\/wordpress\/wp-content\/uploads\/2022\/07\/welcome-home_east-side-gallery-768x576.jpg 768w, https:\/\/www.cc-stiftung.de\/wordpress\/wp-content\/uploads\/2022\/07\/welcome-home_east-side-gallery-1536x1152.jpg 1536w, https:\/\/www.cc-stiftung.de\/wordpress\/wp-content\/uploads\/2022\/07\/welcome-home_east-side-gallery.jpg 2048w\" sizes=\"auto, (max-width: 400px) 100vw, 400px\" \/><p id=\"caption-attachment-4973\" class=\"wp-caption-text\">Die 2021 Delegation besucht die East Side Gallery.<\/p><\/div>\n<p>Die WELCOME HOME TO BERLIN TOUR wurde 2008, im Rahmen des 60. Jahrestags der Luftbr\u00fccke und zur W\u00fcrdigung des in West-Berlin stationierten Personals des U.S. Milit\u00e4rs, initiiert. In enger Zusammenarbeit mit unserem amerikanischen Partner, der Berlin U.S. Military Veterans\u2018 Association (BUSMVA), bringt die Checkpoint Charlie Stiftung ehemalige Milit\u00e4rangeh\u00f6rige, die in den Jahren zwischen 1945 und 1994 in Berlin ihren Dienst zum Schutz der Westberliner Bev\u00f6lkerung leisteten, nach Berlin zur\u00fcck. Das Programm soll zeigen, wie sehr sich Berlin seit ihrem Aufenthalt ver\u00e4ndert hat, wie Wirtschaftswachstum, Kreativit\u00e4t und kosmopolitischer Charme die Stadt seit dem Fall der Mauer vorangebracht haben.<\/p>\n<\/div>\n<div class=\"myCatDescription\">\n<div id=\"attachment_3010\" style=\"width: 410px\" class=\"wp-caption alignright\"><a href=\"https:\/\/www.cc-stiftung.de\/wordpress\/wp-content\/uploads\/2018\/08\/IMG_20170929_113610.jpg\"><img loading=\"lazy\" decoding=\"async\" aria-describedby=\"caption-attachment-3010\" class=\"wp-image-3010\" src=\"https:\/\/www.cc-stiftung.de\/wordpress\/wp-content\/uploads\/2018\/08\/IMG_20170929_113610-1024x576.jpg\" alt=\"IMG_20170929_113610\" width=\"400\" height=\"225\" srcset=\"https:\/\/www.cc-stiftung.de\/wordpress\/wp-content\/uploads\/2018\/08\/IMG_20170929_113610-1024x576.jpg 1024w, https:\/\/www.cc-stiftung.de\/wordpress\/wp-content\/uploads\/2018\/08\/IMG_20170929_113610-300x169.jpg 300w, https:\/\/www.cc-stiftung.de\/wordpress\/wp-content\/uploads\/2018\/08\/IMG_20170929_113610-768x432.jpg 768w\" sizes=\"auto, (max-width: 400px) 100vw, 400px\" \/><\/a><p id=\"caption-attachment-3010\" class=\"wp-caption-text\">Besuche bei politischen Institution geh\u00f6ren zum Welcome-Home-Programm. 2017 besuchte die Gruppe den Plenarsaal des Berliner Abgeordnetenhauses.<\/p><\/div>\n<p>W\u00e4hrend des einw\u00f6chigen Aufenthaltes werden historische St\u00e4tten und Orte besucht, die f\u00fcr unsere G\u00e4ste w\u00e4hrend ihrer Dienstzeit in Berlin eine besondere Rolle gespielt haben; wie der Checkpoint Charlie, das Deutsch-Russische Museum, der Flughafen Tempelhof und die ehemaligen U.S. Kasernen in Zehlendorf. Des Weiteren sind die Botschaft der Vereinigten Staaten, das Berliner Abgeordnetenhaus und das Einsatzf\u00fchrungskommando der Bundeswehr wesentliche Bestandteile der Tour. Diese Besuche erm\u00f6glichen den amerikanischen Teilnehmer*innen die derzeitigen Entscheidungstr\u00e4ger, wie den US-Botschafter und den Pr\u00e4sidenten des Abgeordnetenhauses kennen zu lernen und bekommen einen Einblick in die Arbeit der Bundeswehr, besonders bei Auslandseins\u00e4tzen. Die Teilnehmer*innen besuchen weiterf\u00fchrende Schulen und kommen dort mit Sch\u00fclerinnen und Sch\u00fclern ins Gespr\u00e4ch, mit denen Sie \u00fcber ihre Erfahrungen w\u00e4hrend ihres Aufenthaltes in Berlin sprechen. Bis einschlie\u00dflich 2022 haben 143 Veteran*innen am Programm teilgenommen.<\/p>\n<div id=\"attachment_3008\" style=\"width: 405px\" class=\"wp-caption alignleft\"><a href=\"https:\/\/www.cc-stiftung.de\/wordpress\/wp-content\/uploads\/2018\/08\/20170927-JgdOffz-Berlin-mit-US-Veteranen-e1533201341466.jpg\"><img loading=\"lazy\" decoding=\"async\" aria-describedby=\"caption-attachment-3008\" class=\"wp-image-3008\" src=\"https:\/\/www.cc-stiftung.de\/wordpress\/wp-content\/uploads\/2018\/08\/20170927-JgdOffz-Berlin-mit-US-Veteranen-e1533201341466-1024x755.jpg\" alt=\"Gruppenfoto Besuch im Einsatzf\u00fchrungskommando der Bundeswehr in Potsdam\" width=\"395\" height=\"291\" srcset=\"https:\/\/www.cc-stiftung.de\/wordpress\/wp-content\/uploads\/2018\/08\/20170927-JgdOffz-Berlin-mit-US-Veteranen-e1533201341466-1024x755.jpg 1024w, https:\/\/www.cc-stiftung.de\/wordpress\/wp-content\/uploads\/2018\/08\/20170927-JgdOffz-Berlin-mit-US-Veteranen-e1533201341466-300x221.jpg 300w, https:\/\/www.cc-stiftung.de\/wordpress\/wp-content\/uploads\/2018\/08\/20170927-JgdOffz-Berlin-mit-US-Veteranen-e1533201341466-768x566.jpg 768w\" sizes=\"auto, (max-width: 395px) 100vw, 395px\" \/><\/a><p id=\"caption-attachment-3008\" class=\"wp-caption-text\">Bereits mehrfach war die Bundeswehr im Rahmen des Programms Gastgeberin. Hier das Einsatzf\u00fchrungskommando (EFK) in Potsdam. Wir bedanken uns f\u00fcr die Gastfreundschaft, die Einf\u00fchrung in die Arbeit des EFK sowie f\u00fcr die Bereitstellung des Fotos mit den amerikanischen G\u00e4sten des Jahres 2017.<\/p><\/div>\n<p>Das Programm wird von der <a href=\"http:\/\/www.stiftung-luftbrueckendank.de\/#xl_xr_page_index-b\">Stiftung Luftbr\u00fcckendank<\/a> unterst\u00fctzt.<\/p>\n<p align=\"justify\">Die jeweiligen Programmteilnehmer*innen werden durch unseren Partner <a href=\"http:\/\/www.berlinveterans.com\/\">BUSMVA <\/a>ausgew\u00e4hlt. Eine Mitgliedschaft in der BUSMVA ist nicht Voraussetzung f\u00fcr eine Teilnahme am Programm.<\/p>\n<\/div>\n<div class=\"myCat\">\u00a0<\/div>\n<div>\u00a0<\/div>\n<div>\u00a0<\/div>\n<div>\u00a0<\/div>\n<div>\u00a0<\/div>\n<div>\u00a0<\/div>\n<div>\u00a0<\/div>\n<div>\u00a0<\/div>\n<div>\u00a0<\/div>\n<div>\u00a0<\/div>\n<div><hr \/><\/div>\n<div>\u00a0<\/div>\n<div>\u00a0<\/div>\n<div><a href=\"https:\/\/www.cc-stiftung.de\/wordpress\/wp-content\/uploads\/2019\/11\/IMG_3508.jpg\"><img loading=\"lazy\" decoding=\"async\" class=\"alignleft size-medium wp-image-3951\" src=\"https:\/\/www.cc-stiftung.de\/wordpress\/wp-content\/uploads\/2019\/11\/IMG_3508-300x225.jpg\" alt=\"\" width=\"300\" height=\"225\" srcset=\"https:\/\/www.cc-stiftung.de\/wordpress\/wp-content\/uploads\/2019\/11\/IMG_3508-300x225.jpg 300w, https:\/\/www.cc-stiftung.de\/wordpress\/wp-content\/uploads\/2019\/11\/IMG_3508-768x576.jpg 768w, https:\/\/www.cc-stiftung.de\/wordpress\/wp-content\/uploads\/2019\/11\/IMG_3508-1024x768.jpg 1024w\" sizes=\"auto, (max-width: 300px) 100vw, 300px\" \/><\/a><a href=\"https:\/\/www.cc-stiftung.de\/wordpress\/wp-content\/uploads\/2019\/11\/20190512_115448.jpg\"><img loading=\"lazy\" decoding=\"async\" class=\" wp-image-3952 alignleft\" src=\"https:\/\/www.cc-stiftung.de\/wordpress\/wp-content\/uploads\/2019\/11\/20190512_115448-300x198.jpg\" alt=\"\" width=\"322\" height=\"227\" \/><\/a><a href=\"https:\/\/www.cc-stiftung.de\/wordpress\/wp-content\/uploads\/2019\/11\/20190512_115118.jpg\"><img loading=\"lazy\" decoding=\"async\" class=\" wp-image-3953 alignleft\" src=\"https:\/\/www.cc-stiftung.de\/wordpress\/wp-content\/uploads\/2019\/11\/20190512_115118-300x169.jpg\" alt=\"\" width=\"376\" height=\"219\" \/><\/a><\/div>\n<\/div><\/div>\n<\/div>\n<\/div>\n","protected":false},"excerpt":{"rendered":"<p>Programm f\u00fcr US-amerikanische Veteran*innen, welche zwischen 1945 und 1994 in Berlin f\u00fcr Freiheit und Sicherheit gesorgt haben. Die WELCOME HOME TO BERLIN TOUR wurde 2008, im Rahmen des 60. Jahrestags <a class=\"more-link\" href=\"https:\/\/www.cc-stiftung.de\/index.php\/welcome-home-programm\/\">Weiterlesen \u2192<\/a><\/p>\n","protected":false},"author":2,"featured_media":0,"parent":0,"menu_order":0,"comment_status":"closed","ping_status":"closed","template":"","meta":{"footnotes":""},"class_list":["post-401","page","type-page","status-publish","hentry"],"_links":{"self":[{"href":"https:\/\/www.cc-stiftung.de\/index.php\/wp-json\/wp\/v2\/pages\/401","targetHints":{"allow":["GET"]}}],"collection":[{"href":"https:\/\/www.cc-stiftung.de\/index.php\/wp-json\/wp\/v2\/pages"}],"about":[{"href":"https:\/\/www.cc-stiftung.de\/index.php\/wp-json\/wp\/v2\/types\/page"}],"author":[{"embeddable":true,"href":"https:\/\/www.cc-stiftung.de\/index.php\/wp-json\/wp\/v2\/users\/2"}],"replies":[{"embeddable":true,"href":"https:\/\/www.cc-stiftung.de\/index.php\/wp-json\/wp\/v2\/comments?post=401"}],"version-history":[{"count":50,"href":"https:\/\/www.cc-stiftung.de\/index.php\/wp-json\/wp\/v2\/pages\/401\/revisions"}],"predecessor-version":[{"id":5203,"href":"https:\/\/www.cc-stiftung.de\/index.php\/wp-json\/wp\/v2\/pages\/401\/revisions\/5203"}],"wp:attachment":[{"href":"https:\/\/www.cc-stiftung.de\/index.php\/wp-json\/wp\/v2\/media?parent=401"}],"curies":[{"name":"wp","href":"https:\/\/api.w.org\/{rel}","templated":true}]}}