{"id":53,"date":"2016-04-05T10:49:11","date_gmt":"2016-04-05T08:49:11","guid":{"rendered":"http:\/\/wordpress.cc-stiftung.de.w0144e97.kasserver.com\/?p=53"},"modified":"2020-11-25T13:04:32","modified_gmt":"2020-11-25T12:04:32","slug":"projekte-programme","status":"publish","type":"page","link":"https:\/\/www.cc-stiftung.de\/index.php\/projekte-programme\/","title":{"rendered":"Projekte &#038; Programme"},"content":{"rendered":"<div class=\"myCatDescription\">\n<p>Unabh\u00e4ngig von der F\u00f6rderung einzelner Projekte organisiert die Stiftung eigene Programme.<\/p>\n<table border=\"0\" width=\"100%\" cellspacing=\"0\" cellpadding=\"0\">\n<tbody>\n<tr align=\"justify\">\n<td valign=\"top\">\n<div class=\"textrechtshoch\">\n<p>Sie betreut u.a. nicht-staatliche Programme Berlins mit seiner Partnerstadt Los Angeles, z.B.:<\/p>\n<ul>\n<li>Kooperationsprogramm mit dem <a href=\"http:\/\/www.museumoftolerance.com\/\">Museum of Tolerance<\/a> Los Angeles<\/li>\n<li>Kooperationsprojekt mit dem <a href=\"https:\/\/www.laparks.org\/reccenter\/downey\">Department of Parks and Recreation<\/a><\/li>\n<li>Kooperationsprojekt mit dem <a href=\"https:\/\/probation.lacounty.gov\/\">Department of Probation<\/a><\/li>\n<\/ul>\n<\/div>\n<\/td>\n<\/tr>\n<\/tbody>\n<\/table>\n<table border=\"0\" width=\"100%\" cellspacing=\"0\" cellpadding=\"0\">\n<tbody>\n<tr align=\"justify\">\n<td valign=\"top\">\n<div style=\"width: 356px\" class=\"wp-caption alignleft\"><a href=\"https:\/\/www.cc-stiftung.de\/wordpress\/wp-content\/uploads\/2016\/10\/eep-schillhaneck.jpg\" target=\"_blank\" rel=\"noopener\"><img loading=\"lazy\" decoding=\"async\" class=\"\" src=\"https:\/\/www.cc-stiftung.de\/wordpress\/wp-content\/uploads\/2016\/10\/eep-schillhaneck.jpg\" alt=\"US teachers meet with Anja Schillhaneck, Vice President of the Berlin House of Representatives\" width=\"346\" height=\"232\" border=\"0\" \/><\/a><p class=\"wp-caption-text\">US Lehrkr\u00e4fte besuchen das Abgeordnetenhaus von Berlin. Rechts: Anja Schillhaneck, stellvertretende Vorsitzende der CCS und Vizepr\u00e4sidentin des Abgeordnetenhauses von Berlin a.D.<\/p><\/div>\n<p>Sie koordiniert und betreut das bundesweit gr\u00f6\u00dfte Entsendeprogramm f\u00fcr Lehrkr\u00e4fte zwischen den USA und Deutschland (STEP):<\/p>\n<ul>\n<li>mit Partnern in verschiedenen U.S.-Bundesstaaten<\/li>\n<li>Durchf\u00fchrung des <em>Educational Enrichment Program<\/em> f\u00fcr U.S.-Multiplikatoren.<\/li>\n<li>Durchf\u00fchrung von <em>Experience America<\/em> f\u00fcr Gymnasiallehrer*innen des Faches Englisch<\/li>\n<li>Durchf\u00fchrung des Programms <em>Berlin-Minnesota Teacher Academy<\/em> f\u00fcr Grundschullehrer*innen des Faches Englisch<\/li>\n<\/ul>\n<p>&nbsp;<\/td>\n<\/tr>\n<\/tbody>\n<\/table>\n<table border=\"0\" width=\"100%\" cellspacing=\"0\" cellpadding=\"0\">\n<tbody>\n<tr align=\"justify\">\n<td valign=\"top\">\n<div id=\"attachment_3009\" style=\"width: 375px\" class=\"wp-caption alignright\"><a href=\"https:\/\/www.cc-stiftung.de\/wordpress\/wp-content\/uploads\/2018\/08\/Abschied-e1533202077924.jpg\"><img loading=\"lazy\" decoding=\"async\" aria-describedby=\"caption-attachment-3009\" class=\"wp-image-3009\" src=\"https:\/\/www.cc-stiftung.de\/wordpress\/wp-content\/uploads\/2018\/08\/Abschied-e1533202077924-1024x767.jpg\" alt=\"Abschied\" width=\"365\" height=\"273\" srcset=\"https:\/\/www.cc-stiftung.de\/wordpress\/wp-content\/uploads\/2018\/08\/Abschied-e1533202077924-1024x767.jpg 1024w, https:\/\/www.cc-stiftung.de\/wordpress\/wp-content\/uploads\/2018\/08\/Abschied-e1533202077924-300x225.jpg 300w, https:\/\/www.cc-stiftung.de\/wordpress\/wp-content\/uploads\/2018\/08\/Abschied-e1533202077924-768x575.jpg 768w\" sizes=\"auto, (max-width: 365px) 100vw, 365px\" \/><\/a><p id=\"caption-attachment-3009\" class=\"wp-caption-text\">2018 f\u00f6rderte die Stiftung einen Austausch zwischen Jugendbew\u00e4hrungshelfer*innen in Berlin und Los Angeles<\/p><\/div>\n<p>Dar\u00fcber hinaus ist es der Stiftung Verpflichtung, nach Ma\u00dfgabe aktueller Entwicklungen in den deutsch-amerikanischen Beziehungen Sofort-Programme zu initiieren und zu gestalten.<\/p>\n<p>Bei Austauschprojekten ber\u00fccksichtigt die Checkpoint Charlie Stiftung die <a href=\"https:\/\/www.cc-stiftung.de\/index.php\/grundsaetze-fuer-die-durchfuehrung-von-austauschprojekten-der-checkpoint-charlie-stiftung\/\">Grunds\u00e4tze<\/a> gem\u00e4\u00df des Vorstandsbeschlusses vom 01.10.2008.<\/td>\n<\/tr>\n<\/tbody>\n<\/table>\n<\/div>\n","protected":false},"excerpt":{"rendered":"<p>Unabh\u00e4ngig von der F\u00f6rderung einzelner Projekte organisiert die Stiftung eigene Programme. Sie betreut u.a. nicht-staatliche Programme Berlins mit seiner Partnerstadt Los Angeles, z.B.: Kooperationsprogramm mit dem Museum of Tolerance Los <a class=\"more-link\" href=\"https:\/\/www.cc-stiftung.de\/index.php\/projekte-programme\/\">Weiterlesen \u2192<\/a><\/p>\n","protected":false},"author":1,"featured_media":0,"parent":0,"menu_order":0,"comment_status":"open","ping_status":"open","template":"","meta":{"footnotes":""},"class_list":["post-53","page","type-page","status-publish","hentry"],"_links":{"self":[{"href":"https:\/\/www.cc-stiftung.de\/index.php\/wp-json\/wp\/v2\/pages\/53","targetHints":{"allow":["GET"]}}],"collection":[{"href":"https:\/\/www.cc-stiftung.de\/index.php\/wp-json\/wp\/v2\/pages"}],"about":[{"href":"https:\/\/www.cc-stiftung.de\/index.php\/wp-json\/wp\/v2\/types\/page"}],"author":[{"embeddable":true,"href":"https:\/\/www.cc-stiftung.de\/index.php\/wp-json\/wp\/v2\/users\/1"}],"replies":[{"embeddable":true,"href":"https:\/\/www.cc-stiftung.de\/index.php\/wp-json\/wp\/v2\/comments?post=53"}],"version-history":[{"count":27,"href":"https:\/\/www.cc-stiftung.de\/index.php\/wp-json\/wp\/v2\/pages\/53\/revisions"}],"predecessor-version":[{"id":4520,"href":"https:\/\/www.cc-stiftung.de\/index.php\/wp-json\/wp\/v2\/pages\/53\/revisions\/4520"}],"wp:attachment":[{"href":"https:\/\/www.cc-stiftung.de\/index.php\/wp-json\/wp\/v2\/media?parent=53"}],"curies":[{"name":"wp","href":"https:\/\/api.w.org\/{rel}","templated":true}]}}