{"id":71,"date":"2016-04-05T11:41:27","date_gmt":"2016-04-05T09:41:27","guid":{"rendered":"http:\/\/wordpress.cc-stiftung.de\/?p=71"},"modified":"2023-03-01T14:45:47","modified_gmt":"2023-03-01T13:45:47","slug":"fragen-und-antworten","status":"publish","type":"page","link":"https:\/\/www.cc-stiftung.de\/index.php\/fragen-und-antworten\/","title":{"rendered":"Fragen und Antworten"},"content":{"rendered":"<div class=\"myCatDescription\">\n<table border=\"0\" width=\"100%\" cellspacing=\"0\" cellpadding=\"0\">\n<tbody>\n<tr>\n<td align=\"left\" valign=\"top\">\n<p align=\"justify\"><strong>Was ist die Checkpoint Charlie Stiftung?<br \/>\n<\/strong>Die Checkpoint Charlie Stiftung wurde 1994 vom Land Berlin gegr\u00fcndet und ist eine rechtsf\u00e4hige Stiftung b\u00fcrgerlichen Rechts mit Sitz in Berlin. Die Stiftung verfolgt ausschlie\u00dflich und unmittelbar gemeinn\u00fctzige Zwecke, stellt Zuwendungsbescheinigungen aus und ist selbstlos t\u00e4tig.<\/p>\n<p align=\"justify\"><strong>Welchen Zweck erf\u00fcllt die Checkpoint Charlie Stiftung?<br \/>\n<\/strong>Zweck der Stiftung ist die Pflege der deutsch-amerikanischen Beziehungen unter besonderer Ber\u00fccksichtigung der USA in Berlin. Seit 1994 hat die Stiftung \u00fcber 300 deutsch-amerikanische Projekte geplant und verwirklicht und diese mit ann\u00e4hernd 1,8 Mio. Euro unterst\u00fctzt. Dar\u00fcber hinaus koordiniert die Stiftung das bundesweit gr\u00f6\u00dfte Lehreraustausch-Programm zwischen den USA und Deutschland (STEP) und betreut alle nichtstaatlichen Programme Berlins mit seiner Partnerstadt Los Angeles.<\/p>\n<p align=\"justify\"><strong>Was wird von Ihnen gef\u00f6rdert?<br \/>\n<\/strong>Pers\u00f6nliche Begegnungen zwischen Gruppen aus Berlin und den USA.<\/p>\n<p align=\"justify\"><strong>Wer wird gef\u00f6rdert?<br \/>\n<\/strong>Deutsche und amerikanische Antragssteller*innen, die bilaterale Projekte zwischen Gruppen planen. Wir vergeben keine Stipendien an Einzelpersonen.<\/p>\n<p align=\"justify\"><strong>Bieten Sie F\u00fchrungen an?<\/strong><br \/>\nNein, denn die Stiftung ist weder finanziell noch personell und geographisch mit dem gleichnamigen Museum (<a href=\"http:\/\/www.mauer-museum.com\/\" target=\"_blank\" rel=\"noopener\">Mauermuseum<\/a> Haus am Checkpoint Charlie) identisch.<\/p>\n<p><strong>Vermitteln Sie Ferienjobs und Praktika in den USA?<br \/>\n<\/strong>Nein, leider nicht. Wenden Sie sich bitte an das CollegeCouncil:<br \/>\nCollegeCouncil gGmbH<br \/>\nTorstr. 178, 10115 Berlin<br \/>\nTel.: 030 \/ 24 08 69 70, Fax: 030 \/ 25 76 27 33<br \/>\nHomepage: <a href=\"http:\/\/www.college-council.de\/\" target=\"_blank\" rel=\"noopener\">www.college-council.de<\/a><\/p>\n<p><strong>Kann man sich bei Ihnen als Au pair bewerben?<br \/>\n<\/strong>Nein, leider nicht. Wenden Sie sich bitte an das Network International:<br \/>\nNetwork International<br \/>\nHeidenfeldstr. 2, 10249 Berlin<br \/>\nTel.: 030 \/ 42 01 43 98, Fax: 030 \/ 42 01 44 19<\/p>\n<p><strong>Haben Sie ein Sch\u00fcleraustauschprogramm?<br \/>\n<\/strong>Nein, leider nicht. Wenden Sie sich bitte an den Verein Berliner Austauschsch\u00fcler:<br \/>\nVerein Berliner Austauschsch\u00fcler<br \/>\nAdalbertstr. 4, 10999 Berlin<br \/>\nTel.: 030 \/ 25 29 51 33, Fax: 030 \/ 25 29 51 32<br \/>\nE-Mail: <a href=\"&#x6d;&#97;&#x69;&#x6c;&#116;&#x6f;&#58;v&#x62;&#97;&#64;&#x61;&#117;s&#x74;&#97;u&#x73;&#99;&#x68;&#x2d;&#98;&#x65;&#x72;&#108;&#x69;&#110;&#46;&#x64;&#101;\">&#x76;b&#x61;&#64;&#x61;&#117;s&#x74;&#97;&#x75;&#115;c&#x68;&#45;&#x62;&#101;r&#x6c;i&#x6e;&#46;&#x64;&#x65;<\/a><br \/>\nHomepage: <a href=\"http:\/\/www.austausch-berlin.de\/\" target=\"_blank\" rel=\"noopener\">www.austausch-berlin.de<\/a><br \/>\nB\u00fcrozeiten: Mo 17-19 Uhr, Do 18-20 Uhr<\/p>\n<p><strong>Haben Sie ein Studentenaustauschprogramm?<\/strong><br \/>\nNein, leider auch nicht. Wenden Sie sich bitte an die Fulbright-Commission:<br \/>\nGerman-American Fulbright-Commission<br \/>\nL\u00fctzowufer 26, 10787 Berlin<br \/>\n<a href=\"https:\/\/www.fulbright.de\/about-us\/our-office\">Homepage<\/a><\/td>\n<\/tr>\n<\/tbody>\n<\/table>\n<\/div>\n","protected":false},"excerpt":{"rendered":"<p>Was ist die Checkpoint Charlie Stiftung? Die Checkpoint Charlie Stiftung wurde 1994 vom Land Berlin gegr\u00fcndet und ist eine rechtsf\u00e4hige Stiftung b\u00fcrgerlichen Rechts mit Sitz in Berlin. Die Stiftung verfolgt <a class=\"more-link\" href=\"https:\/\/www.cc-stiftung.de\/index.php\/fragen-und-antworten\/\">Weiterlesen \u2192<\/a><\/p>\n","protected":false},"author":1,"featured_media":0,"parent":0,"menu_order":0,"comment_status":"open","ping_status":"open","template":"","meta":{"footnotes":""},"class_list":["post-71","page","type-page","status-publish","hentry"],"_links":{"self":[{"href":"https:\/\/www.cc-stiftung.de\/index.php\/wp-json\/wp\/v2\/pages\/71","targetHints":{"allow":["GET"]}}],"collection":[{"href":"https:\/\/www.cc-stiftung.de\/index.php\/wp-json\/wp\/v2\/pages"}],"about":[{"href":"https:\/\/www.cc-stiftung.de\/index.php\/wp-json\/wp\/v2\/types\/page"}],"author":[{"embeddable":true,"href":"https:\/\/www.cc-stiftung.de\/index.php\/wp-json\/wp\/v2\/users\/1"}],"replies":[{"embeddable":true,"href":"https:\/\/www.cc-stiftung.de\/index.php\/wp-json\/wp\/v2\/comments?post=71"}],"version-history":[{"count":5,"href":"https:\/\/www.cc-stiftung.de\/index.php\/wp-json\/wp\/v2\/pages\/71\/revisions"}],"predecessor-version":[{"id":5321,"href":"https:\/\/www.cc-stiftung.de\/index.php\/wp-json\/wp\/v2\/pages\/71\/revisions\/5321"}],"wp:attachment":[{"href":"https:\/\/www.cc-stiftung.de\/index.php\/wp-json\/wp\/v2\/media?parent=71"}],"curies":[{"name":"wp","href":"https:\/\/api.w.org\/{rel}","templated":true}]}}