{"id":728,"date":"2016-08-17T16:44:19","date_gmt":"2016-08-17T14:44:19","guid":{"rendered":"http:\/\/wordpress.cc-stiftung.de\/?page_id=728"},"modified":"2021-12-08T13:06:32","modified_gmt":"2021-12-08T12:06:32","slug":"schulpartnerschaften","status":"publish","type":"page","link":"https:\/\/www.cc-stiftung.de\/index.php\/schulpartnerschaften\/","title":{"rendered":"Schulpartnerschaften"},"content":{"rendered":"<div id=\"attachment_716\" style=\"width: 321px\" class=\"wp-caption alignleft\"><img loading=\"lazy\" decoding=\"async\" aria-describedby=\"caption-attachment-716\" class=\"wp-image-716\" src=\"http:\/\/wordpress.cc-stiftung.de\/wp-content\/uploads\/2016\/08\/11188213_393986570726705_2995085480122410386_n.jpg\" alt=\"Grunewald GS 2015\" width=\"311\" height=\"415\" srcset=\"https:\/\/www.cc-stiftung.de\/wordpress\/wp-content\/uploads\/2016\/08\/11188213_393986570726705_2995085480122410386_n.jpg 600w, https:\/\/www.cc-stiftung.de\/wordpress\/wp-content\/uploads\/2016\/08\/11188213_393986570726705_2995085480122410386_n-225x300.jpg 225w\" sizes=\"auto, (max-width: 311px) 100vw, 311px\" \/><p id=\"caption-attachment-716\" class=\"wp-caption-text\">Seit inzwischen mehr als 15 Jahren besteht eine enge Schulpartnerschaft zwischen der Grunewald Grundschule und der Waddell Language Academy, Charlotte, NC. Aus Anlass des 15. Jubil\u00e4ums des Austausches wurden 2014 von Sch\u00fclern beider Schulen diese Buddy B\u00e4ren gestaltet, von denen jede Schule jeweils einen als Symbol der Freundschaft erhalten hat.<\/p><\/div>\n<p>Die Checkpoint Charlie Stiftung erh\u00e4lt aus den USA regelm\u00e4\u00dfig Anfragen nach m\u00f6glichen Partnerschaften mit Berliner Schulen. Ebenso interessiert sind aber auch Berliner Schulen an einer Partnerschaft mit amerikanischen Schulen.<\/p>\n<p>Um dieses Interesse zu b\u00fcndeln und eine Art Schnittstelle zu schaffen, haben wir uns entschlossen, eine Datenbank f\u00fcr interessierte Schulen auf beiden Seiten des Atlantiks zu erstellen, die am Aufbau eines solchen Projektes mit dem jeweils anderen Land interessiert sind.<\/p>\n<p>Ziel ist es dabei, dass sich der jeweilige Interessent \u00fcber diese Datenbank eine passende Schule heraussucht und sich mit dieser in Verbindung setzt. Die Kontaktaufnahme erfolgt ohne unser Zutun.<\/p>\n<p>Hierbei geht es nicht zwangsl\u00e4ufig oder ausschlie\u00dflich um gegenseitige Besuche (welche nat\u00fcrlich auch nicht ausgeschlossen sind), sondern vorrangig um den Austausch von Ideen, Erfahrungen und die Arbeit an gemeinsamen Projekten. Dies ist aufgrund der zur Verf\u00fcgung stehenden Medien auf entsprechend vielen Ebenen (soziale Netzwerke, Skype usw.) denkbar.<\/p>\n<p>Wenn Sie als Schule an einer solchen Partnerschaft interessiert sind, f\u00fcllen Sie bitte dieses <a href=\"https:\/\/www.cc-stiftung.de\/wordpress\/wp-content\/uploads\/2020\/12\/Schulpartnerschaft-Fragebogen-deutsch.doc\">Formular<\/a> aus und senden Sie es uns per Fax, E-Mail (als Scan) oder als Brief zur\u00fcck.<\/p>\n<p>Wir erfassen alle Interessenten und erm\u00f6glichen es so, dass sich diese direkt mit einem jeweils anderen, vor allem passenden Partner in Verbindung setzten k\u00f6nnen. Die jeweils interessierte Schule erh\u00e4lt einen Zugangscode, welcher ausschlie\u00dflich den Zugriff zur Seite des jeweils anderen Landes gew\u00e4hrt (Berliner Schulen erhalten nur Zugang zu amerikanischen Interessenten und umgekehrt).<\/p>\n<p>Sobald Sie &#8222;Ihre&#8220; Partnerschule gefunden haben, bitten wir Sie jedoch, sich wieder bei uns melden, damit wir beide Schulen von der Website nehmen.<\/p>\n<p>Wir hoffen sehr, durch diese Aktion eine Basis f\u00fcr einen breiten deutsch-amerikanischen (Jugend-)Austausch zu bieten und m\u00f6glichst viele junge Menschen durch gemeinsame Projekte unkompliziert zusammen zu bringen und zu verbinden.<\/p>\n<p>Die Liste der amerikanischen Schulen finden Sie <a href=\"https:\/\/www.cc-stiftung.de\/index.php\/de\/amerikanische-schulen\/\">hier<\/a>. Passwort erforderlich.<\/p>\n<p>Die Liste der Berliner Schulen finden Sie <a href=\"https:\/\/www.cc-stiftung.de\/index.php\/en\/german-schools\/\">hier<\/a>. Passwort erforderlich.<\/p>\n<p>F\u00fcr die Einsicht in die Listen, senden Sie uns gerne eine Mail an <a href=\"&#x6d;&#97;i&#x6c;&#x74;&#111;:&#x73;&#116;e&#x70;&#x40;&#99;c&#x2d;&#115;t&#x69;&#x66;&#116;u&#x6e;&#x67;&#46;&#x64;&#x65;\">&#x73;&#x74;&#x65;&#x70;&#x40;&#x63;&#x63;&#x2d;&#x73;&#x74;&#x69;&#x66;&#x74;&#x75;&#x6e;&#x67;&#x2e;&#x64;&#x65;<\/a><\/p>\n<p><strong>Das German American Partnership Program (GAPP)<\/strong><\/p>\n<p>Ein wichtiger Hinweis f\u00fcr potenzielle Partnerschulen: Amerikanische Partner deutscher Schulen haben die M\u00f6glichkeit, \u00fcber das German American Partnership Program (GAPP) F\u00f6rdergelder f\u00fcr Sch\u00fcleraustausche nach Deutschland zu beantragen. Das Programm richtet sich an Schulen, in denen in Deutschland Englisch und in den USA Deutsch unterrichtet wird. Sowohl die deutsche als auch die amerikanische Partnerschule muss dazu die Kooperation best\u00e4tigen. Weitere Informationen finden Sie unter <a href=\"http:\/\/www.goethe.de\/gapp\">www.goethe.de\/gapp<\/a><\/p>\n<p>&nbsp;<\/p>\n<p>&nbsp;<\/p>\n<p>&nbsp;<\/p>\n","protected":false},"excerpt":{"rendered":"<p>Die Checkpoint Charlie Stiftung erh\u00e4lt aus den USA regelm\u00e4\u00dfig Anfragen nach m\u00f6glichen Partnerschaften mit Berliner Schulen. Ebenso interessiert sind aber auch Berliner Schulen an einer Partnerschaft mit amerikanischen Schulen. Um <a class=\"more-link\" href=\"https:\/\/www.cc-stiftung.de\/index.php\/schulpartnerschaften\/\">Weiterlesen \u2192<\/a><\/p>\n","protected":false},"author":1,"featured_media":0,"parent":0,"menu_order":0,"comment_status":"closed","ping_status":"closed","template":"","meta":{"footnotes":""},"class_list":["post-728","page","type-page","status-publish","hentry"],"_links":{"self":[{"href":"https:\/\/www.cc-stiftung.de\/index.php\/wp-json\/wp\/v2\/pages\/728","targetHints":{"allow":["GET"]}}],"collection":[{"href":"https:\/\/www.cc-stiftung.de\/index.php\/wp-json\/wp\/v2\/pages"}],"about":[{"href":"https:\/\/www.cc-stiftung.de\/index.php\/wp-json\/wp\/v2\/types\/page"}],"author":[{"embeddable":true,"href":"https:\/\/www.cc-stiftung.de\/index.php\/wp-json\/wp\/v2\/users\/1"}],"replies":[{"embeddable":true,"href":"https:\/\/www.cc-stiftung.de\/index.php\/wp-json\/wp\/v2\/comments?post=728"}],"version-history":[{"count":20,"href":"https:\/\/www.cc-stiftung.de\/index.php\/wp-json\/wp\/v2\/pages\/728\/revisions"}],"predecessor-version":[{"id":4766,"href":"https:\/\/www.cc-stiftung.de\/index.php\/wp-json\/wp\/v2\/pages\/728\/revisions\/4766"}],"wp:attachment":[{"href":"https:\/\/www.cc-stiftung.de\/index.php\/wp-json\/wp\/v2\/media?parent=728"}],"curies":[{"name":"wp","href":"https:\/\/api.w.org\/{rel}","templated":true}]}}