{"id":79,"date":"2016-04-05T11:50:46","date_gmt":"2016-04-05T09:50:46","guid":{"rendered":"http:\/\/wordpress.cc-stiftung.de\/?p=79"},"modified":"2023-06-05T10:04:12","modified_gmt":"2023-06-05T08:04:12","slug":"kontakt","status":"publish","type":"page","link":"https:\/\/www.cc-stiftung.de\/index.php\/kontakt\/","title":{"rendered":"Kontakt"},"content":{"rendered":"<div class=\"myCatDescription\">\n<table border=\"0\" width=\"100%\" cellspacing=\"0\" cellpadding=\"0\">\n<tbody>\n<tr>\n<td align=\"left\" valign=\"top\">Checkpoint Charlie Stiftung<br \/>\nBismarckstr. 63<br \/>\n12169 Berlin<br \/>\nDeutschland<br \/>\nTel: +49 30 844906-0<br \/>\nFax: +49 30 844906-20<br \/>\n<a href=\"&#109;&#x61;&#105;&#x6c;&#116;&#x6f;&#58;&#x69;&#110;&#x66;&#111;&#x40;&#99;&#x63;&#45;&#x73;&#116;&#x69;&#102;&#x74;&#117;&#x6e;&#103;&#x2e;&#100;&#x65;\"><img loading=\"lazy\" decoding=\"async\" class=\"alignleft wp-image-3955\" src=\"https:\/\/www.cc-stiftung.de\/wordpress\/wp-content\/uploads\/2019\/11\/kisspng-amnesty-international-usa-email-computer-icons-mes-email-icon-5ad183021a0de5.2971523315236800021067-150x150.png\" alt=\"\" width=\"20\" height=\"20\" srcset=\"https:\/\/www.cc-stiftung.de\/wordpress\/wp-content\/uploads\/2019\/11\/kisspng-amnesty-international-usa-email-computer-icons-mes-email-icon-5ad183021a0de5.2971523315236800021067-150x150.png 150w, https:\/\/www.cc-stiftung.de\/wordpress\/wp-content\/uploads\/2019\/11\/kisspng-amnesty-international-usa-email-computer-icons-mes-email-icon-5ad183021a0de5.2971523315236800021067-300x300.png 300w, https:\/\/www.cc-stiftung.de\/wordpress\/wp-content\/uploads\/2019\/11\/kisspng-amnesty-international-usa-email-computer-icons-mes-email-icon-5ad183021a0de5.2971523315236800021067-768x768.png 768w, https:\/\/www.cc-stiftung.de\/wordpress\/wp-content\/uploads\/2019\/11\/kisspng-amnesty-international-usa-email-computer-icons-mes-email-icon-5ad183021a0de5.2971523315236800021067-1024x1024.png 1024w, https:\/\/www.cc-stiftung.de\/wordpress\/wp-content\/uploads\/2019\/11\/kisspng-amnesty-international-usa-email-computer-icons-mes-email-icon-5ad183021a0de5.2971523315236800021067.png 1200w\" sizes=\"auto, (max-width: 20px) 100vw, 20px\" \/>Click here to send an e-mail<\/a><\/p>\n<h2>Verkehrsanbindung<\/h2>\n<p>Die Bushaltestelle BISMARCKSTR.\/BERGSTR. befindet sich in unmittelbarer N\u00e4he der Gesch\u00e4ftsstelle.<\/p>\n<p>Mit der S-Bahn erreichen Sie uns wie folgt:<\/p>\n<p>S-Bahnhof PRIESTERWEG (S2,25) mit Busanschluss 170 (Richtung Rathaus Steglitz)<\/p>\n<p>S-Bahnhof RATHAUS STEGLITZ (S1) mit Busanschluss 170 (Richtung S-Lichtenrade)<\/p>\n<p>S-Bahnhof FEUERBACHSTRASSE (S1) mit Busanschluss 181 (Richtung Britz, Kielinger Str. ) oder von dort zu Fu\u00df (850 m, ca. 10min)<\/p>\n<p>Kostenfreie Parkpl\u00e4tze sind direkt vor dem Haus und in unmittelbarer Umgebung vorhanden.<\/td>\n<\/tr>\n<\/tbody>\n<\/table>\n<h2 class=\"caption\">Umgebungsplan<br \/>\n<div id=\"wpgmza_map_1\" class=\"wpgmza_map wpgmza-auto-left\" style=\"display:block;width:100\\%;height:400px;overflow:hidden;position:relative;\" data-map-id=\"1\" data-maps-engine=\"\" data-build-engine=\"atlas-novus\" data-shortcode-attributes=\"{&quot;id&quot;:&quot;1&quot;,&quot;zoom&quot;:false,&quot;width&quot;:false,&quot;height&quot;:false,&quot;marker&quot;:false,&quot;classname&quot;:false}\" data-settings=\"{&quot;map_title&quot;:&quot;CCS-B\\u00fcro&quot;,&quot;map_width&quot;:&quot;100&quot;,&quot;map_height&quot;:&quot;400&quot;,&quot;map_start_lat&quot;:&quot;52.459003&quot;,&quot;map_start_lng&quot;:&quot;13.339481&quot;,&quot;map_start_location&quot;:&quot;52.45900323782424,13.339481145121681&quot;,&quot;map_start_zoom&quot;:&quot;13&quot;,&quot;default_marker&quot;:&quot;0&quot;,&quot;type&quot;:&quot;1&quot;,&quot;alignment&quot;:&quot;3&quot;,&quot;directions_enabled&quot;:&quot;1&quot;,&quot;styling_enabled&quot;:&quot;0&quot;,&quot;styling_json&quot;:&quot;&quot;,&quot;active&quot;:&quot;0&quot;,&quot;kml&quot;:&quot;&quot;,&quot;bicycle&quot;:&quot;0&quot;,&quot;traffic&quot;:&quot;0&quot;,&quot;dbox&quot;:&quot;1&quot;,&quot;dbox_width&quot;:&quot;100&quot;,&quot;listmarkers&quot;:&quot;0&quot;,&quot;listmarkers_advanced&quot;:&quot;0&quot;,&quot;filterbycat&quot;:&quot;0&quot;,&quot;ugm_enabled&quot;:&quot;0&quot;,&quot;ugm_category_enabled&quot;:&quot;0&quot;,&quot;fusion&quot;:&quot;&quot;,&quot;map_width_type&quot;:&quot;\\\\%&quot;,&quot;map_height_type&quot;:&quot;px&quot;,&quot;mass_marker_support&quot;:&quot;1&quot;,&quot;ugm_access&quot;:&quot;0&quot;,&quot;order_markers_by&quot;:&quot;1&quot;,&quot;order_markers_choice&quot;:&quot;2&quot;,&quot;show_user_location&quot;:&quot;0&quot;,&quot;default_to&quot;:&quot;&quot;,&quot;store_locator_enabled&quot;:2,&quot;store_locator_distance&quot;:2,&quot;store_locator_bounce&quot;:1,&quot;store_locator_query_string&quot;:&quot;PLZ \\\/ Adresse:&quot;,&quot;wpgmza_store_locator_restrict&quot;:&quot;&quot;,&quot;map_max_zoom&quot;:&quot;1&quot;,&quot;transport_layer&quot;:0,&quot;wpgmza_theme_data&quot;:&quot;[ \\\\\\&quot;visibility\\\\\\&quot;, \\\\\\&quot;invert_lightness\\\\\\&quot;, \\\\\\&quot;color\\\\\\&quot;, \\\\\\&quot;weight\\\\\\&quot;, \\\\\\&quot;hue\\\\\\&quot;, \\\\\\&quot;saturation\\\\\\&quot;, \\\\\\&quot;lightness\\\\\\&quot;, \\\\\\&quot;gamma\\\\\\&quot;]&quot;,&quot;wpgmza_theme_selection&quot;:0,&quot;id&quot;:1}\" ><\/div><\/h2>\n<\/div>\n<h2><\/h2>\n<h2><\/h2>\n<h2>Rechtliche Hinweise<\/h2>\n<p>Die Checkpoint Charlie Stiftung ist eine rechtsf\u00e4hige Stiftung nach b\u00fcrgerlichem Recht mit Sitz in Berlin.<br \/>\nVertretungsberechtigte Person: Walter Momper<\/p>\n<p>Zust\u00e4ndige Aufsichtsbeh\u00f6rde:<br \/>\nStiftungsaufsicht des Landes Berlin,<br \/>\nSenatsverwaltung f\u00fcr Justiz &#8211; Stiftungsaufsicht, Salzburger Stra\u00dfe 21-25, 10825 Berlin<\/p>\n<p>Haftungshinweis: Trotz sorgf\u00e4ltiger inhaltlicher Kontrolle \u00fcbernehmen wir keine Haftung f\u00fcr die Inhalte externer Links. F\u00fcr den Inhalt der verlinkten Seiten sind ausschlie\u00dflich deren Betreiber verantwortlich.<\/p>\n","protected":false},"excerpt":{"rendered":"<p>Checkpoint Charlie Stiftung Bismarckstr. 63 12169 Berlin Deutschland Tel: +49 30 844906-0 Fax: +49 30 844906-20 Click here to send an e-mail Verkehrsanbindung Die Bushaltestelle BISMARCKSTR.\/BERGSTR. befindet sich in unmittelbarer <a class=\"more-link\" href=\"https:\/\/www.cc-stiftung.de\/index.php\/kontakt\/\">Weiterlesen \u2192<\/a><\/p>\n","protected":false},"author":1,"featured_media":0,"parent":0,"menu_order":0,"comment_status":"open","ping_status":"open","template":"","meta":{"footnotes":""},"class_list":["post-79","page","type-page","status-publish","hentry"],"_links":{"self":[{"href":"https:\/\/www.cc-stiftung.de\/index.php\/wp-json\/wp\/v2\/pages\/79","targetHints":{"allow":["GET"]}}],"collection":[{"href":"https:\/\/www.cc-stiftung.de\/index.php\/wp-json\/wp\/v2\/pages"}],"about":[{"href":"https:\/\/www.cc-stiftung.de\/index.php\/wp-json\/wp\/v2\/types\/page"}],"author":[{"embeddable":true,"href":"https:\/\/www.cc-stiftung.de\/index.php\/wp-json\/wp\/v2\/users\/1"}],"replies":[{"embeddable":true,"href":"https:\/\/www.cc-stiftung.de\/index.php\/wp-json\/wp\/v2\/comments?post=79"}],"version-history":[{"count":28,"href":"https:\/\/www.cc-stiftung.de\/index.php\/wp-json\/wp\/v2\/pages\/79\/revisions"}],"predecessor-version":[{"id":5447,"href":"https:\/\/www.cc-stiftung.de\/index.php\/wp-json\/wp\/v2\/pages\/79\/revisions\/5447"}],"wp:attachment":[{"href":"https:\/\/www.cc-stiftung.de\/index.php\/wp-json\/wp\/v2\/media?parent=79"}],"curies":[{"name":"wp","href":"https:\/\/api.w.org\/{rel}","templated":true}]}}