{"id":797,"date":"2016-08-18T13:12:29","date_gmt":"2016-08-18T11:12:29","guid":{"rendered":"http:\/\/wordpress.cc-stiftung.de\/?page_id=797"},"modified":"2022-11-14T11:29:27","modified_gmt":"2022-11-14T10:29:27","slug":"berlin-sommerprogramm","status":"publish","type":"page","link":"https:\/\/www.cc-stiftung.de\/index.php\/berlin-sommerprogramm\/","title":{"rendered":"Berlin Sommerprogramm"},"content":{"rendered":"<div id=\"attachment_1041\" style=\"width: 414px\" class=\"wp-caption alignright\"><img loading=\"lazy\" decoding=\"async\" aria-describedby=\"caption-attachment-1041\" class=\"wp-image-1041\" src=\"https:\/\/www.cc-stiftung.de\/wordpress\/wp-content\/uploads\/2016\/08\/20160629_121746-1024x576.jpg\" alt=\"20160629_121746\" width=\"404\" height=\"227\" srcset=\"https:\/\/www.cc-stiftung.de\/wordpress\/wp-content\/uploads\/2016\/08\/20160629_121746-1024x576.jpg 1024w, https:\/\/www.cc-stiftung.de\/wordpress\/wp-content\/uploads\/2016\/08\/20160629_121746-300x169.jpg 300w, https:\/\/www.cc-stiftung.de\/wordpress\/wp-content\/uploads\/2016\/08\/20160629_121746-768x432.jpg 768w\" sizes=\"auto, (max-width: 404px) 100vw, 404px\" \/><p id=\"caption-attachment-1041\" class=\"wp-caption-text\">Teilnehmer*innen treffen sich mit Zeitzeugen, wie hier Beate Niemann (2.v.l.), Autorin der B\u00fccher: &#8222;Mein guter Vater. Eine T\u00e4terbiographie&#8220; und &#8222;Ich lasse das Vergessen nicht zu&#8220;.<\/p><\/div>\n<p><em>Aufgrund von Corona konnte dieses sehr erfolgreiche Programm 2020 bis 2022 leider nicht durchgef\u00fchrt werden. 2023 soll es wieder stattfinden.<\/em><\/p>\n<p><strong>Dieses Fortbildungsprogramm f\u00fcr Lehrer*innen aus Los Angeles und Umgebung wird von der Checkpoint Charlie Stiftung im Rahmen der Berlin-L.A. St\u00e4dtepartnerschaft organisiert. Partner ist das Museum of Tolerance.<br \/>\n<\/strong><\/p>\n<p>Das 10-t\u00e4gige Intensivprogramm soll unseren amerikanischen G\u00e4sten einen Einblick in die kulturellen, politischen, sozialen und wirtschaftlichen Faktoren gew\u00e4hren, die in Ihrer Gesamtheit zum Holocaust f\u00fchrten. Gleichzeitig wird der Kontakt zur heutigen j\u00fcdischen Gemeinde hergestellt, welche einen bedeutenden Teil der dynamischen Vielfalt in Berlin ausmacht.<\/p>\n<p>Das Programm beinhaltet Besuche von historischen St\u00e4tten in und um Berlin, die eine bedeutende Rolle in der Geschichte des Holocaust spielten. W\u00e4hrend ihres Aufenthaltes haben die Teilnehmer*innen die M\u00f6glichkeit Zeitzeugen, \u00dcberlebende, Vertreter der Berliner Regierung und bedeutende Mitglieder der heutigen j\u00fcdischen Gemeinde kennenzulernen. Dadurch erh\u00e4lt das Programm eine einzigartige Qualit\u00e4t.<\/p>\n<div style=\"width: 207px\" class=\"wp-caption alignleft\"><img loading=\"lazy\" decoding=\"async\" src=\"https:\/\/www.cc-stiftung.de\/wordpress\/wp-content\/uploads\/2016\/10\/gate_of_concentration_camp_sachsenhausen.jpg\" alt=\"Gate of Sachsenhausen Concentration Camp - &quot;Arbeit macht frei&quot;\" width=\"197\" height=\"131\" border=\"0\" \/><p class=\"wp-caption-text\">KZ Sachsenhausen<\/p><\/div>\n<p><strong>Ziel des Programms<\/strong><\/p>\n<p>Das Programm wurde speziell f\u00fcr Lehrer*innen aus Los Angeles und der Umgebung initiiert. Es soll:<\/p>\n<ul>\n<li>Das Wissen \u00fcber den Holocaust und das neue j\u00fcdische Leben in Berlin\/Deutschland intensivieren bzw. verbessern;<\/li>\n<li>Die pers\u00f6nlichen Kenntnisse der Lehrkr\u00e4fte vertiefen, wodurch diese in die Lage versetzt werden, ihren Unterricht \u00fcber den Holocaust inhaltlich zu verbessern;<\/li>\n<\/ul>\n<div id=\"attachment_1044\" style=\"width: 413px\" class=\"wp-caption alignright\"><a href=\"https:\/\/www.cc-stiftung.de\/wordpress\/wp-content\/uploads\/2016\/08\/0000-00-00-00.00.00-245.jpg\"><img loading=\"lazy\" decoding=\"async\" aria-describedby=\"caption-attachment-1044\" class=\"wp-image-1044\" src=\"https:\/\/www.cc-stiftung.de\/wordpress\/wp-content\/uploads\/2016\/08\/0000-00-00-00.00.00-245-1024x768.jpg\" alt=\"0000-00-00 00.00.00-245\" width=\"403\" height=\"302\" srcset=\"https:\/\/www.cc-stiftung.de\/wordpress\/wp-content\/uploads\/2016\/08\/0000-00-00-00.00.00-245-1024x768.jpg 1024w, https:\/\/www.cc-stiftung.de\/wordpress\/wp-content\/uploads\/2016\/08\/0000-00-00-00.00.00-245-300x225.jpg 300w, https:\/\/www.cc-stiftung.de\/wordpress\/wp-content\/uploads\/2016\/08\/0000-00-00-00.00.00-245-768x576.jpg 768w\" sizes=\"auto, (max-width: 403px) 100vw, 403px\" \/><\/a><p id=\"caption-attachment-1044\" class=\"wp-caption-text\">Im Gespr\u00e4ch mit der deutsch-israelischen Journalistin und Autorin Inge Deutschkron (2.v.r.)<\/p><\/div>\n<ul>\n<li>Anregen, \u00fcber den Missbrauch von Macht sowie \u00fcber die Rolle und Verantwortung des Einzelnen, der Organisationen und Nationen bei der Konfrontation mit Ungerechtigkeit nachzudenken;<\/li>\n<li>Verst\u00e4ndnis entwickeln f\u00fcr die Gr\u00fcnde und Umst\u00e4nde, welche zu Vorurteilen, Rassismus und Stereotypen in einer pluralistischen Gesellschaft, die f\u00fcr Akzeptanz der Vielfalt steht, f\u00fchren;<\/li>\n<li>Wissen \u00fcber den Umgang moderner Gesellschaften mit Verbrechen gegen die Menschlichkeit vermitteln;<\/li>\n<li>Ein gemeinsames Verst\u00e4ndnis und Kontakte zwischen Berlin und ihrer Partnerstadt Los Angeles herstellen.<\/li>\n<\/ul>\n<table border=\"3\" cellspacing=\"1\" cellpadding=\"4\">\n<tbody>\n<tr>\n<td><strong>Feedback von Teilnehmern:<\/strong><\/p>\n<p><em>\u201dIch habe dieses Programm geliebt! Ich war die ganze Woche \u00fcber so inspiriert und reflektiert. Es hat nicht nur meine Art zu lehren gepr\u00e4gt, sondern hat auch mich als Person ver\u00e4ndert.&#8220;<br \/>\n<\/em><\/p>\n<p style=\"text-align: right;\"><em>(Michelle K., 2019)\u00a0<\/em><\/p>\n<p style=\"text-align: left;\"><em>\u201eDer Besuch des ehemaligen SA-Gef\u00e4ngnisses und das Gespr\u00e4ch mit Frau Niemann \u00fcber die Nachforschungen zu ihrem Vater waren unglaublich bewegend. Die Ansichten einer Person die ihr Leben lang get\u00e4uscht wurde ist sehr besonders und ihre Pers\u00f6nlichkeit und ihr Willen diese Erfahrungen zu teilen hinterlie\u00dfen einen bleibenden Eindruck bei mir.\u201c<\/em><\/p>\n<p style=\"text-align: right;\"><em>\u00a0\u00a0\u00a0\u00a0\u00a0\u00a0\u00a0\u00a0\u00a0\u00a0\u00a0\u00a0\u00a0\u00a0\u00a0\u00a0\u00a0\u00a0 (Grant K., 2015)<\/em><\/p>\n<\/td>\n<\/tr>\n<\/tbody>\n<\/table>\n","protected":false},"excerpt":{"rendered":"<p>Aufgrund von Corona konnte dieses sehr erfolgreiche Programm 2020 bis 2022 leider nicht durchgef\u00fchrt werden. 2023 soll es wieder stattfinden. Dieses Fortbildungsprogramm f\u00fcr Lehrer*innen aus Los Angeles und Umgebung wird <a class=\"more-link\" href=\"https:\/\/www.cc-stiftung.de\/index.php\/berlin-sommerprogramm\/\">Weiterlesen \u2192<\/a><\/p>\n","protected":false},"author":1,"featured_media":0,"parent":0,"menu_order":0,"comment_status":"closed","ping_status":"closed","template":"","meta":{"footnotes":""},"class_list":["post-797","page","type-page","status-publish","hentry"],"_links":{"self":[{"href":"https:\/\/www.cc-stiftung.de\/index.php\/wp-json\/wp\/v2\/pages\/797","targetHints":{"allow":["GET"]}}],"collection":[{"href":"https:\/\/www.cc-stiftung.de\/index.php\/wp-json\/wp\/v2\/pages"}],"about":[{"href":"https:\/\/www.cc-stiftung.de\/index.php\/wp-json\/wp\/v2\/types\/page"}],"author":[{"embeddable":true,"href":"https:\/\/www.cc-stiftung.de\/index.php\/wp-json\/wp\/v2\/users\/1"}],"replies":[{"embeddable":true,"href":"https:\/\/www.cc-stiftung.de\/index.php\/wp-json\/wp\/v2\/comments?post=797"}],"version-history":[{"count":31,"href":"https:\/\/www.cc-stiftung.de\/index.php\/wp-json\/wp\/v2\/pages\/797\/revisions"}],"predecessor-version":[{"id":5163,"href":"https:\/\/www.cc-stiftung.de\/index.php\/wp-json\/wp\/v2\/pages\/797\/revisions\/5163"}],"wp:attachment":[{"href":"https:\/\/www.cc-stiftung.de\/index.php\/wp-json\/wp\/v2\/media?parent=797"}],"curies":[{"name":"wp","href":"https:\/\/api.w.org\/{rel}","templated":true}]}}