{"id":998,"date":"2016-08-24T13:18:43","date_gmt":"2016-08-24T11:18:43","guid":{"rendered":"http:\/\/wordpress.cc-stiftung.de\/?page_id=998"},"modified":"2023-06-05T09:11:06","modified_gmt":"2023-06-05T07:11:06","slug":"formulare","status":"publish","type":"page","link":"https:\/\/www.cc-stiftung.de\/index.php\/formulare\/","title":{"rendered":"Formulare"},"content":{"rendered":"<p>Hier bieten wir Ihnen eine Auflistung aller deutschsprachigen Formulare und Vorlagen, die auf unserer Webseite verf\u00fcgbar sind.<\/p>\n<p><strong>Projektf\u00f6rderung<\/strong><\/p>\n<p><a href=\"https:\/\/www.cc-stiftung.de\/wordpress\/wp-content\/uploads\/2016\/08\/antrag_ccs_de.pdf\">F\u00f6rderantrag f\u00fcr Projekte (Deutsch &#8211; PDF)<\/a><\/p>\n<p><a href=\"https:\/\/www.cc-stiftung.de\/wordpress\/wp-content\/uploads\/2016\/08\/antrag_ccs_de-1.doc\">F\u00f6rderantrag f\u00fcr Projekte (Deutsch &#8211; .DOC)<\/a><\/p>\n<p><a href=\"https:\/\/www.cc-stiftung.de\/wordpress\/wp-content\/uploads\/2016\/08\/abrechungshinweise-de.pdf\">Hinweise f\u00fcr Projektabrechnungen<\/a><\/p>\n<p><a href=\"https:\/\/www.cc-stiftung.de\/wordpress\/wp-content\/uploads\/2016\/08\/abrechnung_de.xls\">Excel-Vorlage f\u00fcr Projektabrechnungen<\/a><\/p>\n<p>&nbsp;<\/p>\n<p><strong>Lehrkr\u00e4fteentsendeprogramm in die USA (alle Bundesl\u00e4nder, alle Schularten)<br \/>\n<\/strong><\/p>\n<p>&nbsp;<\/p>\n<p>&nbsp;<\/p>\n<p><strong>Gastfamilie werden<\/strong><\/p>\n<p><a href=\"https:\/\/www.cc-stiftung.de\/wordpress\/wp-content\/uploads\/2016\/10\/Gastfamilienfragebogen.pdf\">Anmeldeformular (PDF-Format)<\/a><\/p>\n<p><a href=\"https:\/\/www.cc-stiftung.de\/wordpress\/wp-content\/uploads\/2016\/10\/Gastfamilienfragebogen.docx\">Anmeldeformular (.DOCX Format)<\/a><\/p>\n<p>&nbsp;<\/p>\n<p><strong>Schulpartnerschaften<\/strong><\/p>\n<p><a href=\"https:\/\/www.cc-stiftung.de\/wordpress\/wp-content\/uploads\/2016\/08\/Schulpartnerschaft-Fragebogen-deutsch.doc\">Anmeldeformular f\u00fcr eine Schulpartnerschaft (Deutsch)<\/a><\/p>\n<p>&nbsp;<\/p>\n","protected":false},"excerpt":{"rendered":"<p>Hier bieten wir Ihnen eine Auflistung aller deutschsprachigen Formulare und Vorlagen, die auf unserer Webseite verf\u00fcgbar sind. Projektf\u00f6rderung F\u00f6rderantrag f\u00fcr Projekte (Deutsch &#8211; PDF) F\u00f6rderantrag f\u00fcr Projekte (Deutsch &#8211; .DOC) <a class=\"more-link\" href=\"https:\/\/www.cc-stiftung.de\/index.php\/formulare\/\">Weiterlesen \u2192<\/a><\/p>\n","protected":false},"author":1,"featured_media":0,"parent":0,"menu_order":0,"comment_status":"closed","ping_status":"closed","template":"","meta":{"footnotes":""},"class_list":["post-998","page","type-page","status-publish","hentry"],"_links":{"self":[{"href":"https:\/\/www.cc-stiftung.de\/index.php\/wp-json\/wp\/v2\/pages\/998","targetHints":{"allow":["GET"]}}],"collection":[{"href":"https:\/\/www.cc-stiftung.de\/index.php\/wp-json\/wp\/v2\/pages"}],"about":[{"href":"https:\/\/www.cc-stiftung.de\/index.php\/wp-json\/wp\/v2\/types\/page"}],"author":[{"embeddable":true,"href":"https:\/\/www.cc-stiftung.de\/index.php\/wp-json\/wp\/v2\/users\/1"}],"replies":[{"embeddable":true,"href":"https:\/\/www.cc-stiftung.de\/index.php\/wp-json\/wp\/v2\/comments?post=998"}],"version-history":[{"count":42,"href":"https:\/\/www.cc-stiftung.de\/index.php\/wp-json\/wp\/v2\/pages\/998\/revisions"}],"predecessor-version":[{"id":5443,"href":"https:\/\/www.cc-stiftung.de\/index.php\/wp-json\/wp\/v2\/pages\/998\/revisions\/5443"}],"wp:attachment":[{"href":"https:\/\/www.cc-stiftung.de\/index.php\/wp-json\/wp\/v2\/media?parent=998"}],"curies":[{"name":"wp","href":"https:\/\/api.w.org\/{rel}","templated":true}]}}